{"id":83941,"date":"2025-06-09T12:10:20","date_gmt":"2025-06-09T12:10:20","guid":{"rendered":"https:\/\/brandss.com.py\/index\/?post_type=product&#038;p=83941"},"modified":"2025-09-25T13:43:38","modified_gmt":"2025-09-25T13:43:38","slug":"mascara-capilar-victoria-anna-moroccan-argan-oil-50ml","status":"publish","type":"product","link":"https:\/\/brandss.com.py\/index\/producto\/mascara-capilar-victoria-anna-moroccan-argan-oil-50ml\/","title":{"rendered":"M\u00c1SCARA CAPILAR VICTORIA ANNA MOROCCAN ARGAN OIL 50ML"},"content":{"rendered":"<p><img loading=\"lazy\" decoding=\"async\" class=\"\" src=\"https:\/\/encrypted-tbn0.gstatic.com\/images?q=tbn:ANd9GcQ3OEjJ7to23tZxE-9UGTCEHZBYeycoTBGF9A&amp;s\" alt=\"Victoria ANNA\" width=\"101\" height=\"101\" \/><\/p>\n<h1>MOROCCAN ARGAN OIL<\/h1>\n<p class=\"title\">Mascarilla m\u00e1gica para cabello da\u00f1ado con col\u00e1geno, hidrataci\u00f3n profunda, brillo nutritivo y suavizante.\u00a0Mascarilla capilar reparadora instant\u00e1nea con aceite de arg\u00e1n marroqu\u00ed. Deja el cabello voluminoso y esponjoso, mejora la picaz\u00f3n del cuero cabelludo, fortalece y previene la rotura del cabello, repara el da\u00f1o.<\/p>\n<p id=\"content-section-1\">Nombre del producto: Mascarilla capilar reparadora instant\u00e1nea con aceite de arg\u00e1n marroqu\u00ed<\/p>\n<p id=\"content-section-2\">Eficacia: voluminosidad y esponjosidad.<\/p>\n<p>Fragancia: marroqu\u00ed.<\/p>\n<p>Categor\u00eda: Mascarilla capilar especial para reparar te\u00f1idos y permanentes.<\/p>\n<p>Tipo de cabello aplicable: especial para te\u00f1ir, permanente y reparar.<\/p>\n","protected":false},"excerpt":{"rendered":"<p>MOROCCAN ARGAN OIL Mascarilla m\u00e1gica para cabello da\u00f1ado con col\u00e1geno, hidrataci\u00f3n profunda, brillo nutritivo y suavizante.\u00a0Mascarilla capilar reparadora instant\u00e1nea con<\/p>\n","protected":false},"featured_media":83942,"comment_status":"open","ping_status":"closed","template":"","meta":{"nf_dc_page":""},"product_brand":[480],"product_cat":[85],"product_tag":[486],"class_list":{"0":"post-83941","1":"product","2":"type-product","3":"status-publish","4":"has-post-thumbnail","6":"product_brand-victoria-anna","7":"product_cat-cosmeticos","8":"product_tag-486","10":"first","11":"instock","12":"shipping-taxable","13":"purchasable","14":"product-type-simple"},"_links":{"self":[{"href":"https:\/\/brandss.com.py\/index\/wp-json\/wp\/v2\/product\/83941","targetHints":{"allow":["GET"]}}],"collection":[{"href":"https:\/\/brandss.com.py\/index\/wp-json\/wp\/v2\/product"}],"about":[{"href":"https:\/\/brandss.com.py\/index\/wp-json\/wp\/v2\/types\/product"}],"replies":[{"embeddable":true,"href":"https:\/\/brandss.com.py\/index\/wp-json\/wp\/v2\/comments?post=83941"}],"version-history":[{"count":1,"href":"https:\/\/brandss.com.py\/index\/wp-json\/wp\/v2\/product\/83941\/revisions"}],"predecessor-version":[{"id":83943,"href":"https:\/\/brandss.com.py\/index\/wp-json\/wp\/v2\/product\/83941\/revisions\/83943"}],"wp:featuredmedia":[{"embeddable":true,"href":"https:\/\/brandss.com.py\/index\/wp-json\/wp\/v2\/media\/83942"}],"wp:attachment":[{"href":"https:\/\/brandss.com.py\/index\/wp-json\/wp\/v2\/media?parent=83941"}],"wp:term":[{"taxonomy":"product_brand","embeddable":true,"href":"https:\/\/brandss.com.py\/index\/wp-json\/wp\/v2\/product_brand?post=83941"},{"taxonomy":"product_cat","embeddable":true,"href":"https:\/\/brandss.com.py\/index\/wp-json\/wp\/v2\/product_cat?post=83941"},{"taxonomy":"product_tag","embeddable":true,"href":"https:\/\/brandss.com.py\/index\/wp-json\/wp\/v2\/product_tag?post=83941"}],"curies":[{"name":"wp","href":"https:\/\/api.w.org\/{rel}","templated":true}]}}