{"id":84018,"date":"2025-06-10T13:13:57","date_gmt":"2025-06-10T13:13:57","guid":{"rendered":"https:\/\/brandss.com.py\/index\/?post_type=product&#038;p=84018"},"modified":"2025-09-25T13:51:48","modified_gmt":"2025-09-25T13:51:48","slug":"corrector-tto-facial-la-roche-posay-effaclar-duom-40ml","status":"publish","type":"product","link":"https:\/\/brandss.com.py\/index\/producto\/corrector-tto-facial-la-roche-posay-effaclar-duom-40ml\/","title":{"rendered":"CORRECTOR TTO FACIAL LA ROCHE POSAY EFFACLAR DUO+M 40ML"},"content":{"rendered":"<p><img loading=\"lazy\" decoding=\"async\" class=\"\" src=\"https:\/\/1000marcas.net\/wp-content\/uploads\/2021\/05\/La-Roche-Posay-Logo.png\" alt=\"La Roche Posay Logo - s\u00edmbolo, significado logotipo, historia, PNG\" width=\"123\" height=\"69\" \/><\/p>\n<h1>EFFACLAR DUO+M<\/h1>\n<p>Tratamiento corrector de imperfecciones severas y marcas con tecnolog\u00eda XL PROTECT contra los rayos UVA y UVB. Protege de las agresiones externas para reducir las imperfecciones y mejorar la correcci\u00f3n de marcas. Effaclar Duo+M, el tratamiento anti-imperfecciones m\u00e1s vendido y prescrito por dermat\u00f3logos, ahora con resultados visibles a partir de 8 horas*. La Roche Posay Effaclar Duo+M 40ml es un cuidado corrector triple anti-imperfecciones para pieles grasas con tendencia acneica, potenciado con la ciencia del microbioma. Su f\u00f3rmula \u00fanica combina ingredientes de \u00faltima generaci\u00f3n para atacar las imperfecciones desde la ra\u00edz, reducir las marcas y unificar el tono de la piel.<\/p>\n<ul class=\"pdf__recommenations--content_list\">\n<li class=\"recommenations-list__item\">\n<div>Ahora resultados visibles en 8 horas*. Corrige puntos negros e imperfecciones, marcas de acn\u00e9. Anti-reaparici\u00f3n**.<\/div>\n<\/li>\n<li class=\"recommenations-list__item\">\n<div>Formulado espec\u00edficamente para pieles grasas con tendencia acneica en adultos y adolescentes a partir de 10 a\u00f1os.<\/div>\n<\/li>\n<li class=\"recommenations-list__item\">\n<div>Cl\u00ednicamente testado en todos los tonos de piel: Fototipos del 1 al 6. Incluso en imperfecciones severas.<\/div>\n<\/li>\n<li class=\"recommenations-list__item\">\n<div>Hipoalerg\u00e9nico. No comedog\u00e9nico. Testado dermatol\u00f3gicamente. Apto para pieles sensibles. Testado en m\u00e1s de 17000 sujetos.<\/div>\n<\/li>\n<\/ul>\n<h6>Beneficios<\/h6>\n<p>Las imperfecciones se reducen significativamente. Los poros se desobstruyen, la textura de la piel se suaviza, los brillos se reducen. Testado en ambientes con picos de contaminaci\u00f3n<\/p>\n<h6 class=\"grid-col\"><span class=\"proven-head\">ANTI-IMPERFECCIONES<\/span><\/h6>\n<p class=\"grid-col\">El nuevo ingrediente activo Phylobioma, potenciado por la ciencia del microbioma, act\u00faa sobre el filotipo IA1 para reducir las imperfecciones. Reduce el biofilm, la sobreproducci\u00f3n de sebo, la inflamaci\u00f3n y la hiperqueratinizaci\u00f3n. Eficacia visible a partir de 8 horas* y anti-reaparici\u00f3n**. Testado en todos los tonos de piel, incluso en casos severos.<\/p>\n<h6 class=\"grid-col\"><span class=\"proven-head\">ANTI-MARCAS DE ACN\u00c9 E HIPERPIGMENTACI\u00d3N POST-INFLAMATORIA<\/span><\/h6>\n<div class=\"grid-col\">\n<p class=\"proven-desc\">Difumina las marcas persistentes y unifica el tono de la piel.<\/p>\n<\/div>\n<h6 class=\"grid-col\"><span class=\"proven-head\">24 HORAS DE HIDRATACI\u00d3N<\/span><\/h6>\n<div class=\"grid-col\">\n<p class=\"proven-desc\">Bien tolerado en terapia coadyuvante. Acci\u00f3n hidratante y calmante. Apto para su uso junto con per\u00f3xido de benzoilo y otros tratamientos farmacol\u00f3gicos anti-acn\u00e9 recetados por un profesional de salud.<\/p>\n<\/div>\n<h2 id=\"cmo-aplicar-el-producto\" class=\"how-to-apply-title heading--anchor\"><strong>C\u00d3MO APLICAR EL PRODUCTO<\/strong><\/h2>\n<div class=\"how-to-apply-container\">\n<div class=\"how-to-apply-container-visual\">\n<div class=\"visual-wrapper\"><img decoding=\"async\" class=\"imageclass alignleft\" src=\"https:\/\/www.laroche-posay.com.mx\/-\/media\/project\/loreal\/brand-sites\/lrp\/america\/latam\/lrp-model-visuals\/pdp-v2\/generic\/lrp-pdp-v2-how-to-apply-rightsend-14-01-2024.jpg\" alt=\"\" \/><\/div>\n<\/div>\n<div class=\"how-to-apply-container-label\">\n<ul>\n<li><img decoding=\"async\" src=\"https:\/\/www.laroche-posay.com.mx\/-\/media\/project\/loreal\/brand-sites\/lrp\/shared\/baseline\/products\/hta_quantity_icon.svg\" alt=\"\" \/>\n<div class=\"label-wrapper\">\n<div class=\"label-wrapper-name\">CANTIDAD: Tomar una peque\u00f1a cantidad de crema.<\/div>\n<\/div>\n<\/li>\n<li><img decoding=\"async\" src=\"https:\/\/www.laroche-posay.com.mx\/-\/media\/project\/loreal\/brand-sites\/lrp\/shared\/baseline\/products\/hta_time_icon.svg\" alt=\"\" \/>\n<div class=\"label-wrapper\">\n<div class=\"label-wrapper-name\">CU\u00c1NDO: Aplicar en todo el rostro por la ma\u00f1ana y\/o por la noche despu\u00e9s de limpiar la piel con Effaclar Gel Limpiador.<\/div>\n<\/div>\n<\/li>\n<li><img decoding=\"async\" src=\"https:\/\/www.laroche-posay.com.mx\/-\/media\/project\/loreal\/brand-sites\/lrp\/shared\/baseline\/products\/hta_area_icon.svg\" alt=\"\" \/>\n<div class=\"label-wrapper\">\n<div class=\"label-wrapper-name\">D\u00d3NDE: Rostro.<\/div>\n<\/div>\n<\/li>\n<li><img decoding=\"async\" src=\"https:\/\/www.laroche-posay.com.mx\/-\/media\/project\/loreal\/brand-sites\/lrp\/shared\/baseline\/products\/hta_tips_icon.svg\" alt=\"\" \/>\n<div class=\"label-wrapper\">\n<div class=\"label-wrapper-name\">TIPS DE APLICACI\u00d3N:\u00a0 Despu\u00e9s de limpiar todo el cuerpo.<\/div>\n<\/div>\n<\/li>\n<\/ul>\n<\/div>\n<\/div>\n<p>&nbsp;<\/p>\n<p>&nbsp;<\/p>\n<p>Aplicar en todo el rostro por la ma\u00f1ana, despu\u00e9s de limpiar la piel con el Gel Mousse Effaclar. Evitar el contorno de los ojos.<\/p>\n<p>Precauci\u00f3n: Este no es un producto de protecci\u00f3n solar. Para una exposici\u00f3n prolongada o intensa, aplica generosamente un fotoprotector y reaplica frecuentemente.<\/p>\n<h6>Composici\u00f3n<\/h6>\n<div class=\"ingredient-header\">EFFACLAR DUO+M<br \/>\n<strong>DENTRO DEL PRODUCTO<\/strong><\/div>\n<ul class=\"ingredients-list\">\n<li class=\"ingredients-list__item\">\n<div class=\"ingredients-card\">\n<div class=\"ingredients-card__content\">\n<div class=\"ingredients-card__img-wrapper\">\n<div class=\"ingredients-card__caption\">PHYLOBIOMA<\/div>\n<p><img loading=\"lazy\" decoding=\"async\" class=\"ingredients-card__img\" src=\"https:\/\/www.laroche-posay.com.mx\/-\/media\/project\/loreal\/brand-sites\/lrp\/america\/latam\/ingredients\/pdp\/phylobioma-active-ingredient.png\" alt=\"\" width=\"360\" height=\"360\" \/><\/div>\n<div class=\"ingredients-card__description\">Se focaliza en la sobreproducci\u00f3n de sebo y reduce el crecimiento de la bacteria C.Acnes IA1, calmando y corrigiendo las imperfecciones. Gracias a la ciencia del microbioma se ha demostrado cl\u00ednicamente que reduce el biofilm, la inflamaci\u00f3n y la hiperqueratinizaci\u00f3n.<\/div>\n<\/div>\n<\/div>\n<\/li>\n<li class=\"ingredients-list__item\">\n<div class=\"ingredients-card\">\n<div class=\"ingredients-card__content\">\n<div class=\"ingredients-card__img-wrapper\">\n<div class=\"ingredients-card__caption\"><strong>PROCERAD TM<\/strong><\/div>\n<p><img loading=\"lazy\" decoding=\"async\" class=\"ingredients-card__img\" src=\"https:\/\/www.laroche-posay.com.mx\/-\/media\/project\/loreal\/brand-sites\/lrp\/america\/latam\/ingredients\/pdp\/lrp-productpage-ingredient-pure-vitamin-c.jpg\" alt=\"Pure vitamin C\" width=\"360\" height=\"360\" \/><\/div>\n<div class=\"ingredients-card__description\">La ceramida antimanchas, exclusiva y patentada, que ayuda a proteger contra la aparici\u00f3n de marcas rosas\/marrones.<\/div>\n<\/div>\n<\/div>\n<\/li>\n<li class=\"ingredients-list__item\">\n<div class=\"ingredients-card\">\n<div class=\"ingredients-card__content\">\n<div class=\"ingredients-card__img-wrapper\">\n<div class=\"ingredients-card__caption\"><strong>10% NIACINAMIDA<\/strong><\/div>\n<p><img loading=\"lazy\" decoding=\"async\" class=\"ingredients-card__img\" src=\"https:\/\/www.laroche-posay.com.mx\/-\/media\/project\/loreal\/brand-sites\/lrp\/america\/latam\/ingredients\/pdp\/lrp-productpage-ingredient-pure-niacinamide.jpg\" alt=\"Pure niacinamide ingredient\" width=\"360\" height=\"360\" \/><\/div>\n<div class=\"ingredients-card__description\">Ayuda a difuminar la apariencia de las manchas oscuras y la pigmentaci\u00f3n.<\/div>\n<\/div>\n<\/div>\n<\/li>\n<\/ul>\n","protected":false},"excerpt":{"rendered":"<p>EFFACLAR DUO+M Tratamiento corrector de imperfecciones severas y marcas con tecnolog\u00eda XL PROTECT contra los rayos UVA y UVB. Protege<\/p>\n","protected":false},"featured_media":84019,"comment_status":"open","ping_status":"closed","template":"","meta":{"nf_dc_page":""},"product_brand":[494],"product_cat":[104],"product_tag":[496],"class_list":{"0":"post-84018","1":"product","2":"type-product","3":"status-publish","4":"has-post-thumbnail","6":"product_brand-la-roche-posay","7":"product_cat-skin-care","8":"product_tag-496","10":"first","11":"instock","12":"shipping-taxable","13":"purchasable","14":"product-type-simple"},"_links":{"self":[{"href":"https:\/\/brandss.com.py\/index\/wp-json\/wp\/v2\/product\/84018","targetHints":{"allow":["GET"]}}],"collection":[{"href":"https:\/\/brandss.com.py\/index\/wp-json\/wp\/v2\/product"}],"about":[{"href":"https:\/\/brandss.com.py\/index\/wp-json\/wp\/v2\/types\/product"}],"replies":[{"embeddable":true,"href":"https:\/\/brandss.com.py\/index\/wp-json\/wp\/v2\/comments?post=84018"}],"version-history":[{"count":1,"href":"https:\/\/brandss.com.py\/index\/wp-json\/wp\/v2\/product\/84018\/revisions"}],"predecessor-version":[{"id":84032,"href":"https:\/\/brandss.com.py\/index\/wp-json\/wp\/v2\/product\/84018\/revisions\/84032"}],"wp:featuredmedia":[{"embeddable":true,"href":"https:\/\/brandss.com.py\/index\/wp-json\/wp\/v2\/media\/84019"}],"wp:attachment":[{"href":"https:\/\/brandss.com.py\/index\/wp-json\/wp\/v2\/media?parent=84018"}],"wp:term":[{"taxonomy":"product_brand","embeddable":true,"href":"https:\/\/brandss.com.py\/index\/wp-json\/wp\/v2\/product_brand?post=84018"},{"taxonomy":"product_cat","embeddable":true,"href":"https:\/\/brandss.com.py\/index\/wp-json\/wp\/v2\/product_cat?post=84018"},{"taxonomy":"product_tag","embeddable":true,"href":"https:\/\/brandss.com.py\/index\/wp-json\/wp\/v2\/product_tag?post=84018"}],"curies":[{"name":"wp","href":"https:\/\/api.w.org\/{rel}","templated":true}]}}