{"id":84189,"date":"2025-06-13T14:34:15","date_gmt":"2025-06-13T14:34:15","guid":{"rendered":"https:\/\/brandss.com.py\/index\/?post_type=product&#038;p=84189"},"modified":"2026-02-27T16:33:38","modified_gmt":"2026-02-27T16:33:38","slug":"shampoo-capilar-honey-deep-moist-step-1-0-440ml","status":"publish","type":"product","link":"https:\/\/brandss.com.py\/index\/producto\/shampoo-capilar-honey-deep-moist-step-1-0-440ml\/","title":{"rendered":"SHAMPOO CAPILAR &amp;HONEY DEEP MOIST STEP 1.0 440ML"},"content":{"rendered":"<p><img loading=\"lazy\" decoding=\"async\" class=\"\" src=\"https:\/\/api.watsons.com.my\/medias\/-honey-logo-530px-w-x350px-h-.png?context=bWFzdGVyfGltYWdlc3wzMjU1MnxpbWFnZS9wbmd8YURBNUwyZzVNaTh4TlRBek9USXdPVGsyTXpVMU1DOG1hRzl1WlhrZ2JHOW5ieTAxTXpCd2VDaDNLWGd6TlRCd2VDaG9LUzV3Ym1jfGJkZWFiOTc3MjVhZTZhZTc4YzljNmU3YzE5ZGVhNWRiMjFmOGM0YjhjZTY0ZDhlZjM5YTYzYzRhYjNjM2Q0YzU\" alt=\"&amp;HONEY\" width=\"84\" height=\"56\" \/><\/p>\n<h1>DEEP MOIST STEP 1.0<\/h1>\n<p><span>El Champ\u00fa Hidratante &amp;honey Deep Moist 1.0 es un champ\u00fa hidratante con aroma a miel de peon\u00eda. Este champ\u00fa est\u00e1 formulado con karit\u00e9 y miel para retener la hidrataci\u00f3n durante el lavado. Su exclusiva proporci\u00f3n de miel deja el cabello hidratado y brillante.\u00a0<\/span><\/p>\n<p><span>M\u00e1s del 90 % del producto final est\u00e1 compuesto por ingredientes hidratantes y protectores (sin incluir el material base, como el agua). Elaborado con aceite org\u00e1nico 100 % marroqu\u00ed (aceite de semilla de Argania spinosa, para hidratar). Este champ\u00fa utiliza extracto de peon\u00eda b\u00falgara para su fragancia y efectos hidratantes. Sin aditivos, sin receta m\u00e9dica. No probado en animales.<\/span><\/p>\n<div class=\"mb3\">\n<div class=\"dangerous-html mb3\"><span>Con aroma a miel y peon\u00eda, este champ\u00fa de hidrataci\u00f3n profunda es perfecto para quienes desean hidratar y suavizar su cabello.<\/span><\/p>\n<p><span>El champ\u00fa &amp;honey Deep Moisture est\u00e1 formulado con una mezcla org\u00e1nica \u00fanica de 50 % de miel de manuka, 30 % de miel de acacia y 20 % de miel cruda. Adem\u00e1s, contiene 100 % de aceite de arg\u00e1n marroqu\u00ed, otra propiedad altamente hidratante.<\/span><\/p>\n<p><span>Con el concepto de &#8220;Cuidado de Belleza Org\u00e1nico Hidratante&#8221;, &amp;honey rehidratar\u00e1 e hidratar\u00e1 tu cabello con su f\u00f3rmula premium de miel org\u00e1nica y aceite de arg\u00e1n marroqu\u00ed.<\/span><\/p>\n<p><strong><span>Caracter\u00edsticas:<\/span><\/strong><br \/>\n<span>La espuma natural de karit\u00e9 y miel elimina las impurezas sin eliminar la humedad del cabello.<\/span><br \/>\n<span>Contiene tres tipos de miel utilizados exclusivamente para la serie &amp;honey Silky.<\/span><br \/>\n<span>M\u00e1s del 90 % de sus ingredientes son esencias hidratantes.<\/span><br \/>\n<span>No contiene sulfatos, aceites minerales ni parabenos, y su producci\u00f3n es sin crueldad animal.<\/span><br \/>\n<span>Los usuarios pueden esperar una hidrataci\u00f3n profunda en su cabello con un acabado sedoso y suave.<\/span><br \/>\n<span>Posee un agradable aroma a miel con un toque de bergamota italiana.<\/span><\/div>\n<\/div>\n<div class=\"mb3\">\n<div class=\"dangerous-html mb3\"><\/div>\n<\/div>\n<p><strong><span>C\u00f3mo utilizar\u00a0<\/span><br \/>\n<\/strong><\/p>\n<div class=\"product__accordion-block\" data-block-name=\"b-instructions-b\">\n<div id=\"accordion-panel-3\" class=\"accordion__panel show-panel\" role=\"region\" aria-labelledby=\"accordion-trigger-3\">\n<div class=\"accordion__body rte\">\n<p><span>En la ducha, moja bien tu cabello y cuero cabelludo y aplica una cantidad generosa de champ\u00fa en tu cabello.<\/span><\/p>\n<p><span>Masajea suavemente el champ\u00fa por todo el cabello y el cuero cabelludo, dejando que el producto forme espuma y limpie completamente el cabello. Repite este proceso dos veces.<\/span><\/p>\n<p><span>Aseg\u00farate de enjuagar completamente el champ\u00fa despu\u00e9s de terminar de lavarte el cabello.<\/span><\/p>\n<\/div>\n<\/div>\n<\/div>\n","protected":false},"excerpt":{"rendered":"<p>DEEP MOIST STEP 1.0 El Champ\u00fa Hidratante &amp;honey Deep Moist 1.0 es un champ\u00fa hidratante con aroma a miel de<\/p>\n","protected":false},"featured_media":84190,"comment_status":"open","ping_status":"closed","template":"","meta":{"nf_dc_page":""},"product_brand":[500],"product_cat":[85],"product_tag":[501],"class_list":{"0":"post-84189","1":"product","2":"type-product","3":"status-publish","4":"has-post-thumbnail","6":"product_brand-honey","7":"product_cat-cosmeticos","8":"product_tag-501","10":"first","11":"outofstock","12":"shipping-taxable","13":"purchasable","14":"product-type-simple"},"_links":{"self":[{"href":"https:\/\/brandss.com.py\/index\/wp-json\/wp\/v2\/product\/84189","targetHints":{"allow":["GET"]}}],"collection":[{"href":"https:\/\/brandss.com.py\/index\/wp-json\/wp\/v2\/product"}],"about":[{"href":"https:\/\/brandss.com.py\/index\/wp-json\/wp\/v2\/types\/product"}],"replies":[{"embeddable":true,"href":"https:\/\/brandss.com.py\/index\/wp-json\/wp\/v2\/comments?post=84189"}],"version-history":[{"count":1,"href":"https:\/\/brandss.com.py\/index\/wp-json\/wp\/v2\/product\/84189\/revisions"}],"predecessor-version":[{"id":84195,"href":"https:\/\/brandss.com.py\/index\/wp-json\/wp\/v2\/product\/84189\/revisions\/84195"}],"wp:featuredmedia":[{"embeddable":true,"href":"https:\/\/brandss.com.py\/index\/wp-json\/wp\/v2\/media\/84190"}],"wp:attachment":[{"href":"https:\/\/brandss.com.py\/index\/wp-json\/wp\/v2\/media?parent=84189"}],"wp:term":[{"taxonomy":"product_brand","embeddable":true,"href":"https:\/\/brandss.com.py\/index\/wp-json\/wp\/v2\/product_brand?post=84189"},{"taxonomy":"product_cat","embeddable":true,"href":"https:\/\/brandss.com.py\/index\/wp-json\/wp\/v2\/product_cat?post=84189"},{"taxonomy":"product_tag","embeddable":true,"href":"https:\/\/brandss.com.py\/index\/wp-json\/wp\/v2\/product_tag?post=84189"}],"curies":[{"name":"wp","href":"https:\/\/api.w.org\/{rel}","templated":true}]}}