{"id":84196,"date":"2025-06-13T14:47:15","date_gmt":"2025-06-13T14:47:15","guid":{"rendered":"https:\/\/brandss.com.py\/index\/?post_type=product&#038;p=84196"},"modified":"2026-02-27T16:34:23","modified_gmt":"2026-02-27T16:34:23","slug":"tratamiento-capilar-honey-deep-moist-step-2-0-440ml","status":"publish","type":"product","link":"https:\/\/brandss.com.py\/index\/producto\/tratamiento-capilar-honey-deep-moist-step-2-0-440ml\/","title":{"rendered":"TRATAMIENTO CAPILAR &amp;HONEY DEEP MOIST STEP 2.0 440ML"},"content":{"rendered":"<p><img loading=\"lazy\" decoding=\"async\" class=\"\" src=\"https:\/\/api.watsons.com.my\/medias\/-honey-logo-530px-w-x350px-h-.png?context=bWFzdGVyfGltYWdlc3wzMjU1MnxpbWFnZS9wbmd8YURBNUwyZzVNaTh4TlRBek9USXdPVGsyTXpVMU1DOG1hRzl1WlhrZ2JHOW5ieTAxTXpCd2VDaDNLWGd6TlRCd2VDaG9LUzV3Ym1jfGJkZWFiOTc3MjVhZTZhZTc4YzljNmU3YzE5ZGVhNWRiMjFmOGM0YjhjZTY0ZDhlZjM5YTYzYzRhYjNjM2Q0YzU\" alt=\"&amp;HONEY\" width=\"74\" height=\"49\" \/><\/p>\n<h1>DEEP MOIST STEP 2.0<\/h1>\n<p><span>El Tratamiento Capilar Hidratante &amp;honey Deep Moist 2.0 es un tratamiento capilar hidratante con aroma a miel y lavanda. M\u00e1s del 90 % del producto final est\u00e1 compuesto por ingredientes hidratantes y protectores (sin incluir el material base, como el agua), como miel (para hidratar), aceite org\u00e1nico (aceite de semilla de Argania spinosa, para hidratar) y jalea real (extracto de jalea real, para hidratar), que proporcionan una hidrataci\u00f3n fresca desde el n\u00facleo del cabello. Elaborado con aceite org\u00e1nico 100 % marroqu\u00ed (aceite de semilla de Argania spinosa, para hidratar). <\/span><span>F\u00f3rmula sin aditivos (sulfatos, lauril \u00e9ter sulfato de sodio, etc., aceite mineral, parabenos, PG, colorantes sint\u00e9ticos). Libre de pruebas en animales.<\/span><\/p>\n<div class=\"mb3\">\n<div class=\"dangerous-html mb3\"><span>Este tratamiento org\u00e1nico de hidrataci\u00f3n profunda con aroma a lavanda y miel ha sido formulado para ayudar a retener la hidrataci\u00f3n en el cabello.<\/span><\/p>\n<p><span>La miel org\u00e1nica de alta calidad y los ingredientes naturales de este tratamiento capilar hidratar\u00e1n profundamente tu cabello, dej\u00e1ndolo sedoso y suave.<\/span><\/p>\n<p><strong><span>Caracter\u00edsticas:<\/span><\/strong><\/div>\n<div class=\"dangerous-html mb3\">\n<span>Este acondicionador capilar incluye una exclusiva mezcla org\u00e1nica de mieles de alta calidad, incluyendo 50% miel de manuka, 30% miel de acacia y 20% miel cruda japonesa.<\/span><br \/>\n<span>Proporciona un cuidado intensivo para revitalizar el cabello y devolverle un estado de hidrataci\u00f3n \u00f3ptimo.<\/span><br \/>\n<span>M\u00e1s del 90% de los ingredientes son componentes hidratantes naturales.<\/span><br \/>\n<span>No contiene sulfatos, aceites minerales ni parabenos, y es un producto libre de crueldad animal.<\/span><br \/>\n<span>Tiene el lujoso aroma a miel y un delicado aroma floral a lavanda francesa.<\/span><\/div>\n<\/div>\n<div class=\"mb3\">\n<div class=\"dangerous-html mb3\"><\/div>\n<\/div>\n<p><strong><span>C\u00f3mo utilizar\u00a0<\/span><br \/>\n<\/strong><\/p>\n<div class=\"product__accordion-block\" data-block-name=\"b-instructions-b\">\n<div id=\"accordion-panel-3\" class=\"accordion__panel show-panel\" role=\"region\" aria-labelledby=\"accordion-trigger-3\">\n<div class=\"accordion__body rte\">\n<p><span>Despu\u00e9s del champ\u00fa, aplique una cantidad generosa de este producto en las puntas, evitando tocar el cuero cabelludo.<\/span><\/p>\n<p><span>Deje actuar el producto de 3 a 5 minutos para que el tratamiento se absorba.<\/span><\/p>\n<p><span>Enjuague bien despu\u00e9s de usar.<\/span><\/p>\n<p><span>Para obtener mejores resultados, use el champ\u00fa Deep Moisture antes de usar este producto.<\/span><\/p>\n<\/div>\n<\/div>\n<\/div>\n","protected":false},"excerpt":{"rendered":"<p>DEEP MOIST STEP 2.0 El Tratamiento Capilar Hidratante &amp;honey Deep Moist 2.0 es un tratamiento capilar hidratante con aroma a<\/p>\n","protected":false},"featured_media":84197,"comment_status":"open","ping_status":"closed","template":"","meta":{"nf_dc_page":""},"product_brand":[500],"product_cat":[85],"product_tag":[502],"class_list":{"0":"post-84196","1":"product","2":"type-product","3":"status-publish","4":"has-post-thumbnail","6":"product_brand-honey","7":"product_cat-cosmeticos","8":"product_tag-502","10":"first","11":"outofstock","12":"shipping-taxable","13":"purchasable","14":"product-type-simple"},"_links":{"self":[{"href":"https:\/\/brandss.com.py\/index\/wp-json\/wp\/v2\/product\/84196","targetHints":{"allow":["GET"]}}],"collection":[{"href":"https:\/\/brandss.com.py\/index\/wp-json\/wp\/v2\/product"}],"about":[{"href":"https:\/\/brandss.com.py\/index\/wp-json\/wp\/v2\/types\/product"}],"replies":[{"embeddable":true,"href":"https:\/\/brandss.com.py\/index\/wp-json\/wp\/v2\/comments?post=84196"}],"version-history":[{"count":1,"href":"https:\/\/brandss.com.py\/index\/wp-json\/wp\/v2\/product\/84196\/revisions"}],"predecessor-version":[{"id":84201,"href":"https:\/\/brandss.com.py\/index\/wp-json\/wp\/v2\/product\/84196\/revisions\/84201"}],"wp:featuredmedia":[{"embeddable":true,"href":"https:\/\/brandss.com.py\/index\/wp-json\/wp\/v2\/media\/84197"}],"wp:attachment":[{"href":"https:\/\/brandss.com.py\/index\/wp-json\/wp\/v2\/media?parent=84196"}],"wp:term":[{"taxonomy":"product_brand","embeddable":true,"href":"https:\/\/brandss.com.py\/index\/wp-json\/wp\/v2\/product_brand?post=84196"},{"taxonomy":"product_cat","embeddable":true,"href":"https:\/\/brandss.com.py\/index\/wp-json\/wp\/v2\/product_cat?post=84196"},{"taxonomy":"product_tag","embeddable":true,"href":"https:\/\/brandss.com.py\/index\/wp-json\/wp\/v2\/product_tag?post=84196"}],"curies":[{"name":"wp","href":"https:\/\/api.w.org\/{rel}","templated":true}]}}