{"id":84202,"date":"2025-06-13T17:25:05","date_gmt":"2025-06-13T17:25:05","guid":{"rendered":"https:\/\/brandss.com.py\/index\/?post_type=product&#038;p=84202"},"modified":"2025-06-13T17:26:09","modified_gmt":"2025-06-13T17:26:09","slug":"cepillo-de-dientes-ccokio-japones-cabeza-ancha","status":"publish","type":"product","link":"https:\/\/brandss.com.py\/index\/producto\/cepillo-de-dientes-ccokio-japones-cabeza-ancha\/","title":{"rendered":"CEPILLO DE DIENTES CCOKIO JAPONES CABEZA ANCHA"},"content":{"rendered":"<p><img loading=\"lazy\" decoding=\"async\" class=\"\" src=\"https:\/\/www.ciie.org\/hall\/exhibition-hall\/exhibitor\/2023\/06\/25\/1b012749b16f4f3190b3a0a45ac6b85b.jpg\" alt=\"\u7f51\u4e0a\u5c55\u5385\" width=\"82\" height=\"80\" \/><\/p>\n<p>Cepillo de dientes japon\u00e9s CCOKIO de cabeza ancha con 65 agujeros y cerdas suaves para adultos.<\/p>\n<div class=\"WaaZC\">\n<div class=\"RJPOee EIJn2\">\n<div class=\"rPeykc\" data-hveid=\"CCYQAQ\" data-ved=\"2ahUKEwjArpS88-6NAxXCLLkGHVQoGg8Qo_EKegQIJhAB\"><span data-huuid=\"11662438873101572759\">Es un cepillo de dientes de la marca japonesa CCOKIO, dise\u00f1ado con 22 manojos de cerdas suaves y un cabezal ancho. Este tipo de cepillo est\u00e1 pensado para ofrecer una limpieza profunda y suave, ideal para personas con enc\u00edas sensibles o que prefieren una experiencia de cepillado menos abrasiva.\u00a0<\/span><mark class=\"QVRyCf\"><\/mark><\/div>\n<div data-hveid=\"CCYQAQ\" data-ved=\"2ahUKEwjArpS88-6NAxXCLLkGHVQoGg8Qo_EKegQIJhAB\"><\/div>\n<\/div>\n<\/div>\n<div class=\"WaaZC\">\n<div class=\"RJPOee EIJn2\">\n<div class=\"rPeykc uP58nb\" data-hveid=\"CAIQAQ\" data-ved=\"2ahUKEwjArpS88-6NAxXCLLkGHVQoGg8Qo_EKegQIAhAB\"><span data-huuid=\"11662438873101573978\"><span role=\"heading\">Las caracter\u00edsticas principales de este cepillo son:<\/span><\/span><\/div>\n<\/div>\n<\/div>\n<div class=\"WaaZC\">\n<div class=\"RJPOee EIJn2\">\n<ul data-hveid=\"CCcQAQ\" data-ved=\"2ahUKEwjArpS88-6NAxXCLLkGHVQoGg8Qm_YKegQIJxAB\">\n<li><span data-huuid=\"11662438873101571101\"><strong>Cerdas suaves:<\/strong>\u00a0<\/span><span data-huuid=\"11662438873101570142\">Protegen el esmalte y las enc\u00edas de posibles da\u00f1os durante el cepillado.<span class=\"pjBG2e\" data-cid=\"5fe029d6-a2ef-49e4-b2c0-672937431e63\"><span class=\"UV3uM\">\u00a0<\/span><\/span><\/span>\n<div class=\"NPrrbc\" data-cid=\"5fe029d6-a2ef-49e4-b2c0-672937431e63\" data-uuids=\"11662438873101571101,11662438873101570142\">\n<div class=\"BMebGe btku5b fCrZyc LwdV0e FR7ZSc OJeuxf\" role=\"button\" aria-label=\"Ver v\u00ednculos relacionados\" data-hveid=\"CBYQAQ\" data-ved=\"2ahUKEwjArpS88-6NAxXCLLkGHVQoGg8Q3fYKegQIFhAB\">\n<div class=\"niO4u\">\n<div class=\"kHtcsd\"><\/div>\n<\/div>\n<\/div>\n<\/div>\n<\/li>\n<li><span data-huuid=\"11662438873101572320\"><strong>Cabezal ancho:<\/strong>\u00a0<\/span><span data-huuid=\"11662438873101571361\">Permite cubrir una mayor superficie dental, facilitando una limpieza m\u00e1s eficiente y r\u00e1pida.<span class=\"pjBG2e\" data-cid=\"01421f6f-ee05-47e8-b6e5-b407aca5bf27\"><span class=\"UV3uM\">\u00a0<\/span><\/span><\/span>\n<div class=\"NPrrbc\" data-cid=\"01421f6f-ee05-47e8-b6e5-b407aca5bf27\" data-uuids=\"11662438873101572320,11662438873101571361\">\n<div class=\"BMebGe btku5b fCrZyc LwdV0e FR7ZSc OJeuxf\" role=\"button\" aria-label=\"Ver v\u00ednculos relacionados\" data-hveid=\"CCEQAQ\" data-ved=\"2ahUKEwjArpS88-6NAxXCLLkGHVQoGg8Q3fYKegQIIRAB\">\n<div class=\"niO4u\">\n<div class=\"kHtcsd\"><\/div>\n<\/div>\n<\/div>\n<\/div>\n<\/li>\n<li><span data-huuid=\"11662438873101573539\"><strong>Alta densidad de cerdas:<\/strong>\u00a0<\/span><span data-huuid=\"11662438873101572580\">Los 22 manojos de cerdas ayudan a remover la placa y los residuos de comida de manera efectiva.<span class=\"pjBG2e\" data-cid=\"e25846dd-74f7-4b26-8c51-20e5783f0fc7\"><span class=\"UV3uM\">\u00a0<\/span><\/span><\/span>\n<div class=\"NPrrbc\" data-cid=\"e25846dd-74f7-4b26-8c51-20e5783f0fc7\" data-uuids=\"11662438873101573539,11662438873101572580\">\n<div class=\"BMebGe btku5b fCrZyc LwdV0e FR7ZSc OJeuxf\" role=\"button\" aria-label=\"Ver v\u00ednculos relacionados\" data-hveid=\"CCMQAQ\" data-ved=\"2ahUKEwjArpS88-6NAxXCLLkGHVQoGg8Q3fYKegQIIxAB\">\n<div class=\"niO4u\">\n<div class=\"kHtcsd\"><\/div>\n<\/div>\n<\/div>\n<\/div>\n<\/li>\n<li><span data-huuid=\"11662438873101570662\"><strong>Dise\u00f1o ergon\u00f3mico:<\/strong>\u00a0<\/span><span data-huuid=\"11662438873101573799\">Facilita el agarre y el manejo del cepillo.<span class=\"pjBG2e\" data-cid=\"7ac36b45-4a4c-44f0-a9f0-1868e14e0e33\"><span class=\"UV3uM\">\u00a0<\/span><\/span><\/span>\n<div class=\"NPrrbc\" data-cid=\"7ac36b45-4a4c-44f0-a9f0-1868e14e0e33\" data-uuids=\"11662438873101570662,11662438873101573799\">\n<div class=\"BMebGe btku5b fCrZyc LwdV0e FR7ZSc OJeuxf\" role=\"button\" aria-label=\"Ver v\u00ednculos relacionados\" data-hveid=\"CCAQAQ\" data-ved=\"2ahUKEwjArpS88-6NAxXCLLkGHVQoGg8Q3fYKegQIIBAB\">\n<div class=\"niO4u\">\n<div class=\"kHtcsd\"><\/div>\n<\/div>\n<\/div>\n<\/div>\n<\/li>\n<\/ul>\n<\/div>\n<\/div>\n<div class=\"WaaZC\">\n<div class=\"RJPOee EIJn2\">\n<div class=\"rPeykc\" data-hveid=\"CBUQAQ\" data-ved=\"2ahUKEwjArpS88-6NAxXCLLkGHVQoGg8Qo_EKegQIFRAB\"><span data-huuid=\"11662438873101571881\">Este tipo de cepillo es recomendado por profesionales de la salud dental para la mayor\u00eda de las personas, ya que proporciona una limpieza eficaz sin causar irritaci\u00f3n o da\u00f1o en las enc\u00edas.\u00a0<\/span><span data-huuid=\"11662438873101570922\">Adem\u00e1s, es una buena opci\u00f3n para quienes buscan una alternativa a los cepillos de cerdas duras o medianas.<span class=\"pjBG2e\" data-cid=\"e0eb0b5c-1685-4b87-9ddc-db98986ac541\"><span class=\"UV3uM\">\u00a0<\/span><\/span><\/span><\/div>\n<\/div>\n<\/div>\n","protected":false},"excerpt":{"rendered":"<p>Cepillo de dientes japon\u00e9s CCOKIO de cabeza ancha con 65 agujeros y cerdas suaves para adultos. Es un cepillo de<\/p>\n","protected":false},"featured_media":84203,"comment_status":"open","ping_status":"closed","template":"","meta":{"nf_dc_page":""},"product_brand":[],"product_cat":[94],"product_tag":[],"class_list":{"0":"post-84202","1":"product","2":"type-product","3":"status-publish","4":"has-post-thumbnail","6":"product_cat-higiene-personal","8":"first","9":"instock","10":"shipping-taxable","11":"purchasable","12":"product-type-simple"},"_links":{"self":[{"href":"https:\/\/brandss.com.py\/index\/wp-json\/wp\/v2\/product\/84202","targetHints":{"allow":["GET"]}}],"collection":[{"href":"https:\/\/brandss.com.py\/index\/wp-json\/wp\/v2\/product"}],"about":[{"href":"https:\/\/brandss.com.py\/index\/wp-json\/wp\/v2\/types\/product"}],"replies":[{"embeddable":true,"href":"https:\/\/brandss.com.py\/index\/wp-json\/wp\/v2\/comments?post=84202"}],"version-history":[{"count":1,"href":"https:\/\/brandss.com.py\/index\/wp-json\/wp\/v2\/product\/84202\/revisions"}],"predecessor-version":[{"id":84213,"href":"https:\/\/brandss.com.py\/index\/wp-json\/wp\/v2\/product\/84202\/revisions\/84213"}],"wp:featuredmedia":[{"embeddable":true,"href":"https:\/\/brandss.com.py\/index\/wp-json\/wp\/v2\/media\/84203"}],"wp:attachment":[{"href":"https:\/\/brandss.com.py\/index\/wp-json\/wp\/v2\/media?parent=84202"}],"wp:term":[{"taxonomy":"product_brand","embeddable":true,"href":"https:\/\/brandss.com.py\/index\/wp-json\/wp\/v2\/product_brand?post=84202"},{"taxonomy":"product_cat","embeddable":true,"href":"https:\/\/brandss.com.py\/index\/wp-json\/wp\/v2\/product_cat?post=84202"},{"taxonomy":"product_tag","embeddable":true,"href":"https:\/\/brandss.com.py\/index\/wp-json\/wp\/v2\/product_tag?post=84202"}],"curies":[{"name":"wp","href":"https:\/\/api.w.org\/{rel}","templated":true}]}}