{"id":84214,"date":"2025-06-13T18:03:06","date_gmt":"2025-06-13T18:03:06","guid":{"rendered":"https:\/\/brandss.com.py\/index\/?post_type=product&#038;p=84214"},"modified":"2025-09-25T13:59:23","modified_gmt":"2025-09-25T13:59:23","slug":"set-capilar-keratine-queen-collagen-vc-shampoo-acondicionador-800ml","status":"publish","type":"product","link":"https:\/\/brandss.com.py\/index\/producto\/set-capilar-keratine-queen-collagen-vc-shampoo-acondicionador-800ml\/","title":{"rendered":"SET CAPILAR KERATINE QUEEN COLLAGEN + VC SHAMPOO + ACONDICIONADOR 800ML"},"content":{"rendered":"<p><img loading=\"lazy\" decoding=\"async\" class=\"\" src=\"https:\/\/encrypted-tbn0.gstatic.com\/images?q=tbn:ANd9GcQS562fLa_Zci313Mpn59wIPtTWqbh3Zg1E2g&amp;s\" alt=\"Keratine Queen Cambodia\" width=\"106\" height=\"106\" \/><\/p>\n<h1>COLLAGEN + VC<\/h1>\n<div class=\"WaaZC\">\n<div class=\"RJPOee EIJn2\">\n<div class=\"rPeykc\" data-hveid=\"CDgQAQ\" data-ved=\"2ahUKEwj08PDM-O6NAxWbRLgEHZCAPDAQo_EKegQIOBAB\"><span data-huuid=\"7031622616164897350\">Estos productos est\u00e1n formulados con col\u00e1geno, vitamina C y otros ingredientes nutritivos que ayudan a fortalecer el cabello, reducir el frizz y aumentar el brillo.\u00a0<\/span><span data-huuid=\"7031622616164900665\">Tambi\u00e9n se pueden utilizar para mantener la salud del cuero cabelludo y prevenir la caspa.<span class=\"pjBG2e\" data-cid=\"4f5643e1-0330-4c65-b036-b9ab967982d4\"><span class=\"UV3uM\">\u00a0<\/span><\/span><\/span><\/p>\n<div class=\"NPrrbc\" data-cid=\"4f5643e1-0330-4c65-b036-b9ab967982d4\" data-uuids=\"7031622616164897350,7031622616164900665\">\n<div class=\"BMebGe btku5b fCrZyc LwdV0e FR7ZSc OJeuxf\" role=\"button\" aria-label=\"Ver v\u00ednculos relacionados\" data-hveid=\"CC8QAQ\" data-ved=\"2ahUKEwj08PDM-O6NAxWbRLgEHZCAPDAQ3fYKegQILxAB\">\n<div class=\"niO4u\">\n<div class=\"kHtcsd\"><\/div>\n<\/div>\n<\/div>\n<\/div>\n<\/div>\n<div data-hveid=\"CDgQAQ\" data-ved=\"2ahUKEwj08PDM-O6NAxWbRLgEHZCAPDAQo_EKegQIOBAB\"><strong>Shampoo:<\/strong> Puede reparar el cabello y evitar su rotura. El col\u00e1geno puede hidratar el cuero cabelludo, aumentar la elasticidad del cabello, reducir la ca\u00edda del cabello y proporcionar los suplementos nutricionales m\u00e1s fundamentales para el cabello, dej\u00e1ndolo brillante y suave.<br class=\"html-br\" \/><br class=\"html-br\" \/><strong>Acondicionador:<\/strong> Contiene una variedad de ingredientes hidratantes para el cuidado del cabello, como vitamina C, B5 y B6, para prevenir la ca\u00edda del cabello y mantener la apariencia original del color, reparar las puntas abiertas y secas, el frizz inc\u00f3modo y mejorar el brillo y la dureza del cabello.<\/div>\n<div data-hveid=\"CDgQAQ\" data-ved=\"2ahUKEwj08PDM-O6NAxWbRLgEHZCAPDAQo_EKegQIOBAB\"><\/div>\n<\/div>\n<\/div>\n<div class=\"WaaZC\">\n<div class=\"RJPOee EIJn2\">\n<div class=\"rPeykc pyPiTc\" data-hveid=\"CEMQAQ\" data-ved=\"2ahUKEwj08PDM-O6NAxWbRLgEHZCAPDAQo_EKegQIQxAB\"><strong>Beneficios del uso de productos de queratina:<\/strong><\/div>\n<\/div>\n<\/div>\n<div class=\"WaaZC\">\n<div class=\"RJPOee EIJn2\">\n<ul data-hveid=\"CEIQAQ\" data-ved=\"2ahUKEwj08PDM-O6NAxWbRLgEHZCAPDAQm_YKegQIQhAB\">\n<li class=\"K3KsMc\">\n<div class=\"zMgcWd dSKvsb\" data-il=\"\">\n<div data-crb-p=\"\">\n<div class=\"xFTqob\">\n<div class=\"Gur8Ad\"><span data-huuid=\"7031622616164900856\"><strong>Repara el cabello da\u00f1ado:<\/strong><\/span><\/div>\n<div class=\"vM0jzc\"><span data-huuid=\"7031622616164900075\">La queratina es una prote\u00edna que se encuentra de forma natural en el cabello, y los productos de queratina ayudan a reponer esta prote\u00edna, reparando el cabello da\u00f1ado por tratamientos qu\u00edmicos, el calor o el medio ambiente.<span class=\"pjBG2e\" data-cid=\"30e3f3e6-a4a6-4d5f-be17-109ab36f4670\"><span class=\"UV3uM\">\u00a0<\/span><\/span><\/span><\/p>\n<div class=\"NPrrbc\" data-cid=\"30e3f3e6-a4a6-4d5f-be17-109ab36f4670\" data-uuids=\"7031622616164900856,7031622616164900075\">\n<div class=\"BMebGe btku5b fCrZyc LwdV0e FR7ZSc OJeuxf\" role=\"button\" aria-label=\"Ver v\u00ednculos relacionados\" data-hveid=\"CDkQAQ\" data-ved=\"2ahUKEwj08PDM-O6NAxWbRLgEHZCAPDAQ3fYKegQIORAB\">\n<div class=\"niO4u\">\n<div class=\"kHtcsd\"><\/div>\n<\/div>\n<\/div>\n<\/div>\n<\/div>\n<\/div>\n<\/div>\n<\/div>\n<\/li>\n<li class=\"K3KsMc\">\n<div class=\"zMgcWd dSKvsb\" data-il=\"\">\n<div data-crb-p=\"\">\n<div class=\"xFTqob\">\n<div class=\"Gur8Ad\"><span data-huuid=\"7031622616164898513\"><strong>Reduce el frizz:<\/strong><\/span><\/div>\n<div class=\"vM0jzc\"><span data-huuid=\"7031622616164897732\">Los productos de queratina ayudan a sellar la cut\u00edcula del cabello, lo que reduce el frizz y el encrespamiento.<span class=\"pjBG2e\" data-cid=\"56a0a020-c20d-483b-b37e-ec98e8f72c41\"><span class=\"UV3uM\">\u00a0<\/span><\/span><\/span><\/p>\n<div class=\"NPrrbc\" data-cid=\"56a0a020-c20d-483b-b37e-ec98e8f72c41\" data-uuids=\"7031622616164898513,7031622616164897732\">\n<div class=\"BMebGe btku5b fCrZyc LwdV0e FR7ZSc OJeuxf\" role=\"button\" aria-label=\"Ver v\u00ednculos relacionados\" data-hveid=\"CDEQAQ\" data-ved=\"2ahUKEwj08PDM-O6NAxWbRLgEHZCAPDAQ3fYKegQIMRAB\">\n<div class=\"niO4u\">\n<div class=\"kHtcsd\"><\/div>\n<\/div>\n<\/div>\n<\/div>\n<\/div>\n<\/div>\n<\/div>\n<\/div>\n<\/li>\n<li class=\"K3KsMc\">\n<div class=\"zMgcWd dSKvsb\" data-il=\"\">\n<div data-crb-p=\"\">\n<div class=\"xFTqob\">\n<div class=\"Gur8Ad\"><span data-huuid=\"7031622616164900266\"><strong>Aumenta el brillo:<\/strong><\/span><\/div>\n<div class=\"vM0jzc\"><span data-huuid=\"7031622616164899485\">Al sellar la cut\u00edcula y mejorar la textura del cabello, los productos de queratina ayudan a aumentar el brillo.<span class=\"pjBG2e\" data-cid=\"76c87d1f-f7c3-4a73-88ad-10dfb542f360\"><span class=\"UV3uM\">\u00a0<\/span><\/span><\/span><\/p>\n<div class=\"NPrrbc\" data-cid=\"76c87d1f-f7c3-4a73-88ad-10dfb542f360\" data-uuids=\"7031622616164900266,7031622616164899485\">\n<div class=\"BMebGe btku5b fCrZyc LwdV0e FR7ZSc OJeuxf\" role=\"button\" aria-label=\"Ver v\u00ednculos relacionados\" data-hveid=\"CC4QAQ\" data-ved=\"2ahUKEwj08PDM-O6NAxWbRLgEHZCAPDAQ3fYKegQILhAB\">\n<div class=\"niO4u\">\n<div class=\"kHtcsd\"><\/div>\n<\/div>\n<\/div>\n<\/div>\n<\/div>\n<\/div>\n<\/div>\n<\/div>\n<\/li>\n<li class=\"K3KsMc\">\n<div class=\"zMgcWd dSKvsb\" data-il=\"\">\n<div data-crb-p=\"\">\n<div class=\"xFTqob\">\n<div class=\"Gur8Ad\"><span data-huuid=\"7031622616164897923\"><strong>Promueve el crecimiento del cabello:<\/strong><\/span><\/div>\n<div class=\"vM0jzc\"><span data-huuid=\"7031622616164897142\">La queratina ayuda a estimular el crecimiento del cabello y fortalece los fol\u00edculos pilosos.<span class=\"pjBG2e\" data-cid=\"0e158d26-d8d5-47df-89db-5cc34cf946d6\"><span class=\"UV3uM\">\u00a0<\/span><\/span><\/span><\/p>\n<div class=\"NPrrbc\" data-cid=\"0e158d26-d8d5-47df-89db-5cc34cf946d6\" data-uuids=\"7031622616164897923,7031622616164897142\">\n<div class=\"BMebGe btku5b fCrZyc LwdV0e FR7ZSc OJeuxf\" role=\"button\" aria-label=\"Ver v\u00ednculos relacionados\" data-hveid=\"CC0QAQ\" data-ved=\"2ahUKEwj08PDM-O6NAxWbRLgEHZCAPDAQ3fYKegQILRAB\">\n<div class=\"niO4u\">\n<div class=\"kHtcsd\"><\/div>\n<\/div>\n<\/div>\n<\/div>\n<\/div>\n<\/div>\n<\/div>\n<\/div>\n<\/li>\n<li class=\"K3KsMc\">\n<div class=\"zMgcWd dSKvsb\" data-il=\"\">\n<div data-crb-p=\"\">\n<div class=\"xFTqob\">\n<div class=\"Gur8Ad\"><span data-huuid=\"7031622616164899676\"><strong>Hidrata el cabello:<\/strong><\/span><\/div>\n<div class=\"vM0jzc\"><span data-huuid=\"7031622616164898895\">Los productos de queratina ayudan a hidratar el cabello, dej\u00e1ndolo m\u00e1s suave y manejable.<span class=\"pjBG2e\" data-cid=\"018f1c16-b068-44bf-a07d-b32014818af7\"><span class=\"UV3uM\">\u00a0<\/span><\/span><\/span><\/p>\n<div class=\"NPrrbc\" data-cid=\"018f1c16-b068-44bf-a07d-b32014818af7\" data-uuids=\"7031622616164899676,7031622616164898895\">\n<div class=\"BMebGe btku5b fCrZyc LwdV0e FR7ZSc OJeuxf\" role=\"button\" aria-label=\"Ver v\u00ednculos relacionados\" data-hveid=\"CDIQAQ\" data-ved=\"2ahUKEwj08PDM-O6NAxWbRLgEHZCAPDAQ3fYKegQIMhAB\">\n<div class=\"niO4u\">\n<div class=\"kHtcsd\"><\/div>\n<\/div>\n<\/div>\n<\/div>\n<\/div>\n<\/div>\n<\/div>\n<\/div>\n<\/li>\n<\/ul>\n<\/div>\n<\/div>\n<div class=\"WaaZC\">\n<div class=\"RJPOee EIJn2\">\n<div class=\"rPeykc pyPiTc\" data-hveid=\"CAgQAQ\" data-ved=\"2ahUKEwj08PDM-O6NAxWbRLgEHZCAPDAQo_EKegQICBAB\"><strong>C\u00f3mo usar los productos de queratina:<\/strong><\/div>\n<\/div>\n<\/div>\n<div class=\"WaaZC\">\n<div class=\"RJPOee EIJn2\">\n<ol data-hveid=\"CBkQAQ\" data-ved=\"2ahUKEwj08PDM-O6NAxWbRLgEHZCAPDAQnPYKegQIGRAB\">\n<li value=\"1\"><span data-huuid=\"7031622616164899086\">Aplicar el champ\u00fa sobre el cabello mojado, masajear suavemente el cuero cabelludo y enjuagar bien.<\/span><\/li>\n<li value=\"2\"><span data-huuid=\"7031622616164897524\">Aplicar el acondicionador sobre el cabello h\u00famedo, dejar actuar durante unos minutos y enjuagar bien.<\/span><\/li>\n<li value=\"3\"><span data-huuid=\"7031622616164900058\">Aplicar la mascarilla sobre el cabello h\u00famedo, dejar actuar durante 10-15 minutos y enjuagar bien.<\/span><\/li>\n<\/ol>\n<\/div>\n<\/div>\n<div class=\"WaaZC\">\n<div class=\"RJPOee EIJn2\">\n<div class=\"rPeykc pyPiTc\" data-hveid=\"CAcQAQ\" data-ved=\"2ahUKEwj08PDM-O6NAxWbRLgEHZCAPDAQo_EKegQIBxAB\"><strong>Precauciones:<\/strong><\/div>\n<\/div>\n<\/div>\n<div class=\"WaaZC\">\n<div class=\"RJPOee EIJn2\">\n<ul data-hveid=\"CEEQAQ\" data-ved=\"2ahUKEwj08PDM-O6NAxWbRLgEHZCAPDAQm_YKegQIQRAB\">\n<li><span data-huuid=\"7031622616164900249\">Es importante utilizar los productos de queratina con moderaci\u00f3n, ya que el uso excesivo puede provocar una acumulaci\u00f3n de prote\u00ednas en el cabello, lo que puede hacer que se vea opaco y sin vida.\u00a0<\/span><span data-huuid=\"7031622616164899468\">Se recomienda usar el champ\u00fa de queratina una o dos veces por semana, dependiendo del tipo de cabello y las necesidades individuales.<span class=\"pjBG2e\" data-cid=\"e6f7a536-52f3-422f-a177-75db7a645537\"><span class=\"UV3uM\">\u00a0<\/span><\/span><\/span>\n<div class=\"NPrrbc\" data-cid=\"e6f7a536-52f3-422f-a177-75db7a645537\" data-uuids=\"7031622616164900249,7031622616164899468\">\n<div class=\"BMebGe btku5b fCrZyc LwdV0e FR7ZSc OJeuxf\" role=\"button\" aria-label=\"Ver v\u00ednculos relacionados\" data-hveid=\"CCsQAQ\" data-ved=\"2ahUKEwj08PDM-O6NAxWbRLgEHZCAPDAQ3fYKegQIKxAB\">\n<div class=\"niO4u\">\n<div class=\"kHtcsd\"><\/div>\n<\/div>\n<\/div>\n<\/div>\n<\/li>\n<li><span data-huuid=\"7031622616164897906\">Si se tiene alguna condici\u00f3n en el cuero cabelludo, como \u00falceras o heridas, se debe consultar con un m\u00e9dico antes de utilizar productos de queratina.<span class=\"pjBG2e\" data-cid=\"2d612ff3-a16d-438b-a4df-4940f8bd98fa\"><span class=\"UV3uM\">\u00a0<\/span><\/span><\/span>\n<div class=\"NPrrbc\" data-cid=\"2d612ff3-a16d-438b-a4df-4940f8bd98fa\" data-uuids=\"7031622616164897906\">\n<div class=\"BMebGe btku5b fCrZyc LwdV0e FR7ZSc OJeuxf\" role=\"button\" aria-label=\"Ver v\u00ednculos relacionados\" data-hveid=\"CDwQAQ\" data-ved=\"2ahUKEwj08PDM-O6NAxWbRLgEHZCAPDAQ3fYKegQIPBAB\">\n<div class=\"niO4u\">\n<div class=\"kHtcsd\"><\/div>\n<\/div>\n<\/div>\n<\/div>\n<\/li>\n<li><span data-huuid=\"7031622616164900440\">Si est\u00e1 embarazada o en per\u00edodo de lactancia, se recomienda consultar con un m\u00e9dico antes de utilizar productos de queratina.<span class=\"pjBG2e\" data-cid=\"d4f670fe-1901-4ad6-badd-e146a7a68aa3\"><span class=\"UV3uM\">\u00a0<\/span><\/span><\/span><\/li>\n<\/ul>\n<\/div>\n<\/div>\n","protected":false},"excerpt":{"rendered":"<p>COLLAGEN + VC Estos productos est\u00e1n formulados con col\u00e1geno, vitamina C y otros ingredientes nutritivos que ayudan a fortalecer el<\/p>\n","protected":false},"featured_media":84215,"comment_status":"open","ping_status":"closed","template":"","meta":{"nf_dc_page":""},"product_brand":[491],"product_cat":[85],"product_tag":[503],"class_list":{"0":"post-84214","1":"product","2":"type-product","3":"status-publish","4":"has-post-thumbnail","6":"product_brand-keratine-queen","7":"product_cat-cosmeticos","8":"product_tag-503","10":"first","11":"instock","12":"shipping-taxable","13":"purchasable","14":"product-type-simple"},"_links":{"self":[{"href":"https:\/\/brandss.com.py\/index\/wp-json\/wp\/v2\/product\/84214","targetHints":{"allow":["GET"]}}],"collection":[{"href":"https:\/\/brandss.com.py\/index\/wp-json\/wp\/v2\/product"}],"about":[{"href":"https:\/\/brandss.com.py\/index\/wp-json\/wp\/v2\/types\/product"}],"replies":[{"embeddable":true,"href":"https:\/\/brandss.com.py\/index\/wp-json\/wp\/v2\/comments?post=84214"}],"version-history":[{"count":1,"href":"https:\/\/brandss.com.py\/index\/wp-json\/wp\/v2\/product\/84214\/revisions"}],"predecessor-version":[{"id":84217,"href":"https:\/\/brandss.com.py\/index\/wp-json\/wp\/v2\/product\/84214\/revisions\/84217"}],"wp:featuredmedia":[{"embeddable":true,"href":"https:\/\/brandss.com.py\/index\/wp-json\/wp\/v2\/media\/84215"}],"wp:attachment":[{"href":"https:\/\/brandss.com.py\/index\/wp-json\/wp\/v2\/media?parent=84214"}],"wp:term":[{"taxonomy":"product_brand","embeddable":true,"href":"https:\/\/brandss.com.py\/index\/wp-json\/wp\/v2\/product_brand?post=84214"},{"taxonomy":"product_cat","embeddable":true,"href":"https:\/\/brandss.com.py\/index\/wp-json\/wp\/v2\/product_cat?post=84214"},{"taxonomy":"product_tag","embeddable":true,"href":"https:\/\/brandss.com.py\/index\/wp-json\/wp\/v2\/product_tag?post=84214"}],"curies":[{"name":"wp","href":"https:\/\/api.w.org\/{rel}","templated":true}]}}