{"id":84218,"date":"2025-06-13T18:12:52","date_gmt":"2025-06-13T18:12:52","guid":{"rendered":"https:\/\/brandss.com.py\/index\/?post_type=product&#038;p=84218"},"modified":"2025-09-25T14:09:21","modified_gmt":"2025-09-25T14:09:21","slug":"shampoo-capilar-keratine-queen-collagenvc-800ml","status":"publish","type":"product","link":"https:\/\/brandss.com.py\/index\/producto\/shampoo-capilar-keratine-queen-collagenvc-800ml\/","title":{"rendered":"SHAMPOO CAPILAR KERATINE QUEEN COLLAGEN+VC 800ML"},"content":{"rendered":"<p><img loading=\"lazy\" decoding=\"async\" class=\"\" src=\"https:\/\/encrypted-tbn0.gstatic.com\/images?q=tbn:ANd9GcQS562fLa_Zci313Mpn59wIPtTWqbh3Zg1E2g&amp;s\" alt=\"Keratine Queen Cambodia\" width=\"102\" height=\"102\" \/><\/p>\n<h1>COLLAGEN+VC<\/h1>\n<h1><span>El champ\u00fa Keratine Queen contiene col\u00e1geno y vitamina C.<\/span><\/h1>\n<p>El champ\u00fa Keratine Queen<span>\u00a0es una de las mejores opciones para fortalecer y reparar el cabello. Gracias a sus ingredientes naturales y profesionales, reconstruye el cabello da\u00f1ado y le da un brillo inigualable. Este\u00a0<\/span><span>champ\u00fa<\/span><span>, con su f\u00f3rmula especial con col\u00e1geno, vitamina C y aceite de arg\u00e1n, satisface todas las necesidades de tu cabello y garantiza la salud de tu cuero cabelludo.<\/span><\/p>\n<h2><strong><span>Caracter\u00edsticas del champ\u00fa Keratine Queen<\/span><\/strong><\/h2>\n<ol>\n<li><strong><span>Contiene col\u00e1geno y vitamina C:<\/span><\/strong><br \/>\n<span>El col\u00e1geno y la vitamina C de este champ\u00fa fortalecen la estructura del cabello desde la ra\u00edz y ayudan a nutrir el cabello profundamente.<\/span><\/li>\n<li><strong><span>Contiene 95% de aceite de arg\u00e1n marroqu\u00ed:<\/span><\/strong><br \/>\n<span>el aceite de arg\u00e1n puro deja el cabello suave y sedoso y previene la sequedad y la fragilidad.<\/span><\/li>\n<li><strong><span>Protecci\u00f3n UV:<\/span><\/strong><span>\u00a0protege el cabello de los da\u00f1os ambientales<\/span><br \/>\n<span>al resistir\u00a0<\/span><span>los da\u00f1inos rayos solares .<\/span><\/li>\n<li><strong><span>Reparador y nutriente del cabello:<\/span><\/strong><br \/>\n<span>la f\u00f3rmula profesional de 4D Pro Repair repara el cabello y lo deja suave y flexible.<\/span><\/li>\n<li><strong><span>Apto para todo tipo de cabello:<\/span><\/strong><br \/>\n<span>Este champ\u00fa es adecuado para cabello seco, graso, da\u00f1ado e incluso te\u00f1ido, y aumenta el brillo natural del cabello.<\/span><\/li>\n<li><strong><span>Volumen grande y econ\u00f3mico:<\/span><\/strong><br \/>\n<span>Con un volumen de 800 ml, este champ\u00fa es una opci\u00f3n econ\u00f3mica para el uso diario.<\/span><\/li>\n<\/ol>\n<h2><strong><span>Beneficios de usar el champ\u00fa Keratine Queen<\/span><\/strong><\/h2>\n<ul>\n<li><span>Reparar y reconstruir el cabello da\u00f1ado<\/span><\/li>\n<li><span>Fortalece las ra\u00edces y el tallo del cabello.<\/span><\/li>\n<li><span>Aumenta el brillo y la suavidad del cabello.<\/span><\/li>\n<li><span>Reduce el frizz y las puntas abiertas.<\/span><\/li>\n<li><span>Protecci\u00f3n contra los rayos da\u00f1inos del sol.<\/span><\/li>\n<\/ul>\n<h2><strong><span>M\u00e9todo de uso<\/span><\/strong><\/h2>\n<ol>\n<li><span>Aplicar una cantidad adecuada de champ\u00fa sobre el cabello mojado.<\/span><\/li>\n<li><span>Masajear suavemente para crear espuma y absorber los nutrientes en el cabello.<\/span><\/li>\n<li><span>Despu\u00e9s de 2-3 minutos, enjuague el cabello con agua tibia.<\/span><\/li>\n<li><span>Para obtener mejores resultados, puedes utilizar la mascarilla capilar Queen Keratin.<\/span><\/li>\n<\/ol>\n<h2><strong><span>\u00bfPor qu\u00e9 keratine Queen?<\/span><\/strong><\/h2>\n<p><span>Este champ\u00fa, con ingredientes completamente naturales y org\u00e1nicos, te ayuda a tener un cabello sano, fuerte y brillante. Si buscas un producto de calidad y eficaz que cuide tu cabello por completo, el champ\u00fa Keratin Queen es la mejor opci\u00f3n.<\/span><\/p>\n","protected":false},"excerpt":{"rendered":"<p>COLLAGEN+VC El champ\u00fa Keratine Queen contiene col\u00e1geno y vitamina C. El champ\u00fa Keratine Queen\u00a0es una de las mejores opciones para<\/p>\n","protected":false},"featured_media":84219,"comment_status":"open","ping_status":"closed","template":"","meta":{"nf_dc_page":""},"product_brand":[491],"product_cat":[85],"product_tag":[504],"class_list":{"0":"post-84218","1":"product","2":"type-product","3":"status-publish","4":"has-post-thumbnail","6":"product_brand-keratine-queen","7":"product_cat-cosmeticos","8":"product_tag-504","10":"first","11":"instock","12":"shipping-taxable","13":"purchasable","14":"product-type-simple"},"_links":{"self":[{"href":"https:\/\/brandss.com.py\/index\/wp-json\/wp\/v2\/product\/84218","targetHints":{"allow":["GET"]}}],"collection":[{"href":"https:\/\/brandss.com.py\/index\/wp-json\/wp\/v2\/product"}],"about":[{"href":"https:\/\/brandss.com.py\/index\/wp-json\/wp\/v2\/types\/product"}],"replies":[{"embeddable":true,"href":"https:\/\/brandss.com.py\/index\/wp-json\/wp\/v2\/comments?post=84218"}],"version-history":[{"count":1,"href":"https:\/\/brandss.com.py\/index\/wp-json\/wp\/v2\/product\/84218\/revisions"}],"predecessor-version":[{"id":84220,"href":"https:\/\/brandss.com.py\/index\/wp-json\/wp\/v2\/product\/84218\/revisions\/84220"}],"wp:featuredmedia":[{"embeddable":true,"href":"https:\/\/brandss.com.py\/index\/wp-json\/wp\/v2\/media\/84219"}],"wp:attachment":[{"href":"https:\/\/brandss.com.py\/index\/wp-json\/wp\/v2\/media?parent=84218"}],"wp:term":[{"taxonomy":"product_brand","embeddable":true,"href":"https:\/\/brandss.com.py\/index\/wp-json\/wp\/v2\/product_brand?post=84218"},{"taxonomy":"product_cat","embeddable":true,"href":"https:\/\/brandss.com.py\/index\/wp-json\/wp\/v2\/product_cat?post=84218"},{"taxonomy":"product_tag","embeddable":true,"href":"https:\/\/brandss.com.py\/index\/wp-json\/wp\/v2\/product_tag?post=84218"}],"curies":[{"name":"wp","href":"https:\/\/api.w.org\/{rel}","templated":true}]}}