{"id":84224,"date":"2025-06-13T18:39:58","date_gmt":"2025-06-13T18:39:58","guid":{"rendered":"https:\/\/brandss.com.py\/index\/?post_type=product&#038;p=84224"},"modified":"2025-09-25T14:11:34","modified_gmt":"2025-09-25T14:11:34","slug":"mascara-capilar-keratine-queen-collagenvc-1000ml","status":"publish","type":"product","link":"https:\/\/brandss.com.py\/index\/producto\/mascara-capilar-keratine-queen-collagenvc-1000ml\/","title":{"rendered":"M\u00c1SCARA CAPILAR KERATINE QUEEN COLLAGEN+VC 1000ML"},"content":{"rendered":"<p><img loading=\"lazy\" decoding=\"async\" class=\"\" src=\"https:\/\/encrypted-tbn0.gstatic.com\/images?q=tbn:ANd9GcQS562fLa_Zci313Mpn59wIPtTWqbh3Zg1E2g&amp;s\" alt=\"Keratine Queen Cambodia\" width=\"79\" height=\"79\" \/><\/p>\n<h1>COLLAGEN+VC<\/h1>\n<p data-start=\"0\" data-end=\"37\"><span class=\"relative -mx-px my-[-0.2rem] rounded px-px py-[0.2rem] transition-colors duration-100 ease-in-out\">Es un tratamiento intensivo pensado para cabello seco, da\u00f1ado o con frizz.<\/span><\/p>\n<h2 data-start=\"44\" data-end=\"76\">Principales caracter\u00edsticas<\/h2>\n<h3 data-start=\"78\" data-end=\"101\">F\u00f3rmula enriquecida<\/h3>\n<ul data-start=\"102\" data-end=\"259\">\n<li data-start=\"102\" data-end=\"180\">\n<p data-start=\"104\" data-end=\"180\"><span class=\"relative -mx-px my-[-0.2rem] rounded px-px py-[0.2rem] transition-colors duration-100 ease-in-out\">Contiene col\u00e1geno y vitamina C (adem\u00e1s de vitaminas D, E, B5 y B6) que ayudan a hidratar profundamente y mejorar la elasticidad capilar<\/span> .<\/p>\n<\/li>\n<li data-start=\"181\" data-end=\"259\">\n<p data-start=\"183\" data-end=\"259\"><span class=\"relative -mx-px my-[-0.2rem] rounded px-px py-[0.2rem] transition-colors duration-100 ease-in-out\">Enriquecida con minerales y prote\u00ednas (incluye keratina) para reparar da\u00f1os por calor, tintes y agentes ambientales<\/span> .<\/p>\n<\/li>\n<\/ul>\n<h3 data-start=\"261\" data-end=\"288\">Propiedades principales<\/h3>\n<ul data-start=\"289\" data-end=\"527\">\n<li data-start=\"289\" data-end=\"367\">\n<p data-start=\"291\" data-end=\"367\"><span class=\"relative -mx-px my-[-0.2rem] rounded px-px py-[0.2rem] transition-colors duration-100 ease-in-out\">Repara y nutre el cabello da\u00f1ado, reduciendo las puntas abiertas y la fragilidad<\/span> .<\/p>\n<\/li>\n<li data-start=\"368\" data-end=\"446\">\n<p data-start=\"370\" data-end=\"446\"><span class=\"relative -mx-px my-[-0.2rem] rounded px-px py-[0.2rem] transition-colors duration-100 ease-in-out\">Proporciona una hidrataci\u00f3n intensa y un efecto anti\u2011frizz, dej\u00e1ndolo m\u00e1s suave y manejable<\/span> .<\/p>\n<\/li>\n<li data-start=\"447\" data-end=\"527\">\n<p data-start=\"449\" data-end=\"527\"><span class=\"relative -mx-px my-[-0.2rem] rounded px-px py-[0.2rem] transition-colors duration-100 ease-in-out\">Ayuda a restructurar la fibra capilar, aportando brillo, fuerza y protecci\u00f3n frente a futuros da\u00f1os<\/span> .<\/p>\n<\/li>\n<\/ul>\n<h2 data-start=\"534\" data-end=\"560\">\u00a0Modo de uso sugerido<\/h2>\n<ol data-start=\"561\" data-end=\"725\">\n<li data-start=\"561\" data-end=\"631\">\n<p data-start=\"564\" data-end=\"631\">Aplicar despu\u00e9s del shampoo, preferentemente con el cabello h\u00famedo.<\/p>\n<\/li>\n<li data-start=\"632\" data-end=\"697\">\n<p data-start=\"635\" data-end=\"697\">Dejar actuar entre 2 y 5 minutos (seg\u00fan el nivel de da\u00f1o).<\/p>\n<\/li>\n<li data-start=\"698\" data-end=\"725\">\n<p data-start=\"701\" data-end=\"725\">Enjuagar cuidadosamente.<\/p>\n<\/li>\n<\/ol>\n<h2 data-start=\"732\" data-end=\"758\">Beneficios en resumen<\/h2>\n<ul data-start=\"759\" data-end=\"1016\">\n<li data-start=\"759\" data-end=\"806\">\n<p data-start=\"761\" data-end=\"806\">Hidrataci\u00f3n profunda y nutrici\u00f3n intensa.<\/p>\n<\/li>\n<li data-start=\"807\" data-end=\"855\">\n<p data-start=\"809\" data-end=\"855\">Objetivo anti\u2011frizz y mayor manejabilidad.<\/p>\n<\/li>\n<li data-start=\"856\" data-end=\"943\">\n<p data-start=\"858\" data-end=\"943\">Aporta elasticidad, fuerza y brillo, favoreciendo el aspecto general del cabello.<\/p>\n<\/li>\n<li data-start=\"944\" data-end=\"1016\">\n<p data-start=\"946\" data-end=\"1016\">Formato econ\u00f3mico de 1 000\u202fml, ideal para uso frecuente o salones.<\/p>\n<\/li>\n<\/ul>\n<p data-start=\"1023\" data-end=\"1269\">Con estos activos, la m\u00e1scara Keratin\u202fQueen es una opci\u00f3n s\u00f3lida si buscas recuperar la vitalidad de tu cabello sin recurrir a tratamientos qu\u00edmicos agresivos.<\/p>\n","protected":false},"excerpt":{"rendered":"<p>COLLAGEN+VC Es un tratamiento intensivo pensado para cabello seco, da\u00f1ado o con frizz. Principales caracter\u00edsticas F\u00f3rmula enriquecida Contiene col\u00e1geno y<\/p>\n","protected":false},"featured_media":84225,"comment_status":"open","ping_status":"closed","template":"","meta":{"nf_dc_page":""},"product_brand":[491],"product_cat":[85],"product_tag":[506],"class_list":{"0":"post-84224","1":"product","2":"type-product","3":"status-publish","4":"has-post-thumbnail","6":"product_brand-keratine-queen","7":"product_cat-cosmeticos","8":"product_tag-506","10":"first","11":"instock","12":"shipping-taxable","13":"purchasable","14":"product-type-simple"},"_links":{"self":[{"href":"https:\/\/brandss.com.py\/index\/wp-json\/wp\/v2\/product\/84224","targetHints":{"allow":["GET"]}}],"collection":[{"href":"https:\/\/brandss.com.py\/index\/wp-json\/wp\/v2\/product"}],"about":[{"href":"https:\/\/brandss.com.py\/index\/wp-json\/wp\/v2\/types\/product"}],"replies":[{"embeddable":true,"href":"https:\/\/brandss.com.py\/index\/wp-json\/wp\/v2\/comments?post=84224"}],"version-history":[{"count":1,"href":"https:\/\/brandss.com.py\/index\/wp-json\/wp\/v2\/product\/84224\/revisions"}],"predecessor-version":[{"id":84226,"href":"https:\/\/brandss.com.py\/index\/wp-json\/wp\/v2\/product\/84224\/revisions\/84226"}],"wp:featuredmedia":[{"embeddable":true,"href":"https:\/\/brandss.com.py\/index\/wp-json\/wp\/v2\/media\/84225"}],"wp:attachment":[{"href":"https:\/\/brandss.com.py\/index\/wp-json\/wp\/v2\/media?parent=84224"}],"wp:term":[{"taxonomy":"product_brand","embeddable":true,"href":"https:\/\/brandss.com.py\/index\/wp-json\/wp\/v2\/product_brand?post=84224"},{"taxonomy":"product_cat","embeddable":true,"href":"https:\/\/brandss.com.py\/index\/wp-json\/wp\/v2\/product_cat?post=84224"},{"taxonomy":"product_tag","embeddable":true,"href":"https:\/\/brandss.com.py\/index\/wp-json\/wp\/v2\/product_tag?post=84224"}],"curies":[{"name":"wp","href":"https:\/\/api.w.org\/{rel}","templated":true}]}}