{"id":84227,"date":"2025-06-14T11:33:08","date_gmt":"2025-06-14T11:33:08","guid":{"rendered":"https:\/\/brandss.com.py\/index\/?post_type=product&#038;p=84227"},"modified":"2025-09-25T14:12:58","modified_gmt":"2025-09-25T14:12:58","slug":"shampoo-capilar-keratine-queen-collagend-800ml","status":"publish","type":"product","link":"https:\/\/brandss.com.py\/index\/producto\/shampoo-capilar-keratine-queen-collagend-800ml\/","title":{"rendered":"SHAMPOO CAPILAR KERATINE QUEEN COLLAGEN+D 800ML"},"content":{"rendered":"<p><img loading=\"lazy\" decoding=\"async\" class=\"\" src=\"https:\/\/encrypted-tbn0.gstatic.com\/images?q=tbn:ANd9GcQS562fLa_Zci313Mpn59wIPtTWqbh3Zg1E2g&amp;s\" alt=\"Keratine Queen Cambodia\" width=\"90\" height=\"90\" \/><\/p>\n<h1>COLLAGEN+D<\/h1>\n<p>Keratine Queen s\u00faper collagen + D es un shampoo capilar de granada roja con vitamina D, f\u00f3rmulada con col\u00e1geno rico y vitaminas D, E, B5 y B6. El shampoo puede reparar el cabello y evitar su rotura, el col\u00e1geno puede hidratar el cuero cabelludo, aumentar la elasticidad del cabello, retrasar el envejecimiento capilar, reducir la ca\u00edda del cabello y proporcionar los suplementos nutricionales para el cabello, dej\u00e1ndolo brillante y suave.<\/p>\n","protected":false},"excerpt":{"rendered":"<p>COLLAGEN+D Keratine Queen s\u00faper collagen + D es un shampoo capilar de granada roja con vitamina D, f\u00f3rmulada con col\u00e1geno<\/p>\n","protected":false},"featured_media":84228,"comment_status":"open","ping_status":"closed","template":"","meta":{"nf_dc_page":""},"product_brand":[491],"product_cat":[85],"product_tag":[507],"class_list":{"0":"post-84227","1":"product","2":"type-product","3":"status-publish","4":"has-post-thumbnail","6":"product_brand-keratine-queen","7":"product_cat-cosmeticos","8":"product_tag-507","10":"first","11":"instock","12":"shipping-taxable","13":"purchasable","14":"product-type-simple"},"_links":{"self":[{"href":"https:\/\/brandss.com.py\/index\/wp-json\/wp\/v2\/product\/84227","targetHints":{"allow":["GET"]}}],"collection":[{"href":"https:\/\/brandss.com.py\/index\/wp-json\/wp\/v2\/product"}],"about":[{"href":"https:\/\/brandss.com.py\/index\/wp-json\/wp\/v2\/types\/product"}],"replies":[{"embeddable":true,"href":"https:\/\/brandss.com.py\/index\/wp-json\/wp\/v2\/comments?post=84227"}],"version-history":[{"count":1,"href":"https:\/\/brandss.com.py\/index\/wp-json\/wp\/v2\/product\/84227\/revisions"}],"predecessor-version":[{"id":84232,"href":"https:\/\/brandss.com.py\/index\/wp-json\/wp\/v2\/product\/84227\/revisions\/84232"}],"wp:featuredmedia":[{"embeddable":true,"href":"https:\/\/brandss.com.py\/index\/wp-json\/wp\/v2\/media\/84228"}],"wp:attachment":[{"href":"https:\/\/brandss.com.py\/index\/wp-json\/wp\/v2\/media?parent=84227"}],"wp:term":[{"taxonomy":"product_brand","embeddable":true,"href":"https:\/\/brandss.com.py\/index\/wp-json\/wp\/v2\/product_brand?post=84227"},{"taxonomy":"product_cat","embeddable":true,"href":"https:\/\/brandss.com.py\/index\/wp-json\/wp\/v2\/product_cat?post=84227"},{"taxonomy":"product_tag","embeddable":true,"href":"https:\/\/brandss.com.py\/index\/wp-json\/wp\/v2\/product_tag?post=84227"}],"curies":[{"name":"wp","href":"https:\/\/api.w.org\/{rel}","templated":true}]}}