{"id":84233,"date":"2025-06-14T11:48:52","date_gmt":"2025-06-14T11:48:52","guid":{"rendered":"https:\/\/brandss.com.py\/index\/?post_type=product&#038;p=84233"},"modified":"2025-09-25T14:15:37","modified_gmt":"2025-09-25T14:15:37","slug":"acondicionador-capilar-keratine-queen-collagend-800ml","status":"publish","type":"product","link":"https:\/\/brandss.com.py\/index\/producto\/acondicionador-capilar-keratine-queen-collagend-800ml\/","title":{"rendered":"ACONDICIONADOR CAPILAR KERATINE QUEEN COLLAGEN+D 800ML"},"content":{"rendered":"<p><img loading=\"lazy\" decoding=\"async\" class=\"\" src=\"https:\/\/encrypted-tbn0.gstatic.com\/images?q=tbn:ANd9GcQS562fLa_Zci313Mpn59wIPtTWqbh3Zg1E2g&amp;s\" alt=\"Keratine Queen Cambodia\" width=\"71\" height=\"71\" \/><\/p>\n<h1>COLLAGEN+D<\/h1>\n<p>Acondicionador capilar de granada roja con vitamina D, contiene una variedad de ingredientes hidratantes para el cuidado del cabello, como las vitaminas D, E, B5 y B6, para prevenir la ca\u00edda del cabello y mantener la apariencia original del color, reparar las puntas abiertas y secas, el frizz inc\u00f3modo y mejorar el brillo y la dureza del cabello, deja el cabello m\u00e1s suave y sedoso.<\/p>\n<p>Dale a tu cabello el mejor cuidado con una f\u00f3rmula fresca y \u00fanica procedente de frutas naturales, dise\u00f1ada para el cuidado diario del cabello. Apto para todo tipo de cabello.<\/p>\n","protected":false},"excerpt":{"rendered":"<p>COLLAGEN+D Acondicionador capilar de granada roja con vitamina D, contiene una variedad de ingredientes hidratantes para el cuidado del cabello,<\/p>\n","protected":false},"featured_media":84234,"comment_status":"open","ping_status":"closed","template":"","meta":{"nf_dc_page":""},"product_brand":[491],"product_cat":[85],"product_tag":[508],"class_list":{"0":"post-84233","1":"product","2":"type-product","3":"status-publish","4":"has-post-thumbnail","6":"product_brand-keratine-queen","7":"product_cat-cosmeticos","8":"product_tag-508","10":"first","11":"instock","12":"shipping-taxable","13":"purchasable","14":"product-type-simple"},"_links":{"self":[{"href":"https:\/\/brandss.com.py\/index\/wp-json\/wp\/v2\/product\/84233","targetHints":{"allow":["GET"]}}],"collection":[{"href":"https:\/\/brandss.com.py\/index\/wp-json\/wp\/v2\/product"}],"about":[{"href":"https:\/\/brandss.com.py\/index\/wp-json\/wp\/v2\/types\/product"}],"replies":[{"embeddable":true,"href":"https:\/\/brandss.com.py\/index\/wp-json\/wp\/v2\/comments?post=84233"}],"version-history":[{"count":1,"href":"https:\/\/brandss.com.py\/index\/wp-json\/wp\/v2\/product\/84233\/revisions"}],"predecessor-version":[{"id":84238,"href":"https:\/\/brandss.com.py\/index\/wp-json\/wp\/v2\/product\/84233\/revisions\/84238"}],"wp:featuredmedia":[{"embeddable":true,"href":"https:\/\/brandss.com.py\/index\/wp-json\/wp\/v2\/media\/84234"}],"wp:attachment":[{"href":"https:\/\/brandss.com.py\/index\/wp-json\/wp\/v2\/media?parent=84233"}],"wp:term":[{"taxonomy":"product_brand","embeddable":true,"href":"https:\/\/brandss.com.py\/index\/wp-json\/wp\/v2\/product_brand?post=84233"},{"taxonomy":"product_cat","embeddable":true,"href":"https:\/\/brandss.com.py\/index\/wp-json\/wp\/v2\/product_cat?post=84233"},{"taxonomy":"product_tag","embeddable":true,"href":"https:\/\/brandss.com.py\/index\/wp-json\/wp\/v2\/product_tag?post=84233"}],"curies":[{"name":"wp","href":"https:\/\/api.w.org\/{rel}","templated":true}]}}