{"id":84239,"date":"2025-06-14T12:32:20","date_gmt":"2025-06-14T12:32:20","guid":{"rendered":"https:\/\/brandss.com.py\/index\/?post_type=product&#038;p=84239"},"modified":"2025-09-25T14:16:29","modified_gmt":"2025-09-25T14:16:29","slug":"mascara-capilar-keratine-queen-collagend-1000ml","status":"publish","type":"product","link":"https:\/\/brandss.com.py\/index\/producto\/mascara-capilar-keratine-queen-collagend-1000ml\/","title":{"rendered":"M\u00c1SCARA CAPILAR KERATINE QUEEN COLLAGEN+D 1000ML"},"content":{"rendered":"<p><img loading=\"lazy\" decoding=\"async\" class=\"\" src=\"https:\/\/encrypted-tbn0.gstatic.com\/images?q=tbn:ANd9GcQS562fLa_Zci313Mpn59wIPtTWqbh3Zg1E2g&amp;s\" alt=\"Keratine Queen Cambodia\" width=\"92\" height=\"92\" \/><\/p>\n<h1>COLLAGEN+D<\/h1>\n<p>Mascarilla capilar de granada roja con vitamina D, col\u00e1geno y vitamina D, E, B5 y B6 infundidos con ricos minerales que ayudan a reparar el cabello y acondicionar profundamente el cabello da\u00f1ado por la sequedad y el da\u00f1o ambiental, puede hidratar el cuero cabelludo seco y reducir las descamaci\u00f3n debido a la sequedad, dejando el cabello suave y saludable para sea manejable.<\/p>\n","protected":false},"excerpt":{"rendered":"<p>COLLAGEN+D Mascarilla capilar de granada roja con vitamina D, col\u00e1geno y vitamina D, E, B5 y B6 infundidos con ricos<\/p>\n","protected":false},"featured_media":84240,"comment_status":"open","ping_status":"closed","template":"","meta":{"nf_dc_page":""},"product_brand":[491],"product_cat":[85],"product_tag":[509],"class_list":{"0":"post-84239","1":"product","2":"type-product","3":"status-publish","4":"has-post-thumbnail","6":"product_brand-keratine-queen","7":"product_cat-cosmeticos","8":"product_tag-509","10":"first","11":"instock","12":"shipping-taxable","13":"purchasable","14":"product-type-simple"},"_links":{"self":[{"href":"https:\/\/brandss.com.py\/index\/wp-json\/wp\/v2\/product\/84239","targetHints":{"allow":["GET"]}}],"collection":[{"href":"https:\/\/brandss.com.py\/index\/wp-json\/wp\/v2\/product"}],"about":[{"href":"https:\/\/brandss.com.py\/index\/wp-json\/wp\/v2\/types\/product"}],"replies":[{"embeddable":true,"href":"https:\/\/brandss.com.py\/index\/wp-json\/wp\/v2\/comments?post=84239"}],"version-history":[{"count":1,"href":"https:\/\/brandss.com.py\/index\/wp-json\/wp\/v2\/product\/84239\/revisions"}],"predecessor-version":[{"id":84244,"href":"https:\/\/brandss.com.py\/index\/wp-json\/wp\/v2\/product\/84239\/revisions\/84244"}],"wp:featuredmedia":[{"embeddable":true,"href":"https:\/\/brandss.com.py\/index\/wp-json\/wp\/v2\/media\/84240"}],"wp:attachment":[{"href":"https:\/\/brandss.com.py\/index\/wp-json\/wp\/v2\/media?parent=84239"}],"wp:term":[{"taxonomy":"product_brand","embeddable":true,"href":"https:\/\/brandss.com.py\/index\/wp-json\/wp\/v2\/product_brand?post=84239"},{"taxonomy":"product_cat","embeddable":true,"href":"https:\/\/brandss.com.py\/index\/wp-json\/wp\/v2\/product_cat?post=84239"},{"taxonomy":"product_tag","embeddable":true,"href":"https:\/\/brandss.com.py\/index\/wp-json\/wp\/v2\/product_tag?post=84239"}],"curies":[{"name":"wp","href":"https:\/\/api.w.org\/{rel}","templated":true}]}}