{"id":84245,"date":"2025-06-14T12:48:59","date_gmt":"2025-06-14T12:48:59","guid":{"rendered":"https:\/\/brandss.com.py\/index\/?post_type=product&#038;p=84245"},"modified":"2025-09-25T14:17:09","modified_gmt":"2025-09-25T14:17:09","slug":"shampoo-capilar-keratine-queen-argan-oil-800ml","status":"publish","type":"product","link":"https:\/\/brandss.com.py\/index\/producto\/shampoo-capilar-keratine-queen-argan-oil-800ml\/","title":{"rendered":"SHAMPOO CAPILAR KERATINE QUEEN ARGAN OIL 800ML"},"content":{"rendered":"<p><img loading=\"lazy\" decoding=\"async\" class=\"\" src=\"https:\/\/encrypted-tbn0.gstatic.com\/images?q=tbn:ANd9GcQS562fLa_Zci313Mpn59wIPtTWqbh3Zg1E2g&amp;s\" alt=\"Keratine Queen Cambodia\" width=\"92\" height=\"92\" \/><\/p>\n<h1>ARGAN OIL<\/h1>\n<p data-start=\"0\" data-end=\"37\"><span class=\"relative -mx-px my-[-0.2rem] rounded px-px py-[0.2rem] transition-colors duration-100 ease-in-out\">Destaca como un producto intensamente nutritivo y reparador para todo tipo de cabellos, ideal especialmente si est\u00e1n secos, da\u00f1ados, te\u00f1idos o con tratamiento de queratina. Es un tratamiento completo que repara y fortalece el cabello sin componentes da\u00f1inos, ideal para quienes buscan un efecto profesional desde casa.<\/span><\/p>\n<h3 data-start=\"44\" data-end=\"73\">Principales beneficios<\/h3>\n<ul data-start=\"75\" data-end=\"564\">\n<li data-start=\"75\" data-end=\"155\">\n<p data-start=\"77\" data-end=\"155\"><span class=\"relative -mx-px my-[-0.2rem] rounded px-px py-[0.2rem] transition-colors duration-100 ease-in-out\"><strong data-start=\"0\" data-end=\"24\" data-is-only-node=\"\">Ingredientes activos<\/strong>: combina aceite de arg\u00e1n, prote\u00ednas brasile\u00f1as, col\u00e1geno, queratina y aceite de jojoba, junto con vitaminas B3, B5 y B6<\/span> .<\/p>\n<\/li>\n<li data-start=\"156\" data-end=\"236\">\n<p data-start=\"158\" data-end=\"236\"><span class=\"relative -mx-px my-[-0.2rem] rounded px-px py-[0.2rem] transition-colors duration-100 ease-in-out\"><strong data-start=\"0\" data-end=\"26\" data-is-only-node=\"\">Nutrici\u00f3n y reparaci\u00f3n<\/strong>: repara eficazmente el cabello debilitado o da\u00f1ado, aportando humedad, fortaleza y elasticidad<\/span> .<\/p>\n<\/li>\n<li data-start=\"237\" data-end=\"317\">\n<p data-start=\"239\" data-end=\"317\"><span class=\"relative -mx-px my-[-0.2rem] rounded px-px py-[0.2rem] transition-colors duration-100 ease-in-out\"><strong data-start=\"0\" data-end=\"21\" data-is-only-node=\"\">Brillo y suavidad<\/strong>: deja el pelo m\u00e1s liso, sedoso, f\u00e1cil de peinar y con mayor brillo, adem\u00e1s de combatir el frizz y las puntas abiertas<\/span> .<\/p>\n<\/li>\n<li data-start=\"318\" data-end=\"398\">\n<p data-start=\"320\" data-end=\"398\"><span class=\"relative -mx-px my-[-0.2rem] rounded px-px py-[0.2rem] transition-colors duration-100 ease-in-out\"><strong data-start=\"0\" data-end=\"31\" data-is-only-node=\"\">Control del cuero cabelludo<\/strong>: ayuda a prevenir la caspa y la descamaci\u00f3n<\/span> .<\/p>\n<\/li>\n<li data-start=\"399\" data-end=\"481\">\n<p data-start=\"401\" data-end=\"481\"><span class=\"relative -mx-px my-[-0.2rem] rounded px-px py-[0.2rem] transition-colors duration-100 ease-in-out\"><strong data-start=\"0\" data-end=\"30\" data-is-only-node=\"\">Sin ingredientes agresivos<\/strong>: libre de sulfatos, siliconas, sales minerales y parabenos<\/span> .<\/p>\n<\/li>\n<li data-start=\"482\" data-end=\"564\">\n<p data-start=\"484\" data-end=\"564\"><span class=\"relative -mx-px my-[-0.2rem] rounded px-px py-[0.2rem] transition-colors duration-100 ease-in-out\"><strong data-start=\"0\" data-end=\"29\" data-is-only-node=\"\">Apto para uso profesional<\/strong>: respaldo en salones de belleza, apto para hombres y mujeres<\/span> .<\/p>\n<\/li>\n<\/ul>\n<h3 data-start=\"571\" data-end=\"591\">Uso sugerido<\/h3>\n<p data-start=\"593\" data-end=\"632\"><span class=\"relative -mx-px my-[-0.2rem] rounded px-px py-[0.2rem] transition-colors duration-100 ease-in-out\">Empapar el cabello, aplicar una cantidad generosa y masajear suavemente el cuero cabelludo para formar espuma. Enjuagar y repetir si lo deseas. Ideal para lavar el cabello da\u00f1ado, seco o tratado, dejando una base nutrida antes de aplicar acondicionador o tratamiento adicional.<\/span><\/p>\n<h3 data-start=\"639\" data-end=\"655\">Ideal para<\/h3>\n<ul data-start=\"657\" data-end=\"786\">\n<li data-start=\"657\" data-end=\"700\">\n<p data-start=\"659\" data-end=\"700\"><span class=\"relative -mx-px my-[-0.2rem] rounded px-px py-[0.2rem] transition-colors duration-100 ease-in-out\">Cabellos d\u00e9biles, secos, finos o con puntas abiertas.<\/span><\/p>\n<\/li>\n<li data-start=\"701\" data-end=\"744\">\n<p data-start=\"703\" data-end=\"744\"><span class=\"relative -mx-px my-[-0.2rem] rounded px-px py-[0.2rem] transition-colors duration-100 ease-in-out\">Personas con tratamientos de color, keratina o que exponen su pelo a calor o qu\u00edmicos.<\/span><\/p>\n<\/li>\n<li data-start=\"745\" data-end=\"786\">\n<p data-start=\"747\" data-end=\"786\"><span class=\"relative -mx-px my-[-0.2rem] rounded px-px py-[0.2rem] transition-colors duration-100 ease-in-out\">Quienes buscan resultados hidratantes, sin resignar suavidad ni brillo.<\/span><\/p>\n<\/li>\n<\/ul>\n<h3 data-start=\"793\" data-end=\"815\">Consideraciones<\/h3>\n<ul data-start=\"817\" data-end=\"1002\">\n<li data-start=\"902\" data-end=\"1002\">\n<p data-start=\"904\" data-end=\"1002\">Si tienes cuero cabelludo graso, podr\u00edas alternar con un lavado m\u00e1s neutro para evitar sobrecarga.<\/p>\n<\/li>\n<\/ul>\n","protected":false},"excerpt":{"rendered":"<p>ARGAN OIL Destaca como un producto intensamente nutritivo y reparador para todo tipo de cabellos, ideal especialmente si est\u00e1n secos,<\/p>\n","protected":false},"featured_media":84246,"comment_status":"open","ping_status":"closed","template":"","meta":{"nf_dc_page":""},"product_brand":[491],"product_cat":[85],"product_tag":[510],"class_list":{"0":"post-84245","1":"product","2":"type-product","3":"status-publish","4":"has-post-thumbnail","6":"product_brand-keratine-queen","7":"product_cat-cosmeticos","8":"product_tag-510","10":"first","11":"instock","12":"shipping-taxable","13":"purchasable","14":"product-type-simple"},"_links":{"self":[{"href":"https:\/\/brandss.com.py\/index\/wp-json\/wp\/v2\/product\/84245","targetHints":{"allow":["GET"]}}],"collection":[{"href":"https:\/\/brandss.com.py\/index\/wp-json\/wp\/v2\/product"}],"about":[{"href":"https:\/\/brandss.com.py\/index\/wp-json\/wp\/v2\/types\/product"}],"replies":[{"embeddable":true,"href":"https:\/\/brandss.com.py\/index\/wp-json\/wp\/v2\/comments?post=84245"}],"version-history":[{"count":1,"href":"https:\/\/brandss.com.py\/index\/wp-json\/wp\/v2\/product\/84245\/revisions"}],"predecessor-version":[{"id":84248,"href":"https:\/\/brandss.com.py\/index\/wp-json\/wp\/v2\/product\/84245\/revisions\/84248"}],"wp:featuredmedia":[{"embeddable":true,"href":"https:\/\/brandss.com.py\/index\/wp-json\/wp\/v2\/media\/84246"}],"wp:attachment":[{"href":"https:\/\/brandss.com.py\/index\/wp-json\/wp\/v2\/media?parent=84245"}],"wp:term":[{"taxonomy":"product_brand","embeddable":true,"href":"https:\/\/brandss.com.py\/index\/wp-json\/wp\/v2\/product_brand?post=84245"},{"taxonomy":"product_cat","embeddable":true,"href":"https:\/\/brandss.com.py\/index\/wp-json\/wp\/v2\/product_cat?post=84245"},{"taxonomy":"product_tag","embeddable":true,"href":"https:\/\/brandss.com.py\/index\/wp-json\/wp\/v2\/product_tag?post=84245"}],"curies":[{"name":"wp","href":"https:\/\/api.w.org\/{rel}","templated":true}]}}