{"id":84255,"date":"2025-06-14T14:38:46","date_gmt":"2025-06-14T14:38:46","guid":{"rendered":"https:\/\/brandss.com.py\/index\/?post_type=product&#038;p=84255"},"modified":"2025-09-25T14:18:53","modified_gmt":"2025-09-25T14:18:53","slug":"set-de-tratamiento-capilar-keratine-queen-hair-white-1000ml","status":"publish","type":"product","link":"https:\/\/brandss.com.py\/index\/producto\/set-de-tratamiento-capilar-keratine-queen-hair-white-1000ml\/","title":{"rendered":"SET DE TRATAMIENTO CAPILAR KERATINE QUEEN HAIR WHITE 1000ML"},"content":{"rendered":"<p><img loading=\"lazy\" decoding=\"async\" class=\"\" src=\"https:\/\/encrypted-tbn0.gstatic.com\/images?q=tbn:ANd9GcQS562fLa_Zci313Mpn59wIPtTWqbh3Zg1E2g&amp;s\" alt=\"Keratine Queen Cambodia\" width=\"92\" height=\"91\" \/><\/p>\n<h1>HAIR WHITE<\/h1>\n<p>Tratamiento de keratina para cabello da\u00f1ado y reparado<\/p>\n<h6>CHAMP\u00da DE KERATIN<\/h6>\n<p><em>Renovaci\u00f3n del cabello y limpieza profunda<\/em><br \/>\nNuestro champ\u00fa de limpieza profunda con keratina no contiene sulfitos ni parabenos. Ha sido especialmente desarrollado para prolongar la vida de su tratamiento de keratina. Este champ\u00fa suave y nutritivo reducir\u00e1 el frizz y dejar\u00e1 su cabello con un aspecto m\u00e1s liso y una sensaci\u00f3n de suavidad y sedosidad. Para obtener mejores resultados, \u00faselo con la mascarilla capilar Protei queen<\/p>\n<h6>TRATAMIENTO DE KERATIN<\/h6>\n<p><em>Super reparador y alisado fuerte<\/em><br \/>\nUn tratamiento de keratina para disminuir el frizz y los rizos Especialmente dise\u00f1ado para cabello te\u00f1ido y tratado qu\u00edmicamente Infunde abundante keratina en el c\u00famulo Da resultados que duran Hasta tres meses dependiendo del tipo de cabello Crea un cabello m\u00e1s satinado, revitalizado y manejable.<br \/>\nReina de las prote\u00ednas\u00a0del aceite de semilla<\/p>\n<h6>\nACONDICIONADOR DE QUERATINA<\/h6>\n<p><em>Hidrataci\u00f3n y acondicionamiento profundoespecialmente desarrollado<\/em><br \/>\nEl acondicionador capilar de hidrataci\u00f3n con queratina ON ha sido especialmente desarrollado para prolongar la vida de su tratamiento de queratina. Esta mascarilla nutritiva, rica y cremosa mantendr\u00e1 su cabello con un aspecto m\u00e1s liso y sin frizz. y dejar\u00e1 su cabello con una sensaci\u00f3n suave, tersa y sedosa. Para obtener mejores resultados, \u00faselo con nuestra serie Keratin.<\/p>\n","protected":false},"excerpt":{"rendered":"<p>HAIR WHITE Tratamiento de keratina para cabello da\u00f1ado y reparado CHAMP\u00da DE KERATIN Renovaci\u00f3n del cabello y limpieza profunda Nuestro<\/p>\n","protected":false},"featured_media":84256,"comment_status":"open","ping_status":"closed","template":"","meta":{"nf_dc_page":""},"product_brand":[491],"product_cat":[85],"product_tag":[513],"class_list":{"0":"post-84255","1":"product","2":"type-product","3":"status-publish","4":"has-post-thumbnail","6":"product_brand-keratine-queen","7":"product_cat-cosmeticos","8":"product_tag-513","10":"first","11":"instock","12":"shipping-taxable","13":"purchasable","14":"product-type-simple"},"_links":{"self":[{"href":"https:\/\/brandss.com.py\/index\/wp-json\/wp\/v2\/product\/84255","targetHints":{"allow":["GET"]}}],"collection":[{"href":"https:\/\/brandss.com.py\/index\/wp-json\/wp\/v2\/product"}],"about":[{"href":"https:\/\/brandss.com.py\/index\/wp-json\/wp\/v2\/types\/product"}],"replies":[{"embeddable":true,"href":"https:\/\/brandss.com.py\/index\/wp-json\/wp\/v2\/comments?post=84255"}],"version-history":[{"count":1,"href":"https:\/\/brandss.com.py\/index\/wp-json\/wp\/v2\/product\/84255\/revisions"}],"predecessor-version":[{"id":84260,"href":"https:\/\/brandss.com.py\/index\/wp-json\/wp\/v2\/product\/84255\/revisions\/84260"}],"wp:featuredmedia":[{"embeddable":true,"href":"https:\/\/brandss.com.py\/index\/wp-json\/wp\/v2\/media\/84256"}],"wp:attachment":[{"href":"https:\/\/brandss.com.py\/index\/wp-json\/wp\/v2\/media?parent=84255"}],"wp:term":[{"taxonomy":"product_brand","embeddable":true,"href":"https:\/\/brandss.com.py\/index\/wp-json\/wp\/v2\/product_brand?post=84255"},{"taxonomy":"product_cat","embeddable":true,"href":"https:\/\/brandss.com.py\/index\/wp-json\/wp\/v2\/product_cat?post=84255"},{"taxonomy":"product_tag","embeddable":true,"href":"https:\/\/brandss.com.py\/index\/wp-json\/wp\/v2\/product_tag?post=84255"}],"curies":[{"name":"wp","href":"https:\/\/api.w.org\/{rel}","templated":true}]}}