{"id":84261,"date":"2025-06-14T16:21:43","date_gmt":"2025-06-14T16:21:43","guid":{"rendered":"https:\/\/brandss.com.py\/index\/?post_type=product&#038;p=84261"},"modified":"2025-09-25T14:37:55","modified_gmt":"2025-09-25T14:37:55","slug":"shampoo-capilar-keratine-queen-hair-1-white-1000ml","status":"publish","type":"product","link":"https:\/\/brandss.com.py\/index\/producto\/shampoo-capilar-keratine-queen-hair-1-white-1000ml\/","title":{"rendered":"SHAMPOO CAPILAR KERATINE QUEEN HAIR 1 WHITE 1000ML"},"content":{"rendered":"<p><img loading=\"lazy\" decoding=\"async\" class=\"\" src=\"https:\/\/encrypted-tbn0.gstatic.com\/images?q=tbn:ANd9GcQS562fLa_Zci313Mpn59wIPtTWqbh3Zg1E2g&amp;s\" alt=\"Keratine Queen Cambodia\" width=\"80\" height=\"80\" \/><\/p>\n<h1>HAIR 1 WHITE<\/h1>\n<p><em>Renovaci\u00f3n del cabello y limpieza profunda<\/em><br \/>\nNuestro champ\u00fa de limpieza profunda con keratina no contiene sulfitos ni parabenos. Ha sido especialmente desarrollado para prolongar la vida de su tratamiento de keratina. Este champ\u00fa suave y nutritivo reducir\u00e1 el frizz y dejar\u00e1 su cabello con un aspecto m\u00e1s liso y una sensaci\u00f3n de suavidad y sedosidad. Para obtener mejores resultados, \u00faselo con la mascarilla capilar Hair 2 de Keratine queen<\/p>\n","protected":false},"excerpt":{"rendered":"<p>HAIR 1 WHITE Renovaci\u00f3n del cabello y limpieza profunda Nuestro champ\u00fa de limpieza profunda con keratina no contiene sulfitos ni<\/p>\n","protected":false},"featured_media":84262,"comment_status":"open","ping_status":"closed","template":"","meta":{"nf_dc_page":""},"product_brand":[491],"product_cat":[85],"product_tag":[515],"class_list":{"0":"post-84261","1":"product","2":"type-product","3":"status-publish","4":"has-post-thumbnail","6":"product_brand-keratine-queen","7":"product_cat-cosmeticos","8":"product_tag-515","10":"first","11":"instock","12":"shipping-taxable","13":"purchasable","14":"product-type-simple"},"_links":{"self":[{"href":"https:\/\/brandss.com.py\/index\/wp-json\/wp\/v2\/product\/84261","targetHints":{"allow":["GET"]}}],"collection":[{"href":"https:\/\/brandss.com.py\/index\/wp-json\/wp\/v2\/product"}],"about":[{"href":"https:\/\/brandss.com.py\/index\/wp-json\/wp\/v2\/types\/product"}],"replies":[{"embeddable":true,"href":"https:\/\/brandss.com.py\/index\/wp-json\/wp\/v2\/comments?post=84261"}],"version-history":[{"count":1,"href":"https:\/\/brandss.com.py\/index\/wp-json\/wp\/v2\/product\/84261\/revisions"}],"predecessor-version":[{"id":84265,"href":"https:\/\/brandss.com.py\/index\/wp-json\/wp\/v2\/product\/84261\/revisions\/84265"}],"wp:featuredmedia":[{"embeddable":true,"href":"https:\/\/brandss.com.py\/index\/wp-json\/wp\/v2\/media\/84262"}],"wp:attachment":[{"href":"https:\/\/brandss.com.py\/index\/wp-json\/wp\/v2\/media?parent=84261"}],"wp:term":[{"taxonomy":"product_brand","embeddable":true,"href":"https:\/\/brandss.com.py\/index\/wp-json\/wp\/v2\/product_brand?post=84261"},{"taxonomy":"product_cat","embeddable":true,"href":"https:\/\/brandss.com.py\/index\/wp-json\/wp\/v2\/product_cat?post=84261"},{"taxonomy":"product_tag","embeddable":true,"href":"https:\/\/brandss.com.py\/index\/wp-json\/wp\/v2\/product_tag?post=84261"}],"curies":[{"name":"wp","href":"https:\/\/api.w.org\/{rel}","templated":true}]}}