{"id":84266,"date":"2025-06-14T16:33:18","date_gmt":"2025-06-14T16:33:18","guid":{"rendered":"https:\/\/brandss.com.py\/index\/?post_type=product&#038;p=84266"},"modified":"2025-09-25T14:38:30","modified_gmt":"2025-09-25T14:38:30","slug":"tratamientoo-capilar-keratine-queen-hair-2-white-1000ml","status":"publish","type":"product","link":"https:\/\/brandss.com.py\/index\/producto\/tratamientoo-capilar-keratine-queen-hair-2-white-1000ml\/","title":{"rendered":"TRATAMIENTO CAPILAR KERATINE QUEEN HAIR 2 WHITE 1000ML"},"content":{"rendered":"<p><img loading=\"lazy\" decoding=\"async\" class=\"\" src=\"https:\/\/encrypted-tbn0.gstatic.com\/images?q=tbn:ANd9GcQS562fLa_Zci313Mpn59wIPtTWqbh3Zg1E2g&amp;s\" alt=\"Keratine Queen Cambodia\" width=\"84\" height=\"84\" \/><\/p>\n<h1>HAIR 2 WHITE<\/h1>\n<p><em>Super reparador y alisado fuerte.<\/em><\/p>\n<p>Un tratamiento de keratina para disminuir el frizz y los rizos, especialmente dise\u00f1ado para cabello te\u00f1ido y tratado qu\u00edmicamente. Infunde abundante keratina en el c\u00famulo, da resultados que duran hasta tres meses dependiendo del tipo de cabello. Crea un cabello m\u00e1s satinado, revitalizado y manejable. Reina de las prote\u00ednas del aceite de semilla.<\/p>\n","protected":false},"excerpt":{"rendered":"<p>HAIR 2 WHITE Super reparador y alisado fuerte. Un tratamiento de keratina para disminuir el frizz y los rizos, especialmente<\/p>\n","protected":false},"featured_media":84267,"comment_status":"open","ping_status":"closed","template":"","meta":{"nf_dc_page":""},"product_brand":[491],"product_cat":[85],"product_tag":[516],"class_list":{"0":"post-84266","1":"product","2":"type-product","3":"status-publish","4":"has-post-thumbnail","6":"product_brand-keratine-queen","7":"product_cat-cosmeticos","8":"product_tag-516","10":"first","11":"instock","12":"shipping-taxable","13":"purchasable","14":"product-type-simple"},"_links":{"self":[{"href":"https:\/\/brandss.com.py\/index\/wp-json\/wp\/v2\/product\/84266","targetHints":{"allow":["GET"]}}],"collection":[{"href":"https:\/\/brandss.com.py\/index\/wp-json\/wp\/v2\/product"}],"about":[{"href":"https:\/\/brandss.com.py\/index\/wp-json\/wp\/v2\/types\/product"}],"replies":[{"embeddable":true,"href":"https:\/\/brandss.com.py\/index\/wp-json\/wp\/v2\/comments?post=84266"}],"version-history":[{"count":2,"href":"https:\/\/brandss.com.py\/index\/wp-json\/wp\/v2\/product\/84266\/revisions"}],"predecessor-version":[{"id":84278,"href":"https:\/\/brandss.com.py\/index\/wp-json\/wp\/v2\/product\/84266\/revisions\/84278"}],"wp:featuredmedia":[{"embeddable":true,"href":"https:\/\/brandss.com.py\/index\/wp-json\/wp\/v2\/media\/84267"}],"wp:attachment":[{"href":"https:\/\/brandss.com.py\/index\/wp-json\/wp\/v2\/media?parent=84266"}],"wp:term":[{"taxonomy":"product_brand","embeddable":true,"href":"https:\/\/brandss.com.py\/index\/wp-json\/wp\/v2\/product_brand?post=84266"},{"taxonomy":"product_cat","embeddable":true,"href":"https:\/\/brandss.com.py\/index\/wp-json\/wp\/v2\/product_cat?post=84266"},{"taxonomy":"product_tag","embeddable":true,"href":"https:\/\/brandss.com.py\/index\/wp-json\/wp\/v2\/product_tag?post=84266"}],"curies":[{"name":"wp","href":"https:\/\/api.w.org\/{rel}","templated":true}]}}