{"id":84271,"date":"2025-06-14T16:48:16","date_gmt":"2025-06-14T16:48:16","guid":{"rendered":"https:\/\/brandss.com.py\/index\/?post_type=product&#038;p=84271"},"modified":"2025-09-25T14:39:15","modified_gmt":"2025-09-25T14:39:15","slug":"acondicionador-capilar-keratine-queen-hair-3-white-1000ml","status":"publish","type":"product","link":"https:\/\/brandss.com.py\/index\/producto\/acondicionador-capilar-keratine-queen-hair-3-white-1000ml\/","title":{"rendered":"ACONDICIONADOR CAPILAR KERATINE QUEEN HAIR 3 WHITE 1000ML"},"content":{"rendered":"<p><img loading=\"lazy\" decoding=\"async\" class=\"\" src=\"https:\/\/encrypted-tbn0.gstatic.com\/images?q=tbn:ANd9GcQS562fLa_Zci313Mpn59wIPtTWqbh3Zg1E2g&amp;s\" alt=\"Keratine Queen Cambodia\" width=\"100\" height=\"100\" \/><\/p>\n<h1>HAIR 3 WHITE<\/h1>\n<p><em>Hidrataci\u00f3n y acondicionamiento profundo especialmente desarrollado.<\/em><\/p>\n<p>El acondicionador capilar de hidrataci\u00f3n con queratina ON ha sido especialmente desarrollado para prolongar la vida de su tratamiento de queratina. Esta mascarilla nutritiva, rica y cremosa mantendr\u00e1 su cabello con un aspecto m\u00e1s liso y sin frizz. y dejar\u00e1 su cabello con una sensaci\u00f3n suave, tersa y sedosa. Para obtener mejores resultados, \u00faselo con nuestra serie Keratin.<\/p>\n","protected":false},"excerpt":{"rendered":"<p>HAIR 3 WHITE Hidrataci\u00f3n y acondicionamiento profundo especialmente desarrollado. El acondicionador capilar de hidrataci\u00f3n con queratina ON ha sido especialmente<\/p>\n","protected":false},"featured_media":84272,"comment_status":"open","ping_status":"closed","template":"","meta":{"nf_dc_page":""},"product_brand":[491],"product_cat":[85],"product_tag":[517],"class_list":{"0":"post-84271","1":"product","2":"type-product","3":"status-publish","4":"has-post-thumbnail","6":"product_brand-keratine-queen","7":"product_cat-cosmeticos","8":"product_tag-517","10":"first","11":"instock","12":"shipping-taxable","13":"purchasable","14":"product-type-simple"},"_links":{"self":[{"href":"https:\/\/brandss.com.py\/index\/wp-json\/wp\/v2\/product\/84271","targetHints":{"allow":["GET"]}}],"collection":[{"href":"https:\/\/brandss.com.py\/index\/wp-json\/wp\/v2\/product"}],"about":[{"href":"https:\/\/brandss.com.py\/index\/wp-json\/wp\/v2\/types\/product"}],"replies":[{"embeddable":true,"href":"https:\/\/brandss.com.py\/index\/wp-json\/wp\/v2\/comments?post=84271"}],"version-history":[{"count":1,"href":"https:\/\/brandss.com.py\/index\/wp-json\/wp\/v2\/product\/84271\/revisions"}],"predecessor-version":[{"id":84277,"href":"https:\/\/brandss.com.py\/index\/wp-json\/wp\/v2\/product\/84271\/revisions\/84277"}],"wp:featuredmedia":[{"embeddable":true,"href":"https:\/\/brandss.com.py\/index\/wp-json\/wp\/v2\/media\/84272"}],"wp:attachment":[{"href":"https:\/\/brandss.com.py\/index\/wp-json\/wp\/v2\/media?parent=84271"}],"wp:term":[{"taxonomy":"product_brand","embeddable":true,"href":"https:\/\/brandss.com.py\/index\/wp-json\/wp\/v2\/product_brand?post=84271"},{"taxonomy":"product_cat","embeddable":true,"href":"https:\/\/brandss.com.py\/index\/wp-json\/wp\/v2\/product_cat?post=84271"},{"taxonomy":"product_tag","embeddable":true,"href":"https:\/\/brandss.com.py\/index\/wp-json\/wp\/v2\/product_tag?post=84271"}],"curies":[{"name":"wp","href":"https:\/\/api.w.org\/{rel}","templated":true}]}}