{"id":84279,"date":"2025-06-14T17:17:42","date_gmt":"2025-06-14T17:17:42","guid":{"rendered":"https:\/\/brandss.com.py\/index\/?post_type=product&#038;p=84279"},"modified":"2025-09-25T14:40:06","modified_gmt":"2025-09-25T14:40:06","slug":"shampoo-capilar-keratine-queen-macadamia-oil-750ml","status":"publish","type":"product","link":"https:\/\/brandss.com.py\/index\/producto\/shampoo-capilar-keratine-queen-macadamia-oil-750ml\/","title":{"rendered":"SHAMPOO CAPILAR KERATINE QUEEN MOISTURIZING MACADAMIA OIL 750ML"},"content":{"rendered":"<p><img loading=\"lazy\" decoding=\"async\" class=\"\" src=\"https:\/\/encrypted-tbn0.gstatic.com\/images?q=tbn:ANd9GcQS562fLa_Zci313Mpn59wIPtTWqbh3Zg1E2g&amp;s\" alt=\"Keratine Queen Cambodia\" width=\"93\" height=\"93\" \/><\/p>\n<h1>MACADAMIA OIL<\/h1>\n<p>El champ\u00fa Keratine Queen con aceite de macadamia es un producto premium para el cuidado capilar, dise\u00f1ado para brindar m\u00e1xima nutrici\u00f3n, hidrataci\u00f3n y protecci\u00f3n. Fabricado en el Reino Unido, este champ\u00fa combina tecnolog\u00eda avanzada e ingredientes naturales para dejar tu cabello con un aspecto saludable, brillante y lleno de vida.<\/p>\n<p><strong>Aceite de macadamia<\/strong> : El principal ingrediente activo del champ\u00fa es el aceite de macadamia. Este valioso aceite es conocido por sus propiedades \u00fanicas, gracias a las cuales el cabello recibe la nutrici\u00f3n e hidrataci\u00f3n necesarias. El aceite de macadamia es rico en \u00e1cidos grasos, vitaminas y antioxidantes que penetran profundamente en la estructura capilar, restaur\u00e1ndola y fortaleci\u00e9ndola desde el interior.<\/p>\n<p><strong>Nutrici\u00f3n y restauraci\u00f3n<\/strong> : El champ\u00fa con aceite de macadamia restaura eficazmente el cabello da\u00f1ado, mejorando su estructura y fortaleci\u00e9ndolo. Rellena las zonas da\u00f1adas del cabello, haci\u00e9ndolo m\u00e1s fuerte y resistente a la rotura y las puntas abiertas.<\/p>\n<p><strong>Hidrataci\u00f3n Intensiva<\/strong> : El champ\u00fa proporciona una hidrataci\u00f3n profunda y duradera al cabello. Esto ayuda a prevenir la sequedad y la fragilidad, dej\u00e1ndolo suave y sedoso al tacto. Los ingredientes hidratantes retienen la humedad en el cabello, manteni\u00e9ndolo en \u00f3ptimas condiciones.<\/p>\n<p><strong>Protecci\u00f3n contra los factores ambientales<\/strong> : El champ\u00fa crea una barrera protectora en el cabello que lo protege de los factores ambientales negativos, como los rayos UV, la contaminaci\u00f3n y las fluctuaciones de temperatura. Esto ayuda a mantener la salud y el brillo del cabello, previniendo su da\u00f1o.<\/p>\n<p><strong>Textura mejorada<\/strong> : Despu\u00e9s de usar el champ\u00fa, el cabello queda suave, brillante y f\u00e1cil de peinar. El champ\u00fa elimina los enredos y reduce la electricidad est\u00e1tica, lo que hace que el cabello sea m\u00e1s manejable y f\u00e1cil de peinar.<\/p>\n<p><strong>F\u00f3rmula hipoalerg\u00e9nica<\/strong> : Este champ\u00fa est\u00e1 dise\u00f1ado para satisfacer las necesidades de todo tipo de cabello, incluso el sensible y al\u00e9rgico. No contiene qu\u00edmicos agresivos y es apto para uso diario.<\/p>\n<p><strong>Beneficios<\/strong><\/p>\n<ul class=\"list\" data-v-1703e6e9=\"\">\n<li class=\"item\" data-test-id=\"text__attribute\" data-v-1703e6e9=\"\">Nutrici\u00f3n profunda del cabello: Enriquecido con aceite de macadamia, que penetra en la estructura del cabello, nutri\u00e9ndolo e hidrat\u00e1ndolo desde el interior.<\/li>\n<li class=\"item\" data-test-id=\"text__attribute\" data-v-1703e6e9=\"\">Hidratante y suavizante: El champ\u00fa hidrata el cabello seco, dej\u00e1ndolo suave y sedoso al tacto.<\/li>\n<li class=\"item\" data-test-id=\"text__attribute\" data-v-1703e6e9=\"\">Restauraci\u00f3n y fortalecimiento: Promueve la restauraci\u00f3n de las zonas da\u00f1adas del cabello y fortalece su estructura.<\/li>\n<li class=\"item\" data-test-id=\"text__attribute\" data-v-1703e6e9=\"\">Apto para todo tipo de cabello: Ideal para todo tipo de cabello, incluido el cabello seco, da\u00f1ado y te\u00f1ido.<\/li>\n<li class=\"item\" data-test-id=\"text__attribute\" data-v-1703e6e9=\"\">Fabricado en el Reino Unido: garantiza una alta calidad y el cumplimiento de los est\u00e1ndares internacionales.<\/li>\n<li class=\"item\" data-test-id=\"text__attribute\" data-v-1703e6e9=\"\">Embalaje econ\u00f3mico: El pr\u00e1ctico embalaje con dispensador garantiza un uso econ\u00f3mico del producto y una f\u00e1cil conservaci\u00f3n.<\/li>\n<li class=\"item\" data-test-id=\"text__attribute\" data-v-1703e6e9=\"\">Libre de sulfatos<\/li>\n<\/ul>\n<p>El champ\u00fa, fabricado en Gran Breta\u00f1a, garantiza alta calidad y cumplimiento de las normas internacionales. Su envase ergon\u00f3mico con pr\u00e1ctico dispensador garantiza un consumo econ\u00f3mico y facilidad de uso. El champ\u00fa no solo limpia el cabello, sino que tambi\u00e9n proporciona nutrici\u00f3n, hidrataci\u00f3n y protecci\u00f3n profundas, lo que lo convierte en un producto ideal para el cuidado capilar diario.<\/p>\n<p>El champ\u00fa con aceite de macadamia de Keratine Queen es la soluci\u00f3n ideal para quienes desean mantener la salud y belleza de su cabello. Gracias a su f\u00f3rmula \u00fanica con aceite de macadamia e ingredientes naturales, el champ\u00fa proporciona nutrici\u00f3n profunda, restauraci\u00f3n y protecci\u00f3n al cabello, dej\u00e1ndolo suave, liso y brillante.<\/p>\n<p>Para obtener mejores resultados, aplique el champ\u00fa sobre el cabello h\u00famedo, masajeando suavemente el cuero cabelludo y el cabello hasta formar espuma. Luego, enjuague bien con agua tibia. Para un efecto m\u00e1ximo y un cuidado capilar completo, \u00faselo con el Acondicionador de Aceite de Arg\u00e1n Keratine Queen.<\/p>\n","protected":false},"excerpt":{"rendered":"<p>MACADAMIA OIL El champ\u00fa Keratine Queen con aceite de macadamia es un producto premium para el cuidado capilar, dise\u00f1ado para<\/p>\n","protected":false},"featured_media":84281,"comment_status":"open","ping_status":"closed","template":"","meta":{"nf_dc_page":""},"product_brand":[491],"product_cat":[85],"product_tag":[518],"class_list":{"0":"post-84279","1":"product","2":"type-product","3":"status-publish","4":"has-post-thumbnail","6":"product_brand-keratine-queen","7":"product_cat-cosmeticos","8":"product_tag-518","10":"first","11":"instock","12":"shipping-taxable","13":"purchasable","14":"product-type-simple"},"_links":{"self":[{"href":"https:\/\/brandss.com.py\/index\/wp-json\/wp\/v2\/product\/84279","targetHints":{"allow":["GET"]}}],"collection":[{"href":"https:\/\/brandss.com.py\/index\/wp-json\/wp\/v2\/product"}],"about":[{"href":"https:\/\/brandss.com.py\/index\/wp-json\/wp\/v2\/types\/product"}],"replies":[{"embeddable":true,"href":"https:\/\/brandss.com.py\/index\/wp-json\/wp\/v2\/comments?post=84279"}],"version-history":[{"count":3,"href":"https:\/\/brandss.com.py\/index\/wp-json\/wp\/v2\/product\/84279\/revisions"}],"predecessor-version":[{"id":84294,"href":"https:\/\/brandss.com.py\/index\/wp-json\/wp\/v2\/product\/84279\/revisions\/84294"}],"wp:featuredmedia":[{"embeddable":true,"href":"https:\/\/brandss.com.py\/index\/wp-json\/wp\/v2\/media\/84281"}],"wp:attachment":[{"href":"https:\/\/brandss.com.py\/index\/wp-json\/wp\/v2\/media?parent=84279"}],"wp:term":[{"taxonomy":"product_brand","embeddable":true,"href":"https:\/\/brandss.com.py\/index\/wp-json\/wp\/v2\/product_brand?post=84279"},{"taxonomy":"product_cat","embeddable":true,"href":"https:\/\/brandss.com.py\/index\/wp-json\/wp\/v2\/product_cat?post=84279"},{"taxonomy":"product_tag","embeddable":true,"href":"https:\/\/brandss.com.py\/index\/wp-json\/wp\/v2\/product_tag?post=84279"}],"curies":[{"name":"wp","href":"https:\/\/api.w.org\/{rel}","templated":true}]}}