{"id":84311,"date":"2025-06-16T11:15:21","date_gmt":"2025-06-16T11:15:21","guid":{"rendered":"https:\/\/brandss.com.py\/index\/?post_type=product&#038;p=84311"},"modified":"2025-09-25T14:42:22","modified_gmt":"2025-09-25T14:42:22","slug":"acondicionador-capilar-keratine-queen-moisturizing-argan-oil-750ml","status":"publish","type":"product","link":"https:\/\/brandss.com.py\/index\/producto\/acondicionador-capilar-keratine-queen-moisturizing-argan-oil-750ml\/","title":{"rendered":"ACONDICIONADOR CAPILAR KERATINE QUEEN MOISTURIZING ARGAN OIL 750ML"},"content":{"rendered":"<p><img loading=\"lazy\" decoding=\"async\" class=\"\" src=\"https:\/\/encrypted-tbn0.gstatic.com\/images?q=tbn:ANd9GcQS562fLa_Zci313Mpn59wIPtTWqbh3Zg1E2g&amp;s\" alt=\"Keratine Queen Cambodia\" width=\"82\" height=\"81\" \/><\/p>\n<h1>ARGAN OIL<\/h1>\n<p data-start=\"0\" data-end=\"37\"><span class=\"relative -mx-px my-[-0.2rem] rounded px-px py-[0.2rem] transition-colors duration-100 ease-in-out\">Este acondicionador con aceite de arg\u00e1n es un tratamiento potente ideal para quienes buscan nutrir y proteger su cabello. Este acondicionador con arg\u00e1n, col\u00e1geno, queratina y jojoba ofrece una combinaci\u00f3n de hidrataci\u00f3n, reparaci\u00f3n y alisado, perfecto para quienes desean un cabello m\u00e1s suave, manejable y protegido del da\u00f1o.<\/span><\/p>\n<ul data-start=\"39\" data-end=\"723\">\n<li data-start=\"39\" data-end=\"278\">\n<p data-start=\"41\" data-end=\"65\"><strong data-start=\"41\" data-end=\"63\">Ingredientes clave<\/strong><\/p>\n<ul data-start=\"68\" data-end=\"278\">\n<li data-start=\"68\" data-end=\"109\">\n<p data-start=\"70\" data-end=\"109\"><span class=\"relative -mx-px my-[-0.2rem] rounded px-px py-[0.2rem] transition-colors duration-100 ease-in-out\"><strong data-start=\"0\" data-end=\"19\" data-is-only-node=\"\">Aceite de arg\u00e1n<\/strong>: brinda nutrici\u00f3n profunda e hidrataci\u00f3n, dejando el cabello suave y brillante.<\/span><\/p>\n<\/li>\n<li data-start=\"112\" data-end=\"153\">\n<p data-start=\"114\" data-end=\"153\"><span class=\"relative -mx-px my-[-0.2rem] rounded px-px py-[0.2rem] transition-colors duration-100 ease-in-out\"><strong data-start=\"0\" data-end=\"12\" data-is-only-node=\"\">Col\u00e1geno<\/strong>: ayuda a reparar el cabello, previniendo la rotura.<\/span><\/p>\n<\/li>\n<li data-start=\"156\" data-end=\"197\">\n<p data-start=\"158\" data-end=\"197\"><span class=\"relative -mx-px my-[-0.2rem] rounded px-px py-[0.2rem] transition-colors duration-100 ease-in-out\"><strong data-start=\"0\" data-end=\"13\" data-is-only-node=\"\">Queratina<\/strong>: aporta efecto alisador y fortalece la estructura capilar.<\/span><\/p>\n<\/li>\n<li data-start=\"200\" data-end=\"278\">\n<p data-start=\"202\" data-end=\"278\"><span class=\"relative -mx-px my-[-0.2rem] rounded px-px py-[0.2rem] transition-colors duration-100 ease-in-out\"><strong data-start=\"0\" data-end=\"20\" data-is-only-node=\"\">Aceite de jojoba<\/strong>: equilibra la producci\u00f3n de grasa y reduce bacterias en el cuero cabelludo.<\/span><\/p>\n<\/li>\n<\/ul>\n<\/li>\n<li data-start=\"280\" data-end=\"384\">\n<p data-start=\"282\" data-end=\"384\"><strong data-start=\"282\" data-end=\"303\">Funci\u00f3n principal<\/strong><br data-start=\"303\" data-end=\"306\" \/><span class=\"relative -mx-px my-[-0.2rem] rounded px-px py-[0.2rem] transition-colors duration-100 ease-in-out\">Lava suavemente, nutre intensamente, suaviza los rizos y ayuda a mantener el cabello hidratado, protegido del quiebre y de agentes da\u00f1inos<\/span> .<\/p>\n<\/li>\n<li data-start=\"386\" data-end=\"508\">\n<p data-start=\"388\" data-end=\"508\"><span class=\"relative -mx-px my-[-0.2rem] rounded px-px py-[0.2rem] transition-colors duration-100 ease-in-out\"><strong data-start=\"0\" data-end=\"15\" data-is-last-node=\"\" data-is-only-node=\"\">Modo de uso<\/strong><\/span><br data-start=\"425\" data-end=\"428\" \/><span class=\"relative -mx-px my-[-0.2rem] rounded px-px py-[0.2rem] transition-colors duration-100 ease-in-out\">Despu\u00e9s del shampoo, aplicar una peque\u00f1a cantidad sobre el cabello h\u00famedo, dejar actuar de 2 a 3 minutos y luego enjuagar completamente<\/span>.<\/p>\n<\/li>\n<li data-start=\"510\" data-end=\"595\">\n<p data-start=\"512\" data-end=\"595\"><span class=\"relative -mx-px my-[-0.2rem] rounded px-px py-[0.2rem] transition-colors duration-100 ease-in-out\"><strong data-start=\"0\" data-end=\"28\" data-is-last-node=\"\" data-is-only-node=\"\">Para qu\u00e9 tipo de cabello<\/strong><\/span><br data-start=\"551\" data-end=\"554\" \/><span class=\"relative -mx-px my-[-0.2rem] rounded px-px py-[0.2rem] transition-colors duration-100 ease-in-out\">Es adecuado para todo tipo de cabello, especialmente para cabellos secos, quebradizos o tratados qu\u00edmicamente.<\/span><\/p>\n<\/li>\n<li data-start=\"597\" data-end=\"723\">\n<p data-start=\"599\" data-end=\"723\"><span class=\"relative -mx-px my-[-0.2rem] rounded px-px py-[0.2rem] transition-colors duration-100 ease-in-out\"><strong data-start=\"0\" data-end=\"26\" data-is-last-node=\"\" data-is-only-node=\"\">Formato y presentaci\u00f3n<\/strong><\/span><br data-start=\"638\" data-end=\"641\" \/><span class=\"relative -mx-px my-[-0.2rem] rounded px-px py-[0.2rem] transition-colors duration-100 ease-in-out\">Se vende en envases grandes (800\u202fml), lo que lo hace ideal para uso frecuente o familiar.<\/span><\/p>\n<\/li>\n<\/ul>\n","protected":false},"excerpt":{"rendered":"<p>ARGAN OIL Este acondicionador con aceite de arg\u00e1n es un tratamiento potente ideal para quienes buscan nutrir y proteger su<\/p>\n","protected":false},"featured_media":84312,"comment_status":"open","ping_status":"closed","template":"","meta":{"nf_dc_page":""},"product_brand":[491],"product_cat":[85],"product_tag":[521],"class_list":{"0":"post-84311","1":"product","2":"type-product","3":"status-publish","4":"has-post-thumbnail","6":"product_brand-keratine-queen","7":"product_cat-cosmeticos","8":"product_tag-521","10":"first","11":"instock","12":"shipping-taxable","13":"purchasable","14":"product-type-simple"},"_links":{"self":[{"href":"https:\/\/brandss.com.py\/index\/wp-json\/wp\/v2\/product\/84311","targetHints":{"allow":["GET"]}}],"collection":[{"href":"https:\/\/brandss.com.py\/index\/wp-json\/wp\/v2\/product"}],"about":[{"href":"https:\/\/brandss.com.py\/index\/wp-json\/wp\/v2\/types\/product"}],"replies":[{"embeddable":true,"href":"https:\/\/brandss.com.py\/index\/wp-json\/wp\/v2\/comments?post=84311"}],"version-history":[{"count":1,"href":"https:\/\/brandss.com.py\/index\/wp-json\/wp\/v2\/product\/84311\/revisions"}],"predecessor-version":[{"id":84316,"href":"https:\/\/brandss.com.py\/index\/wp-json\/wp\/v2\/product\/84311\/revisions\/84316"}],"wp:featuredmedia":[{"embeddable":true,"href":"https:\/\/brandss.com.py\/index\/wp-json\/wp\/v2\/media\/84312"}],"wp:attachment":[{"href":"https:\/\/brandss.com.py\/index\/wp-json\/wp\/v2\/media?parent=84311"}],"wp:term":[{"taxonomy":"product_brand","embeddable":true,"href":"https:\/\/brandss.com.py\/index\/wp-json\/wp\/v2\/product_brand?post=84311"},{"taxonomy":"product_cat","embeddable":true,"href":"https:\/\/brandss.com.py\/index\/wp-json\/wp\/v2\/product_cat?post=84311"},{"taxonomy":"product_tag","embeddable":true,"href":"https:\/\/brandss.com.py\/index\/wp-json\/wp\/v2\/product_tag?post=84311"}],"curies":[{"name":"wp","href":"https:\/\/api.w.org\/{rel}","templated":true}]}}