{"id":84333,"date":"2025-06-16T13:24:45","date_gmt":"2025-06-16T13:24:45","guid":{"rendered":"https:\/\/brandss.com.py\/index\/?post_type=product&#038;p=84333"},"modified":"2025-09-25T14:43:46","modified_gmt":"2025-09-25T14:43:46","slug":"shampoo-capilar-keratine-queen-collagen-hair-750ml","status":"publish","type":"product","link":"https:\/\/brandss.com.py\/index\/producto\/shampoo-capilar-keratine-queen-collagen-hair-750ml\/","title":{"rendered":"SHAMPOO CAPILAR KERATINE QUEEN COLLAGEN HAIR 750ML"},"content":{"rendered":"<p><img loading=\"lazy\" decoding=\"async\" class=\"\" src=\"https:\/\/encrypted-tbn0.gstatic.com\/images?q=tbn:ANd9GcQS562fLa_Zci313Mpn59wIPtTWqbh3Zg1E2g&amp;s\" alt=\"Keratine Queen Cambodia\" width=\"98\" height=\"98\" \/><\/p>\n<h1>COLLAGEN HAIR<\/h1>\n<p><span>Esta lujosa gama de productos profesionales para el cuidado capilar con aceite de arg\u00e1n es el regalo m\u00e1s preciado que puedes darle a tu cabello. El champ\u00fa con aceite de arg\u00e1n nutre intensamente, dejando el cabello sin enredos ni frizz. El cabello quedar\u00e1 suave, manejable y con un brillo radiante durante todo el d\u00eda. Contiene aceite de arg\u00e1n y extracto de seda para reparar y reponer los nutrientes.<\/span><\/p>\n<p><span>Esto fortalece el cabello de forma natural. Collagen ayuda a hidratar el cabello y a mejorar su elasticidad. Es rico en vitamina E y col\u00e1geno para proporcionar hidrataci\u00f3n y protecci\u00f3n UV natural.<\/span><\/p>\n<p><span>Estos ingredientes selectos y fragancias \u00fanicas se combinan en cada una de nuestras f\u00f3rmulas nutritivas y suaves para ayudar a restaurar la salud y la belleza natural de tu cabello con cada uso. El champ\u00fa de col\u00e1geno es un elixir de lujo que restaura el cabello sobreprocesado y da\u00f1ado por qu\u00edmicos y radicales libres ambientales. Tambi\u00e9n restaura, hidrata y desenreda el cabello, pelucas y extensiones, y revitaliza el cuero cabelludo y las puntas abiertas. Limpia suavemente mientras nutre el cabello con aceite de arg\u00e1n, queratina, \u00e1cidos grasos, prote\u00ednas y otros nutrientes.<\/span><\/p>\n<p><span>Estos ingredientes clave act\u00faan en sinergia con la nanotecnolog\u00eda para recubrir las fibras capilares con una pel\u00edcula protectora eficaz. Esto prepara el terreno para un resultado suave y hermoso. Es un champ\u00fa sin SLS y sin crueldad animal.<\/span><\/p>\n","protected":false},"excerpt":{"rendered":"<p>COLLAGEN HAIR Esta lujosa gama de productos profesionales para el cuidado capilar con aceite de arg\u00e1n es el regalo m\u00e1s<\/p>\n","protected":false},"featured_media":84334,"comment_status":"open","ping_status":"closed","template":"","meta":{"nf_dc_page":""},"product_brand":[491],"product_cat":[85],"product_tag":[524],"class_list":{"0":"post-84333","1":"product","2":"type-product","3":"status-publish","4":"has-post-thumbnail","6":"product_brand-keratine-queen","7":"product_cat-cosmeticos","8":"product_tag-524","10":"first","11":"instock","12":"shipping-taxable","13":"purchasable","14":"product-type-simple"},"_links":{"self":[{"href":"https:\/\/brandss.com.py\/index\/wp-json\/wp\/v2\/product\/84333","targetHints":{"allow":["GET"]}}],"collection":[{"href":"https:\/\/brandss.com.py\/index\/wp-json\/wp\/v2\/product"}],"about":[{"href":"https:\/\/brandss.com.py\/index\/wp-json\/wp\/v2\/types\/product"}],"replies":[{"embeddable":true,"href":"https:\/\/brandss.com.py\/index\/wp-json\/wp\/v2\/comments?post=84333"}],"version-history":[{"count":1,"href":"https:\/\/brandss.com.py\/index\/wp-json\/wp\/v2\/product\/84333\/revisions"}],"predecessor-version":[{"id":84340,"href":"https:\/\/brandss.com.py\/index\/wp-json\/wp\/v2\/product\/84333\/revisions\/84340"}],"wp:featuredmedia":[{"embeddable":true,"href":"https:\/\/brandss.com.py\/index\/wp-json\/wp\/v2\/media\/84334"}],"wp:attachment":[{"href":"https:\/\/brandss.com.py\/index\/wp-json\/wp\/v2\/media?parent=84333"}],"wp:term":[{"taxonomy":"product_brand","embeddable":true,"href":"https:\/\/brandss.com.py\/index\/wp-json\/wp\/v2\/product_brand?post=84333"},{"taxonomy":"product_cat","embeddable":true,"href":"https:\/\/brandss.com.py\/index\/wp-json\/wp\/v2\/product_cat?post=84333"},{"taxonomy":"product_tag","embeddable":true,"href":"https:\/\/brandss.com.py\/index\/wp-json\/wp\/v2\/product_tag?post=84333"}],"curies":[{"name":"wp","href":"https:\/\/api.w.org\/{rel}","templated":true}]}}