{"id":84341,"date":"2025-06-16T13:53:08","date_gmt":"2025-06-16T13:53:08","guid":{"rendered":"https:\/\/brandss.com.py\/index\/?post_type=product&#038;p=84341"},"modified":"2025-09-25T14:44:31","modified_gmt":"2025-09-25T14:44:31","slug":"acondicionador-capilar-keratine-queen-collagen-hair-750ml","status":"publish","type":"product","link":"https:\/\/brandss.com.py\/index\/producto\/acondicionador-capilar-keratine-queen-collagen-hair-750ml\/","title":{"rendered":"ACONDICIONADOR CAPILAR KERATINE QUEEN COLLAGEN HAIR 750ML"},"content":{"rendered":"<p><img loading=\"lazy\" decoding=\"async\" class=\"\" src=\"https:\/\/encrypted-tbn0.gstatic.com\/images?q=tbn:ANd9GcQS562fLa_Zci313Mpn59wIPtTWqbh3Zg1E2g&amp;s\" alt=\"Keratine Queen Cambodia\" width=\"99\" height=\"99\" \/><\/p>\n<h1>COLLAGEN HAIR<\/h1>\n<p>Este acondicionador contiene el componente m\u00e1s importante del col\u00e1geno, la matriz extracelular, una variedad de ingredientes hidratantes para el cuidado del cabello que previene la ca\u00edda del cabello y mantienen la apariencia original del color, reparan las puntas abiertas secas y el encrespamiento inc\u00f3modo, mejora el brillo y la dureza del cabello, deja el cabello m\u00e1s sueve, sedoso y brillante.<\/p>\n","protected":false},"excerpt":{"rendered":"<p>COLLAGEN HAIR Este acondicionador contiene el componente m\u00e1s importante del col\u00e1geno, la matriz extracelular, una variedad de ingredientes hidratantes para<\/p>\n","protected":false},"featured_media":84342,"comment_status":"open","ping_status":"closed","template":"","meta":{"nf_dc_page":""},"product_brand":[491],"product_cat":[85],"product_tag":[525],"class_list":{"0":"post-84341","1":"product","2":"type-product","3":"status-publish","4":"has-post-thumbnail","6":"product_brand-keratine-queen","7":"product_cat-cosmeticos","8":"product_tag-525","10":"first","11":"instock","12":"shipping-taxable","13":"purchasable","14":"product-type-simple"},"_links":{"self":[{"href":"https:\/\/brandss.com.py\/index\/wp-json\/wp\/v2\/product\/84341","targetHints":{"allow":["GET"]}}],"collection":[{"href":"https:\/\/brandss.com.py\/index\/wp-json\/wp\/v2\/product"}],"about":[{"href":"https:\/\/brandss.com.py\/index\/wp-json\/wp\/v2\/types\/product"}],"replies":[{"embeddable":true,"href":"https:\/\/brandss.com.py\/index\/wp-json\/wp\/v2\/comments?post=84341"}],"version-history":[{"count":1,"href":"https:\/\/brandss.com.py\/index\/wp-json\/wp\/v2\/product\/84341\/revisions"}],"predecessor-version":[{"id":84346,"href":"https:\/\/brandss.com.py\/index\/wp-json\/wp\/v2\/product\/84341\/revisions\/84346"}],"wp:featuredmedia":[{"embeddable":true,"href":"https:\/\/brandss.com.py\/index\/wp-json\/wp\/v2\/media\/84342"}],"wp:attachment":[{"href":"https:\/\/brandss.com.py\/index\/wp-json\/wp\/v2\/media?parent=84341"}],"wp:term":[{"taxonomy":"product_brand","embeddable":true,"href":"https:\/\/brandss.com.py\/index\/wp-json\/wp\/v2\/product_brand?post=84341"},{"taxonomy":"product_cat","embeddable":true,"href":"https:\/\/brandss.com.py\/index\/wp-json\/wp\/v2\/product_cat?post=84341"},{"taxonomy":"product_tag","embeddable":true,"href":"https:\/\/brandss.com.py\/index\/wp-json\/wp\/v2\/product_tag?post=84341"}],"curies":[{"name":"wp","href":"https:\/\/api.w.org\/{rel}","templated":true}]}}