{"id":84347,"date":"2025-06-16T14:32:41","date_gmt":"2025-06-16T14:32:41","guid":{"rendered":"https:\/\/brandss.com.py\/index\/?post_type=product&#038;p=84347"},"modified":"2025-09-25T16:47:39","modified_gmt":"2025-09-25T16:47:39","slug":"set-capilar-keratine-queen-collagen-hair-shampoo-acondicionador-750ml","status":"publish","type":"product","link":"https:\/\/brandss.com.py\/index\/producto\/set-capilar-keratine-queen-collagen-hair-shampoo-acondicionador-750ml\/","title":{"rendered":"SET CAPILAR KERATINE QUEEN COLLAGEN HAIR SHAMPOO + ACONDICIONADOR 750ML"},"content":{"rendered":"<p><img loading=\"lazy\" decoding=\"async\" class=\"\" src=\"https:\/\/encrypted-tbn0.gstatic.com\/images?q=tbn:ANd9GcQS562fLa_Zci313Mpn59wIPtTWqbh3Zg1E2g&amp;s\" alt=\"Keratine Queen Cambodia\" width=\"82\" height=\"82\" \/><\/p>\n<h1>COLLAGEN HAIR<\/h1>\n<p><span>Este set de champ\u00fa y acondicionador con aceite marroqu\u00ed contiene aceite de col\u00e1geno marroqu\u00ed 100 % puro de la m\u00e1s alta calidad y pureza; un acondicionador suave, sin sulfatos y enriquecido con vitaminas.<\/span><\/p>\n<h6>\n<span>BENEFICIOS DEL ACEITE DE COL\u00c1GENO: <\/span><\/h6>\n<p><span>Rico en antioxidantes, \u00e1cidos grasos esenciales y vitamina E, el aceite de col\u00e1geno marroqu\u00ed ayuda a rejuvenecer la piel de forma natural, aumentar la elasticidad del cabello y restaurar el brillo del cabello opaco y sin brillo. Es un potente antioxidante, protector UV y neutralizador de radicales libres, utilizado durante siglos por los marroqu\u00edes. Las propiedades del aceite de arg\u00e1n son reconocidas por su capacidad para promover un crecimiento capilar sano y m\u00e1s grueso.<\/span><\/p>\n<h6>\n<span>EST\u00c1NDAR DE EXCELENCIA: <\/span><\/h6>\n<p><span>El nuevo est\u00e1ndar en hidrataci\u00f3n y volumen, el set de champ\u00fa y acondicionador con aceite de col\u00e1geno se est\u00e1 convirtiendo r\u00e1pidamente en un producto imprescindible para quienes buscan hidratar, promover una regeneraci\u00f3n profunda, reducir la descamaci\u00f3n y la sequedad del cuero cabelludo y promover un crecimiento capilar sano y fuerte.<\/span><\/p>\n<h6><span>Para todo tipo de cabello: <\/span><\/h6>\n<p><span>Este es el conjunto de champ\u00fa y acondicionador de spa hidratante perfecto para cabello graso, seco y te\u00f1ido; proporciona a hombres y mujeres vitaminas vitales para nutrir el cabello.<\/span><\/p>\n<h6><span>SATISFACCI\u00d3N GARANTIZADA: <\/span><\/h6>\n<p><span>Hemos invertido mucho tiempo en encontrar e investigar los mejores ingredientes para nuestros acondicionadores herbales. Un tratamiento de lujo que garantiza restaurar y mantener un cabello brillante.<\/span><\/p>\n","protected":false},"excerpt":{"rendered":"<p>COLLAGEN HAIR Este set de champ\u00fa y acondicionador con aceite marroqu\u00ed contiene aceite de col\u00e1geno marroqu\u00ed 100 % puro de<\/p>\n","protected":false},"featured_media":84348,"comment_status":"open","ping_status":"closed","template":"","meta":{"nf_dc_page":""},"product_brand":[491],"product_cat":[85],"product_tag":[526],"class_list":{"0":"post-84347","1":"product","2":"type-product","3":"status-publish","4":"has-post-thumbnail","6":"product_brand-keratine-queen","7":"product_cat-cosmeticos","8":"product_tag-526","10":"first","11":"instock","12":"shipping-taxable","13":"purchasable","14":"product-type-simple"},"_links":{"self":[{"href":"https:\/\/brandss.com.py\/index\/wp-json\/wp\/v2\/product\/84347","targetHints":{"allow":["GET"]}}],"collection":[{"href":"https:\/\/brandss.com.py\/index\/wp-json\/wp\/v2\/product"}],"about":[{"href":"https:\/\/brandss.com.py\/index\/wp-json\/wp\/v2\/types\/product"}],"replies":[{"embeddable":true,"href":"https:\/\/brandss.com.py\/index\/wp-json\/wp\/v2\/comments?post=84347"}],"version-history":[{"count":1,"href":"https:\/\/brandss.com.py\/index\/wp-json\/wp\/v2\/product\/84347\/revisions"}],"predecessor-version":[{"id":84352,"href":"https:\/\/brandss.com.py\/index\/wp-json\/wp\/v2\/product\/84347\/revisions\/84352"}],"wp:featuredmedia":[{"embeddable":true,"href":"https:\/\/brandss.com.py\/index\/wp-json\/wp\/v2\/media\/84348"}],"wp:attachment":[{"href":"https:\/\/brandss.com.py\/index\/wp-json\/wp\/v2\/media?parent=84347"}],"wp:term":[{"taxonomy":"product_brand","embeddable":true,"href":"https:\/\/brandss.com.py\/index\/wp-json\/wp\/v2\/product_brand?post=84347"},{"taxonomy":"product_cat","embeddable":true,"href":"https:\/\/brandss.com.py\/index\/wp-json\/wp\/v2\/product_cat?post=84347"},{"taxonomy":"product_tag","embeddable":true,"href":"https:\/\/brandss.com.py\/index\/wp-json\/wp\/v2\/product_tag?post=84347"}],"curies":[{"name":"wp","href":"https:\/\/api.w.org\/{rel}","templated":true}]}}