{"id":84353,"date":"2025-06-16T16:40:38","date_gmt":"2025-06-16T16:40:38","guid":{"rendered":"https:\/\/brandss.com.py\/index\/?post_type=product&#038;p=84353"},"modified":"2025-06-16T17:11:30","modified_gmt":"2025-06-16T17:11:30","slug":"jabon-intimo-femfresh-everyday-care-250ml","status":"publish","type":"product","link":"https:\/\/brandss.com.py\/index\/producto\/jabon-intimo-femfresh-everyday-care-250ml\/","title":{"rendered":"GEL \u00cdNTIMO FEMFRESH EVERYDAY CARE 250ML"},"content":{"rendered":"<p><img loading=\"lazy\" decoding=\"async\" class=\"\" src=\"https:\/\/femfresh.com.au\/wp-content\/uploads\/2019\/04\/FemfreshLogo-1.jpg\" alt=\"Home - Femfresh | pH perfect intimate products\" width=\"92\" height=\"61\" \/><\/p>\n<h1>EVERYDAY CARE<\/h1>\n<p>Femfresh Daily Wash est\u00e1 elaborado con extractos de aloe vera y cal\u00e9ndula, y tiene una f\u00f3rmula especialmente dise\u00f1ada con un pH equilibrado y sin jab\u00f3n para mantener la piel \u00edntima feliz y fresca durante todo el d\u00eda.<\/p>\n<p>Dale a tu piel \u00edntima el cuidado delicado que se merece con femfresh Daily Wash, especialmente formulado y con pH equilibrado para la piel \u00edntima y de uso diario.<\/p>\n<p>Enriquecido con extractos calmantes de aloe vera y cal\u00e9ndula, este gel \u00edntimo sin jab\u00f3n limpia con suavidad y act\u00faa en armon\u00eda con tu zona \u00edntima. Su f\u00f3rmula con pH equilibrado ha sido cl\u00ednicamente probada bajo control dermatol\u00f3gico y ginecol\u00f3gico y est\u00e1 elaborada con un 94 % de ingredientes de origen natural.<\/p>\n<p><strong>\u00bfSab\u00edas que&#8230;?<\/strong><br \/>\nEl pH de la piel \u00edntima es diferente al del resto del cuerpo. femfresh se adapta al pH natural de la piel \u00edntima para ayudar a mantener el equilibrio del microbioma natural de la piel, con un pH equilibrado y suave para el uso diario. pH y microbioma equilibrados.<\/p>\n<p>Afirmaciones del producto: pH y microbioma equilibrados. 94 % de ingredientes de origen natural. Sin jab\u00f3n. Probado por ginec\u00f3logos y dermat\u00f3logos.<\/p>\n<section>\n<h6>CARACTER\u00cdSTICAS CLAVE<\/h6>\n<p>\u2022 pH y microbioma equilibrados<br \/>\n\u2022 Elaborado con extractos de aloe vera y cal\u00e9ndula<br \/>\n\u2022 Elaborado con un 94 % de ingredientes de origen natural<br \/>\n\u2022 Hipoalerg\u00e9nico y sin jab\u00f3n<br \/>\n\u2022 Probado dermatol\u00f3gica y ginecol\u00f3gicamente<br \/>\n\u2022 Fabricado con orgullo en Australia<br \/>\n\u2022 Suave para uso diario<\/p>\n<\/section>\n<section>\n<h6>Advertencias<\/h6>\n<p>Solo para uso externo. Mantener alejado de los ojos. Mantener fuera del alcance de los ni\u00f1os.<\/p>\n<h6>PRECAUCI\u00d3N.<\/h6>\n<p>Solo para uso externo. Mantener alejado de los ojos. Mantener fuera del alcance de los ni\u00f1os.<\/p>\n<\/section>\n<section>\n<h6>Instrucciones<\/h6>\n<p>Usa el gel limpiador Femfresh para limpiar tu piel \u00edntima. Haz espuma y enjuaga bien con agua tibia. Solo para uso externo.<\/p>\n<h6>CONSEJOS DE USO<\/h6>\n<p>\u00daselo a diario para limpiar la piel \u00edntima. Apto durante la menstruaci\u00f3n. Solo para uso externo. Mantener fuera del alcance de los ni\u00f1os.<\/p>\n<\/section>\n","protected":false},"excerpt":{"rendered":"<p>EVERYDAY CARE Femfresh Daily Wash est\u00e1 elaborado con extractos de aloe vera y cal\u00e9ndula, y tiene una f\u00f3rmula especialmente dise\u00f1ada<\/p>\n","protected":false},"featured_media":84354,"comment_status":"open","ping_status":"closed","template":"","meta":{"nf_dc_page":""},"product_brand":[],"product_cat":[94],"product_tag":[],"class_list":{"0":"post-84353","1":"product","2":"type-product","3":"status-publish","4":"has-post-thumbnail","6":"product_cat-higiene-personal","8":"first","9":"instock","10":"shipping-taxable","11":"purchasable","12":"product-type-simple"},"_links":{"self":[{"href":"https:\/\/brandss.com.py\/index\/wp-json\/wp\/v2\/product\/84353","targetHints":{"allow":["GET"]}}],"collection":[{"href":"https:\/\/brandss.com.py\/index\/wp-json\/wp\/v2\/product"}],"about":[{"href":"https:\/\/brandss.com.py\/index\/wp-json\/wp\/v2\/types\/product"}],"replies":[{"embeddable":true,"href":"https:\/\/brandss.com.py\/index\/wp-json\/wp\/v2\/comments?post=84353"}],"version-history":[{"count":2,"href":"https:\/\/brandss.com.py\/index\/wp-json\/wp\/v2\/product\/84353\/revisions"}],"predecessor-version":[{"id":84368,"href":"https:\/\/brandss.com.py\/index\/wp-json\/wp\/v2\/product\/84353\/revisions\/84368"}],"wp:featuredmedia":[{"embeddable":true,"href":"https:\/\/brandss.com.py\/index\/wp-json\/wp\/v2\/media\/84354"}],"wp:attachment":[{"href":"https:\/\/brandss.com.py\/index\/wp-json\/wp\/v2\/media?parent=84353"}],"wp:term":[{"taxonomy":"product_brand","embeddable":true,"href":"https:\/\/brandss.com.py\/index\/wp-json\/wp\/v2\/product_brand?post=84353"},{"taxonomy":"product_cat","embeddable":true,"href":"https:\/\/brandss.com.py\/index\/wp-json\/wp\/v2\/product_cat?post=84353"},{"taxonomy":"product_tag","embeddable":true,"href":"https:\/\/brandss.com.py\/index\/wp-json\/wp\/v2\/product_tag?post=84353"}],"curies":[{"name":"wp","href":"https:\/\/api.w.org\/{rel}","templated":true}]}}