{"id":84386,"date":"2025-06-16T18:17:29","date_gmt":"2025-06-16T18:17:29","guid":{"rendered":"https:\/\/brandss.com.py\/index\/?post_type=product&#038;p=84386"},"modified":"2025-09-25T16:53:25","modified_gmt":"2025-09-25T16:53:25","slug":"spray-capilar-color-wow-raise-the-root-thick-and-lift-150ml","status":"publish","type":"product","link":"https:\/\/brandss.com.py\/index\/producto\/spray-capilar-color-wow-raise-the-root-thick-and-lift-150ml\/","title":{"rendered":"SPRAY CAPILAR COLOR WOW RAISE THE ROOT THICK AND LIFT 150ML"},"content":{"rendered":"<p><img loading=\"lazy\" decoding=\"async\" class=\"\" src=\"https:\/\/encrypted-tbn0.gstatic.com\/images?q=tbn:ANd9GcTwqKR_n2fYWUKefBLXMI8sFOlv-MhlKxOppA&amp;s\" alt=\"Color Wow logo horizontal PNG transparente - StickPNG\" width=\"156\" height=\"46\" \/><\/p>\n<h1>RAISE THE ROOT THICK AND LIFT<\/h1>\n<h6 class=\"productSubtitle\"><span>Levantamiento de ra\u00edces y volumen durante todo el d\u00eda, nunca pegajoso ni r\u00edgido, protecci\u00f3n contra el calor<\/span><\/h6>\n<p>El spray Color Wow Raise the Root Thick and Lift proporciona cuerpo y volumen durante todo el d\u00eda; no se queda pegajoso ni r\u00edgido y ofrece protecci\u00f3n t\u00e9rmica. Apto para todo tipo de cabello; ideal para cabello fino, lacio y delgado.<\/p>\n<p><span>Raise the Root est\u00e1 formulado con pol\u00edmeros transl\u00facidos y flexibles \u00fanicos que act\u00faan como un resorte en la ra\u00edz del cabello, creando elevaci\u00f3n y volumen instant\u00e1neos que duran.\u00a0<\/span><\/p>\n<p><span>No deja la sensaci\u00f3n r\u00edgida, pegajosa ni crujiente de la laca. Tu cabello luce y se siente naturalmente voluminoso, abundante y con cuerpo. Esta f\u00f3rmula no opacar\u00e1 ni oscurecer\u00e1 el color.<\/span><\/p>\n<ul>\n<li><span>Proporciona un importante levantamiento de ra\u00edces sin sensaci\u00f3n r\u00edgida ni pegajosa.<\/span><\/li>\n<li><span>Contiene elast\u00f3meros patentados que forman un \u201cresorte\u201d en las ra\u00edces.<\/span><\/li>\n<li><span>Levantador de ra\u00edces que se puede utilizar en cabello h\u00famedo o seco.<\/span><\/li>\n<li><span>No amarillea; nunca pegajoso ni r\u00edgido para estilos naturales y con volumen.<\/span><\/li>\n<\/ul>\n<h6><b><span>Caracter\u00edsticas principales:<\/span><\/b><\/h6>\n<p><span>&#8211; Mantiene el cabello flexible y manejable<\/span><br \/>\n<span>&#8211; Formulado con tres elast\u00f3meros ligeros que mantienen el cabello flexible y suave, sin dejarlo pegajoso, quebradizo ni r\u00edgido<\/span><br \/>\n<span>&#8211; La exclusiva resina espesante crea un &#8220;resorte&#8221; de soporte alrededor de cada cabello, creando volumen y un volumen instant\u00e1neo<\/span><br \/>\n<span>&#8211; Contiene un filtro UV y resinas de peinado transparentes que no amarillean ni oscurecen el cabello.<\/span><\/p>\n<p><i><span>Color Wow es una marca libre de crueldad animal; no prueba ninguno de sus productos en animales.<\/span><\/i><\/p>\n<h6 class=\"productSubtitle\"><strong><span>MODO DE EMPLEO<\/span><\/strong><\/h6>\n<ol>\n<li><span>Roc\u00ede sobre el cabello h\u00famedo o seco, concentr\u00e1ndose en las ra\u00edces.<\/span><\/li>\n<li><span>Dale estilo como desees.<\/span><\/li>\n<li><span>Aplicar calor con secador para obtener resultados duraderos.<\/span><\/li>\n<\/ol>\n<h6><strong><span>MEJOR PARA<\/span><\/strong><\/h6>\n<p><span>Para todo tipo de cabello; ideal para cabello fino, liso y delgado.<\/span><\/p>\n","protected":false},"excerpt":{"rendered":"<p>RAISE THE ROOT THICK AND LIFT Levantamiento de ra\u00edces y volumen durante todo el d\u00eda, nunca pegajoso ni r\u00edgido, protecci\u00f3n<\/p>\n","protected":false},"featured_media":84387,"comment_status":"open","ping_status":"closed","template":"","meta":{"nf_dc_page":""},"product_brand":[527],"product_cat":[85],"product_tag":[530],"class_list":{"0":"post-84386","1":"product","2":"type-product","3":"status-publish","4":"has-post-thumbnail","6":"product_brand-color-wow","7":"product_cat-cosmeticos","8":"product_tag-530","10":"first","11":"instock","12":"shipping-taxable","13":"purchasable","14":"product-type-simple"},"_links":{"self":[{"href":"https:\/\/brandss.com.py\/index\/wp-json\/wp\/v2\/product\/84386","targetHints":{"allow":["GET"]}}],"collection":[{"href":"https:\/\/brandss.com.py\/index\/wp-json\/wp\/v2\/product"}],"about":[{"href":"https:\/\/brandss.com.py\/index\/wp-json\/wp\/v2\/types\/product"}],"replies":[{"embeddable":true,"href":"https:\/\/brandss.com.py\/index\/wp-json\/wp\/v2\/comments?post=84386"}],"version-history":[{"count":1,"href":"https:\/\/brandss.com.py\/index\/wp-json\/wp\/v2\/product\/84386\/revisions"}],"predecessor-version":[{"id":84394,"href":"https:\/\/brandss.com.py\/index\/wp-json\/wp\/v2\/product\/84386\/revisions\/84394"}],"wp:featuredmedia":[{"embeddable":true,"href":"https:\/\/brandss.com.py\/index\/wp-json\/wp\/v2\/media\/84387"}],"wp:attachment":[{"href":"https:\/\/brandss.com.py\/index\/wp-json\/wp\/v2\/media?parent=84386"}],"wp:term":[{"taxonomy":"product_brand","embeddable":true,"href":"https:\/\/brandss.com.py\/index\/wp-json\/wp\/v2\/product_brand?post=84386"},{"taxonomy":"product_cat","embeddable":true,"href":"https:\/\/brandss.com.py\/index\/wp-json\/wp\/v2\/product_cat?post=84386"},{"taxonomy":"product_tag","embeddable":true,"href":"https:\/\/brandss.com.py\/index\/wp-json\/wp\/v2\/product_tag?post=84386"}],"curies":[{"name":"wp","href":"https:\/\/api.w.org\/{rel}","templated":true}]}}