{"id":84427,"date":"2025-06-17T13:28:42","date_gmt":"2025-06-17T13:28:42","guid":{"rendered":"https:\/\/brandss.com.py\/index\/?post_type=product&#038;p=84427"},"modified":"2025-09-25T17:01:15","modified_gmt":"2025-09-25T17:01:15","slug":"shampoo-capilar-yolofay-dr-ale-revitalizing-750ml","status":"publish","type":"product","link":"https:\/\/brandss.com.py\/index\/producto\/shampoo-capilar-yolofay-dr-ale-revitalizing-750ml\/","title":{"rendered":"SHAMPOO CAPILAR YOLOFAY DR. ALE REVITALIZING 750ML"},"content":{"rendered":"<p><img loading=\"lazy\" decoding=\"async\" class=\"\" src=\"https:\/\/s.alicdn.com\/@sc01\/kf\/Heaae602156e64844a91fd268067eb804C.jpg_720x720q50.jpg\" alt=\"YOLOFAY Dr.ALE Cuidado del cabello profesional con logotipo personalizado  Champ\u00fa org\u00e1nico Acondicionador Mascarilla para el cabello Suero y prote\u00edna  reparadora del cabello| Alibaba.com\" width=\"275\" height=\"155\" \/><\/p>\n<h1>REVITALIZING<\/h1>\n<h2><\/h2>\n<h3><em>Champ\u00fa de col\u00e1geno y queratina que contiene vitamina B (sulfato libre)<\/em><\/h3>\n<p><span>Un champ\u00fa completamente especializado y profesional para todo tipo de cabello, elaborado con tecnolog\u00eda de vanguardia para la nutrici\u00f3n capilar profesional. Contiene vitamina B7, biotina y col\u00e1geno para restaurar y completar el crecimiento del cabello da\u00f1ado, haci\u00e9ndolo m\u00e1s abundante y asegurando el crecimiento capilar.<\/span><br \/>\n<span>Este producto contiene ingredientes herbales, no contiene sulfatos, fosfatos ni parabenos, tiene un empaque elegante y resistente, tiene un aroma maravilloso, se puede usar a diario y, en lugar de un champ\u00fa convencional, se puede usar en salones profesionales.<\/span><br \/>\n<span>Como sabes, existen muchos factores que da\u00f1an el cabello y las ra\u00edces capilares a los que nos enfrentamos a diario. Si te preocupas por la belleza, la salud y el crecimiento de tu cabello, qu\u00e9date con nosotros hasta el final para presentarte un producto completamente especializado y profesional para la nutrici\u00f3n, hidrataci\u00f3n y reconstrucci\u00f3n avanzada del cabello da\u00f1ado.<\/span><\/p>\n<h3><span>Caracter\u00edsticas del champ\u00fa sin sulfato de col\u00e1geno:<\/span><\/h3>\n<ul>\n<li><span>Sin sodio, sin sulfatos.<\/span><\/li>\n<li><span>Contiene col\u00e1geno y queratina con una vida \u00fatil de 5 a 6 meses con cuidado.<\/span><\/li>\n<li><span>Para cabello seco y encrespado.<\/span><\/li>\n<li><span>Da\u00f1ado, te\u00f1ido y encrespado.<\/span><\/li>\n<li><span>Fuerte regeneraci\u00f3n capilar, antica\u00edda.<\/span><\/li>\n<li><span>Ayuda al crecimiento del cabello, humectante fuerte.<\/span><\/li>\n<li><span>Se puede utilizar despu\u00e9s de la keratina capilar.<\/span><\/li>\n<li><span>F\u00e1cil de usar para la queratina y la nutrici\u00f3n gradual del cabello.<\/span><\/li>\n<li><span>Utilizado como fuente de agua.<\/span><\/li>\n<\/ul>\n","protected":false},"excerpt":{"rendered":"<p>REVITALIZING Champ\u00fa de col\u00e1geno y queratina que contiene vitamina B (sulfato libre) Un champ\u00fa completamente especializado y profesional para todo<\/p>\n","protected":false},"featured_media":84428,"comment_status":"open","ping_status":"closed","template":"","meta":{"nf_dc_page":""},"product_brand":[532],"product_cat":[85],"product_tag":[536],"class_list":{"0":"post-84427","1":"product","2":"type-product","3":"status-publish","4":"has-post-thumbnail","6":"product_brand-yolofay-dr-ale","7":"product_cat-cosmeticos","8":"product_tag-536","10":"first","11":"instock","12":"shipping-taxable","13":"purchasable","14":"product-type-simple"},"_links":{"self":[{"href":"https:\/\/brandss.com.py\/index\/wp-json\/wp\/v2\/product\/84427","targetHints":{"allow":["GET"]}}],"collection":[{"href":"https:\/\/brandss.com.py\/index\/wp-json\/wp\/v2\/product"}],"about":[{"href":"https:\/\/brandss.com.py\/index\/wp-json\/wp\/v2\/types\/product"}],"replies":[{"embeddable":true,"href":"https:\/\/brandss.com.py\/index\/wp-json\/wp\/v2\/comments?post=84427"}],"version-history":[{"count":1,"href":"https:\/\/brandss.com.py\/index\/wp-json\/wp\/v2\/product\/84427\/revisions"}],"predecessor-version":[{"id":84432,"href":"https:\/\/brandss.com.py\/index\/wp-json\/wp\/v2\/product\/84427\/revisions\/84432"}],"wp:featuredmedia":[{"embeddable":true,"href":"https:\/\/brandss.com.py\/index\/wp-json\/wp\/v2\/media\/84428"}],"wp:attachment":[{"href":"https:\/\/brandss.com.py\/index\/wp-json\/wp\/v2\/media?parent=84427"}],"wp:term":[{"taxonomy":"product_brand","embeddable":true,"href":"https:\/\/brandss.com.py\/index\/wp-json\/wp\/v2\/product_brand?post=84427"},{"taxonomy":"product_cat","embeddable":true,"href":"https:\/\/brandss.com.py\/index\/wp-json\/wp\/v2\/product_cat?post=84427"},{"taxonomy":"product_tag","embeddable":true,"href":"https:\/\/brandss.com.py\/index\/wp-json\/wp\/v2\/product_tag?post=84427"}],"curies":[{"name":"wp","href":"https:\/\/api.w.org\/{rel}","templated":true}]}}