{"id":84471,"date":"2025-06-17T18:44:48","date_gmt":"2025-06-17T18:44:48","guid":{"rendered":"https:\/\/brandss.com.py\/index\/?post_type=product&#038;p=84471"},"modified":"2025-06-17T18:45:38","modified_gmt":"2025-06-17T18:45:38","slug":"base-facial-the-artistary-soft-mist-foundation-30ml","status":"publish","type":"product","link":"https:\/\/brandss.com.py\/index\/producto\/base-facial-the-artistary-soft-mist-foundation-30ml\/","title":{"rendered":"BASE FACIAL THE ARTISTARY SOFT MIST FOUNDATION 30ML"},"content":{"rendered":"<p><img loading=\"lazy\" decoding=\"async\" class=\"alignnone  wp-image-84472\" src=\"https:\/\/brandss.com.py\/index\/wp-content\/uploads\/2025\/06\/AA-24-400x101.png\" alt=\"\" width=\"190\" height=\"48\" srcset=\"https:\/\/brandss.com.py\/index\/wp-content\/uploads\/2025\/06\/AA-24-400x101.png 400w, https:\/\/brandss.com.py\/index\/wp-content\/uploads\/2025\/06\/AA-24-430x109.png 430w, https:\/\/brandss.com.py\/index\/wp-content\/uploads\/2025\/06\/AA-24-150x38.png 150w, https:\/\/brandss.com.py\/index\/wp-content\/uploads\/2025\/06\/AA-24.png 538w\" sizes=\"auto, (max-width: 190px) 100vw, 190px\" \/><\/p>\n<h1>SOFT MIST<\/h1>\n<p>La base de maquillaje Artistary Soft Mist tiene una textura hidratante ligera y \u00fanica. El tono es f\u00e1cil de aplicar y difuminar, y se distribuye uniformemente sobre la piel. La crema facial ligera ayuda a disimular imperfecciones como el acn\u00e9 y las rojeces, aportando a la piel una textura uniforme y ocultando los poros. Ingredientes como el \u00e1cido hialur\u00f3nico y el aceite de jojoba proporcionan una cobertura ideal, disimulando las rojeces y la pigmentaci\u00f3n, unificando el tono de la piel y aportando luminosidad y belleza natural. Esta base de maquillaje matificante y de larga duraci\u00f3n es apta para todo tipo de piel y combina a la perfecci\u00f3n con aceites, s\u00e9rums y prebases. La gama de cosm\u00e9ticos decorativos para mujer incluye 6 tonos: desde beige claro hasta beige oscuro.<\/p>\n<p><strong>Modo de empleo: <\/strong><\/p>\n<p>Limpia el rostro y aplica la crema hidratante.<\/p>\n<p>Deja que se absorba.<\/p>\n<p>Toma la base de maquillaje con los dedos. Se calentar\u00e1 en las manos, lo que facilitar\u00e1 la aplicaci\u00f3n.<\/p>\n<p>Aplica el producto con peque\u00f1os toques en cada zona del rostro.<\/p>\n<p>Difumina la base con una brocha o esponja, comenzando por el contorno de ojos y luego extendi\u00e9ndola por la nariz, las mejillas, la barbilla y la frente.<\/p>\n<p>Fija la base con polvos.<\/p>\n<p>C\u00f3mo aplicar el producto con las manos: pon la base en los dedos.<\/p>\n<p>Apl\u00edcala en puntos: unas gotas en el centro de la frente, la nariz, las mejillas y la barbilla. Distribuye cuidadosamente el producto por todo el rostro.<\/p>\n<p>Nota: hazlo con toques suaves con las yemas de los dedos.<\/p>\n<p>Consejo: no frotes ni manches la base, ya que el tono quedar\u00e1 irregular. Puedes usar una esponja para crear una capa fina y uniforme. Humedece la esponja con agua, pero escurre el exceso de l\u00edquido. Aplica la crema en puntos por todo el rostro para que se distribuya uniformemente. Luego, con toques suaves con la esponja, difumina el producto, comenzando desde el centro del rostro hacia la periferia<\/p>\n","protected":false},"excerpt":{"rendered":"<p>SOFT MIST La base de maquillaje Artistary Soft Mist tiene una textura hidratante ligera y \u00fanica. El tono es f\u00e1cil<\/p>\n","protected":false},"featured_media":84473,"comment_status":"open","ping_status":"closed","template":"","meta":{"nf_dc_page":""},"product_brand":[],"product_cat":[95],"product_tag":[],"class_list":{"0":"post-84471","1":"product","2":"type-product","3":"status-publish","4":"has-post-thumbnail","6":"product_cat-maquillaje","8":"first","9":"instock","10":"shipping-taxable","11":"purchasable","12":"product-type-simple"},"_links":{"self":[{"href":"https:\/\/brandss.com.py\/index\/wp-json\/wp\/v2\/product\/84471","targetHints":{"allow":["GET"]}}],"collection":[{"href":"https:\/\/brandss.com.py\/index\/wp-json\/wp\/v2\/product"}],"about":[{"href":"https:\/\/brandss.com.py\/index\/wp-json\/wp\/v2\/types\/product"}],"replies":[{"embeddable":true,"href":"https:\/\/brandss.com.py\/index\/wp-json\/wp\/v2\/comments?post=84471"}],"version-history":[{"count":1,"href":"https:\/\/brandss.com.py\/index\/wp-json\/wp\/v2\/product\/84471\/revisions"}],"predecessor-version":[{"id":84478,"href":"https:\/\/brandss.com.py\/index\/wp-json\/wp\/v2\/product\/84471\/revisions\/84478"}],"wp:featuredmedia":[{"embeddable":true,"href":"https:\/\/brandss.com.py\/index\/wp-json\/wp\/v2\/media\/84473"}],"wp:attachment":[{"href":"https:\/\/brandss.com.py\/index\/wp-json\/wp\/v2\/media?parent=84471"}],"wp:term":[{"taxonomy":"product_brand","embeddable":true,"href":"https:\/\/brandss.com.py\/index\/wp-json\/wp\/v2\/product_brand?post=84471"},{"taxonomy":"product_cat","embeddable":true,"href":"https:\/\/brandss.com.py\/index\/wp-json\/wp\/v2\/product_cat?post=84471"},{"taxonomy":"product_tag","embeddable":true,"href":"https:\/\/brandss.com.py\/index\/wp-json\/wp\/v2\/product_tag?post=84471"}],"curies":[{"name":"wp","href":"https:\/\/api.w.org\/{rel}","templated":true}]}}