{"id":84546,"date":"2025-06-18T17:43:05","date_gmt":"2025-06-18T17:43:05","guid":{"rendered":"https:\/\/brandss.com.py\/index\/?post_type=product&#038;p=84546"},"modified":"2025-09-27T12:16:58","modified_gmt":"2025-09-27T12:16:58","slug":"spray-capilar-victoria-anna-real-control-moroccan-sin-aclarado-100ml","status":"publish","type":"product","link":"https:\/\/brandss.com.py\/index\/producto\/spray-capilar-victoria-anna-real-control-moroccan-sin-aclarado-100ml\/","title":{"rendered":"SPRAY CAPILAR VICTORIA ANNA REAL CONTROL MOROCCAN SIN ACLARADO 100ML"},"content":{"rendered":"<p><img loading=\"lazy\" decoding=\"async\" class=\"\" src=\"https:\/\/encrypted-tbn0.gstatic.com\/images?q=tbn:ANd9GcQ3OEjJ7to23tZxE-9UGTCEHZBYeycoTBGF9A&amp;s\" alt=\"Victoria ANNA\" width=\"97\" height=\"97\" \/><\/p>\n<h1>REAL CONTROL MOROCCAN<\/h1>\n<p data-start=\"0\" data-end=\"37\"><span class=\"relative -mx-px my-[-0.2rem] rounded px-px py-[0.2rem] transition-colors duration-100 ease-in-out\">El Spray Real Control Moroccan es un tratamiento en aerosol enriquecido con aceite de arg\u00e1n puro, dise\u00f1ado para hidratar, controlar el encrespado y aportar brillo sin dejar sensaci\u00f3n grasosa. Este spray\u00a0ofrece una soluci\u00f3n completa: hidrata, repara, controla frizz y protege del calor, aportando un brillo natural y una textura sedosa sin apelmazar. Se presenta en formato pr\u00e1ctico de 100\u202fml.<\/span><\/p>\n<h3 data-start=\"39\" data-end=\"74\">Principales caracter\u00edsticas:<\/h3>\n<ul data-start=\"76\" data-end=\"472\">\n<li data-start=\"76\" data-end=\"154\">\n<p data-start=\"78\" data-end=\"154\"><span class=\"relative -mx-px my-[-0.2rem] rounded px-px py-[0.2rem] transition-colors duration-100 ease-in-out\"><strong data-start=\"0\" data-end=\"48\" data-is-only-node=\"\">F\u00f3rmula liviana, a base de aceites naturales<\/strong>: contiene 100\u202f% aceite de arg\u00e1n marroqu\u00ed, rico en vitamina\u202fE, \u00e1cidos grasos y antioxidantes. Penetra sin apelmazar el cabello y ayuda a reparar and estructuras da\u00f1adas<\/span>.<\/p>\n<\/li>\n<li data-start=\"155\" data-end=\"233\">\n<p data-start=\"157\" data-end=\"233\"><span class=\"relative -mx-px my-[-0.2rem] rounded px-px py-[0.2rem] transition-colors duration-100 ease-in-out\"><strong data-start=\"0\" data-end=\"38\" data-is-only-node=\"\">Control del frizz y de la est\u00e1tica<\/strong>: reduce el encrespamiento y la electricidad est\u00e1tica, incluso en condiciones de alta humedad<\/span>.<\/p>\n<\/li>\n<li data-start=\"234\" data-end=\"312\">\n<p data-start=\"236\" data-end=\"312\"><span class=\"relative -mx-px my-[-0.2rem] rounded px-px py-[0.2rem] transition-colors duration-100 ease-in-out\"><strong data-start=\"0\" data-end=\"27\" data-is-only-node=\"\">Protecci\u00f3n t\u00e9rmica y UV<\/strong>: crea una barrera que protege el pelo del calor de secadores o planchas, y ofrece resistencia a los rayos UV<\/span> .<\/p>\n<\/li>\n<li data-start=\"313\" data-end=\"391\">\n<p data-start=\"315\" data-end=\"391\"><span class=\"relative -mx-px my-[-0.2rem] rounded px-px py-[0.2rem] transition-colors duration-100 ease-in-out\"><strong data-start=\"0\" data-end=\"21\" data-is-only-node=\"\">Brillo y suavidad<\/strong>: deja un acabado sedoso, con efecto \u201cba\u00f1o de brillo\u201d, revitaliza y desenreda el cabello, aportando sedosidad sin sensaci\u00f3n de product<\/span>.<\/p>\n<\/li>\n<li data-start=\"392\" data-end=\"472\">\n<p data-start=\"394\" data-end=\"472\"><span class=\"relative -mx-px my-[-0.2rem] rounded px-px py-[0.2rem] transition-colors duration-100 ease-in-out\"><strong data-start=\"0\" data-end=\"25\" data-is-only-node=\"\">Sensaci\u00f3n no pegajosa<\/strong>: a pesar de su poder hidratante, no forma pel\u00edcula ni deja residuos grasos.<\/span><\/p>\n<\/li>\n<\/ul>\n<h3 data-start=\"474\" data-end=\"505\">Modo de uso recomendado:<\/h3>\n<ol data-start=\"507\" data-end=\"805\">\n<li data-start=\"507\" data-end=\"532\">\n<p data-start=\"510\" data-end=\"532\">Agitar bien el envase.<\/p>\n<\/li>\n<li data-start=\"533\" data-end=\"611\">\n<p data-start=\"536\" data-end=\"611\">Pulverizar sobre el cabello limpio y h\u00famedo, desde unos 15\u202fcm de distancia.<\/p>\n<\/li>\n<li data-start=\"612\" data-end=\"654\">\n<p data-start=\"615\" data-end=\"654\">Peinar para distribuir bien la f\u00f3rmula.<\/p>\n<\/li>\n<li data-start=\"655\" data-end=\"712\">\n<p data-start=\"658\" data-end=\"712\">Activar con secador o plancha para mejores resultados.<\/p>\n<\/li>\n<li data-start=\"713\" data-end=\"805\">\n<p data-start=\"716\" data-end=\"805\">Puede aplicarse tambi\u00e9n en peque\u00f1as dosis sobre el cabello seco para reavivar el peinado.<\/p>\n<\/li>\n<\/ol>\n<h3 data-start=\"807\" data-end=\"830\">Ideal para ti si:<\/h3>\n<ul data-start=\"832\" data-end=\"983\">\n<li data-start=\"832\" data-end=\"874\">\n<p data-start=\"834\" data-end=\"874\">Tienes cabello seco, da\u00f1ado o con frizz.<\/p>\n<\/li>\n<li data-start=\"875\" data-end=\"922\">\n<p data-start=\"877\" data-end=\"922\">Usas calor con frecuencia (secador, plancha).<\/p>\n<\/li>\n<li data-start=\"923\" data-end=\"983\">\n<p data-start=\"925\" data-end=\"983\">Buscas un acabado brillante, suave y sin sensaci\u00f3n pesada.<\/p>\n<\/li>\n<\/ul>\n","protected":false},"excerpt":{"rendered":"<p>REAL CONTROL MOROCCAN El Spray Real Control Moroccan es un tratamiento en aerosol enriquecido con aceite de arg\u00e1n puro, dise\u00f1ado<\/p>\n","protected":false},"featured_media":84547,"comment_status":"open","ping_status":"closed","template":"","meta":{"nf_dc_page":""},"product_brand":[480],"product_cat":[85],"product_tag":[719],"class_list":{"0":"post-84546","1":"product","2":"type-product","3":"status-publish","4":"has-post-thumbnail","6":"product_brand-victoria-anna","7":"product_cat-cosmeticos","8":"product_tag-719","10":"first","11":"instock","12":"shipping-taxable","13":"purchasable","14":"product-type-simple"},"_links":{"self":[{"href":"https:\/\/brandss.com.py\/index\/wp-json\/wp\/v2\/product\/84546","targetHints":{"allow":["GET"]}}],"collection":[{"href":"https:\/\/brandss.com.py\/index\/wp-json\/wp\/v2\/product"}],"about":[{"href":"https:\/\/brandss.com.py\/index\/wp-json\/wp\/v2\/types\/product"}],"replies":[{"embeddable":true,"href":"https:\/\/brandss.com.py\/index\/wp-json\/wp\/v2\/comments?post=84546"}],"version-history":[{"count":1,"href":"https:\/\/brandss.com.py\/index\/wp-json\/wp\/v2\/product\/84546\/revisions"}],"predecessor-version":[{"id":84559,"href":"https:\/\/brandss.com.py\/index\/wp-json\/wp\/v2\/product\/84546\/revisions\/84559"}],"wp:featuredmedia":[{"embeddable":true,"href":"https:\/\/brandss.com.py\/index\/wp-json\/wp\/v2\/media\/84547"}],"wp:attachment":[{"href":"https:\/\/brandss.com.py\/index\/wp-json\/wp\/v2\/media?parent=84546"}],"wp:term":[{"taxonomy":"product_brand","embeddable":true,"href":"https:\/\/brandss.com.py\/index\/wp-json\/wp\/v2\/product_brand?post=84546"},{"taxonomy":"product_cat","embeddable":true,"href":"https:\/\/brandss.com.py\/index\/wp-json\/wp\/v2\/product_cat?post=84546"},{"taxonomy":"product_tag","embeddable":true,"href":"https:\/\/brandss.com.py\/index\/wp-json\/wp\/v2\/product_tag?post=84546"}],"curies":[{"name":"wp","href":"https:\/\/api.w.org\/{rel}","templated":true}]}}