{"id":84569,"date":"2025-06-18T18:40:35","date_gmt":"2025-06-18T18:40:35","guid":{"rendered":"https:\/\/brandss.com.py\/index\/?post_type=product&#038;p=84569"},"modified":"2025-09-27T12:18:00","modified_gmt":"2025-09-27T12:18:00","slug":"gel-de-ducha-victoria-anna-fleurs-conscient-650ml","status":"publish","type":"product","link":"https:\/\/brandss.com.py\/index\/producto\/gel-de-ducha-victoria-anna-fleurs-conscient-650ml\/","title":{"rendered":"GEL DE DUCHA VICTORIA ANNA FLEURS CONSCIENT 650ML"},"content":{"rendered":"<p><img loading=\"lazy\" decoding=\"async\" class=\"\" src=\"https:\/\/encrypted-tbn0.gstatic.com\/images?q=tbn:ANd9GcQ3OEjJ7to23tZxE-9UGTCEHZBYeycoTBGF9A&amp;s\" alt=\"Victoria ANNA\" width=\"77\" height=\"77\" \/><\/p>\n<h1>FLEURS CONSCIENT<\/h1>\n<p>Gel de ducha con fragancia Victoria Anna, blanqueador de 7 d\u00edas, f\u00f3rmula natural, sin aditivos, saludable y seguro.<\/p>\n<p><span>Eficacia: 100% de respuesta en manchas oscuras e irregularidades de la piel, siete d\u00edas de s\u00faper acci\u00f3n blanquea, suaviza e hidrata la piel.<\/span><\/p>\n<h4><span>Notas Olfativas\u00a0<\/span><\/h4>\n<p><strong>Familia Olfativas:<\/strong> Aroma floral y afrutado fresco.<\/p>\n<p><span><strong>Notas de salida:<\/strong> Pera, Grosella negra.<\/span><\/p>\n<p><span><strong>Notas de coraz\u00f3n:<\/strong> Pi\u00f1a, Rosa.<\/span><\/p>\n<p><span><strong>Notas de fondo:<\/strong> Vainilla, Cedro.\u00a0<\/span><\/p>\n","protected":false},"excerpt":{"rendered":"<p>FLEURS CONSCIENT Gel de ducha con fragancia Victoria Anna, blanqueador de 7 d\u00edas, f\u00f3rmula natural, sin aditivos, saludable y seguro.<\/p>\n","protected":false},"featured_media":84570,"comment_status":"open","ping_status":"closed","template":"","meta":{"nf_dc_page":""},"product_brand":[480],"product_cat":[94],"product_tag":[721],"class_list":{"0":"post-84569","1":"product","2":"type-product","3":"status-publish","4":"has-post-thumbnail","6":"product_brand-victoria-anna","7":"product_cat-higiene-personal","8":"product_tag-721","10":"first","11":"instock","12":"shipping-taxable","13":"purchasable","14":"product-type-simple"},"_links":{"self":[{"href":"https:\/\/brandss.com.py\/index\/wp-json\/wp\/v2\/product\/84569","targetHints":{"allow":["GET"]}}],"collection":[{"href":"https:\/\/brandss.com.py\/index\/wp-json\/wp\/v2\/product"}],"about":[{"href":"https:\/\/brandss.com.py\/index\/wp-json\/wp\/v2\/types\/product"}],"replies":[{"embeddable":true,"href":"https:\/\/brandss.com.py\/index\/wp-json\/wp\/v2\/comments?post=84569"}],"version-history":[{"count":1,"href":"https:\/\/brandss.com.py\/index\/wp-json\/wp\/v2\/product\/84569\/revisions"}],"predecessor-version":[{"id":84578,"href":"https:\/\/brandss.com.py\/index\/wp-json\/wp\/v2\/product\/84569\/revisions\/84578"}],"wp:featuredmedia":[{"embeddable":true,"href":"https:\/\/brandss.com.py\/index\/wp-json\/wp\/v2\/media\/84570"}],"wp:attachment":[{"href":"https:\/\/brandss.com.py\/index\/wp-json\/wp\/v2\/media?parent=84569"}],"wp:term":[{"taxonomy":"product_brand","embeddable":true,"href":"https:\/\/brandss.com.py\/index\/wp-json\/wp\/v2\/product_brand?post=84569"},{"taxonomy":"product_cat","embeddable":true,"href":"https:\/\/brandss.com.py\/index\/wp-json\/wp\/v2\/product_cat?post=84569"},{"taxonomy":"product_tag","embeddable":true,"href":"https:\/\/brandss.com.py\/index\/wp-json\/wp\/v2\/product_tag?post=84569"}],"curies":[{"name":"wp","href":"https:\/\/api.w.org\/{rel}","templated":true}]}}