{"id":84579,"date":"2025-06-18T19:01:06","date_gmt":"2025-06-18T19:01:06","guid":{"rendered":"https:\/\/brandss.com.py\/index\/?post_type=product&#038;p=84579"},"modified":"2025-09-27T12:18:35","modified_gmt":"2025-09-27T12:18:35","slug":"gel-de-ducha-victoria-anna-purple-dream-650ml","status":"publish","type":"product","link":"https:\/\/brandss.com.py\/index\/producto\/gel-de-ducha-victoria-anna-purple-dream-650ml\/","title":{"rendered":"GEL DE DUCHA VICTORIA ANNA PURPLE DREAM 650ML"},"content":{"rendered":"<p><img loading=\"lazy\" decoding=\"async\" class=\"\" src=\"https:\/\/encrypted-tbn0.gstatic.com\/images?q=tbn:ANd9GcQ3OEjJ7to23tZxE-9UGTCEHZBYeycoTBGF9A&amp;s\" alt=\"Victoria ANNA\" width=\"77\" height=\"77\" \/><\/p>\n<h1>PURPLE DREAM<\/h1>\n<p><span>Gel de ducha Victoria Anna Super Whitening Fragrance de 7 d\u00edas, fragancia de larga duraci\u00f3n<\/span><\/p>\n<p><strong>Caracter\u00edsticas<\/strong><\/p>\n<ul>\n<li style=\"list-style-type: none\">\n<ul>\n<li><span><strong>Efectos:<\/strong> blanqueamiento y suavidad de la piel, hidrataci\u00f3n, s\u00faper acci\u00f3n blanqueadora de siete d\u00edas, respuesta del 100% en manchas oscuras e irregularidades de la piel.<\/span><\/li>\n<li><strong>Fragancia:<\/strong> Fragancia floral fresca, con aroma a gardenia y vainilla.<\/li>\n<\/ul>\n<\/li>\n<\/ul>\n","protected":false},"excerpt":{"rendered":"<p>PURPLE DREAM Gel de ducha Victoria Anna Super Whitening Fragrance de 7 d\u00edas, fragancia de larga duraci\u00f3n Caracter\u00edsticas Efectos: blanqueamiento<\/p>\n","protected":false},"featured_media":84580,"comment_status":"open","ping_status":"closed","template":"","meta":{"nf_dc_page":""},"product_brand":[480],"product_cat":[94],"product_tag":[722],"class_list":{"0":"post-84579","1":"product","2":"type-product","3":"status-publish","4":"has-post-thumbnail","6":"product_brand-victoria-anna","7":"product_cat-higiene-personal","8":"product_tag-722","10":"first","11":"instock","12":"shipping-taxable","13":"purchasable","14":"product-type-simple"},"_links":{"self":[{"href":"https:\/\/brandss.com.py\/index\/wp-json\/wp\/v2\/product\/84579","targetHints":{"allow":["GET"]}}],"collection":[{"href":"https:\/\/brandss.com.py\/index\/wp-json\/wp\/v2\/product"}],"about":[{"href":"https:\/\/brandss.com.py\/index\/wp-json\/wp\/v2\/types\/product"}],"replies":[{"embeddable":true,"href":"https:\/\/brandss.com.py\/index\/wp-json\/wp\/v2\/comments?post=84579"}],"version-history":[{"count":1,"href":"https:\/\/brandss.com.py\/index\/wp-json\/wp\/v2\/product\/84579\/revisions"}],"predecessor-version":[{"id":84588,"href":"https:\/\/brandss.com.py\/index\/wp-json\/wp\/v2\/product\/84579\/revisions\/84588"}],"wp:featuredmedia":[{"embeddable":true,"href":"https:\/\/brandss.com.py\/index\/wp-json\/wp\/v2\/media\/84580"}],"wp:attachment":[{"href":"https:\/\/brandss.com.py\/index\/wp-json\/wp\/v2\/media?parent=84579"}],"wp:term":[{"taxonomy":"product_brand","embeddable":true,"href":"https:\/\/brandss.com.py\/index\/wp-json\/wp\/v2\/product_brand?post=84579"},{"taxonomy":"product_cat","embeddable":true,"href":"https:\/\/brandss.com.py\/index\/wp-json\/wp\/v2\/product_cat?post=84579"},{"taxonomy":"product_tag","embeddable":true,"href":"https:\/\/brandss.com.py\/index\/wp-json\/wp\/v2\/product_tag?post=84579"}],"curies":[{"name":"wp","href":"https:\/\/api.w.org\/{rel}","templated":true}]}}