{"id":84600,"date":"2025-06-19T11:08:01","date_gmt":"2025-06-19T11:08:01","guid":{"rendered":"https:\/\/brandss.com.py\/index\/?post_type=product&#038;p=84600"},"modified":"2025-09-27T12:19:40","modified_gmt":"2025-09-27T12:19:40","slug":"gel-de-ducha-victoria-anna-forever-luxe-650ml","status":"publish","type":"product","link":"https:\/\/brandss.com.py\/index\/producto\/gel-de-ducha-victoria-anna-forever-luxe-650ml\/","title":{"rendered":"GEL DE DUCHA VICTORIA ANNA FOREVER LUXE 650ML"},"content":{"rendered":"<p><img loading=\"lazy\" decoding=\"async\" class=\"\" src=\"https:\/\/encrypted-tbn0.gstatic.com\/images?q=tbn:ANd9GcQ3OEjJ7to23tZxE-9UGTCEHZBYeycoTBGF9A&amp;s\" alt=\"Victoria ANNA\" width=\"84\" height=\"84\" \/><\/p>\n<h1>FOREVER LUXE<\/h1>\n<p><span>Gel de ducha antibacteriano y antipruriginoso Victoria Anna Light Effect, fragancia que dura 48 horas<\/span><\/p>\n<p><span>Eficacia: Fragancia extra\u00edda naturalmente, protecci\u00f3n antibacteriana de amplio efecto, alivia instant\u00e1neamente la picaz\u00f3n, calma suavemente la piel.<\/span><\/p>\n<p><span>Aroma: Fragancia amaderada profunda.<\/span><\/p>\n<h3><strong>Notas Olfativas<\/strong><\/h3>\n<p><strong>Notas de salida:<\/strong> Jengibre, Cardomomo.<\/p>\n<p><strong>Notas de coraz\u00f3n:<\/strong> Nuez moscada, Rosa.<\/p>\n<p><strong>Notas de fondo:<\/strong> Almizcle, B\u00e1lsamo.<\/p>\n","protected":false},"excerpt":{"rendered":"<p>FOREVER LUXE Gel de ducha antibacteriano y antipruriginoso Victoria Anna Light Effect, fragancia que dura 48 horas Eficacia: Fragancia extra\u00edda<\/p>\n","protected":false},"featured_media":84601,"comment_status":"open","ping_status":"closed","template":"","meta":{"nf_dc_page":""},"product_brand":[480],"product_cat":[94],"product_tag":[724],"class_list":{"0":"post-84600","1":"product","2":"type-product","3":"status-publish","4":"has-post-thumbnail","6":"product_brand-victoria-anna","7":"product_cat-higiene-personal","8":"product_tag-724","10":"first","11":"instock","12":"shipping-taxable","13":"purchasable","14":"product-type-simple"},"_links":{"self":[{"href":"https:\/\/brandss.com.py\/index\/wp-json\/wp\/v2\/product\/84600","targetHints":{"allow":["GET"]}}],"collection":[{"href":"https:\/\/brandss.com.py\/index\/wp-json\/wp\/v2\/product"}],"about":[{"href":"https:\/\/brandss.com.py\/index\/wp-json\/wp\/v2\/types\/product"}],"replies":[{"embeddable":true,"href":"https:\/\/brandss.com.py\/index\/wp-json\/wp\/v2\/comments?post=84600"}],"version-history":[{"count":1,"href":"https:\/\/brandss.com.py\/index\/wp-json\/wp\/v2\/product\/84600\/revisions"}],"predecessor-version":[{"id":84608,"href":"https:\/\/brandss.com.py\/index\/wp-json\/wp\/v2\/product\/84600\/revisions\/84608"}],"wp:featuredmedia":[{"embeddable":true,"href":"https:\/\/brandss.com.py\/index\/wp-json\/wp\/v2\/media\/84601"}],"wp:attachment":[{"href":"https:\/\/brandss.com.py\/index\/wp-json\/wp\/v2\/media?parent=84600"}],"wp:term":[{"taxonomy":"product_brand","embeddable":true,"href":"https:\/\/brandss.com.py\/index\/wp-json\/wp\/v2\/product_brand?post=84600"},{"taxonomy":"product_cat","embeddable":true,"href":"https:\/\/brandss.com.py\/index\/wp-json\/wp\/v2\/product_cat?post=84600"},{"taxonomy":"product_tag","embeddable":true,"href":"https:\/\/brandss.com.py\/index\/wp-json\/wp\/v2\/product_tag?post=84600"}],"curies":[{"name":"wp","href":"https:\/\/api.w.org\/{rel}","templated":true}]}}