{"id":84644,"date":"2025-06-19T18:30:20","date_gmt":"2025-06-19T18:30:20","guid":{"rendered":"https:\/\/brandss.com.py\/index\/?post_type=product&#038;p=84644"},"modified":"2026-03-11T12:42:37","modified_gmt":"2026-03-11T12:42:37","slug":"perfume-masculino-mont-blanc-legend-edp-100ml","status":"publish","type":"product","link":"https:\/\/brandss.com.py\/index\/producto\/perfume-masculino-mont-blanc-legend-edp-100ml\/","title":{"rendered":"PERFUME MASCULINO MONT BLANC LEGEND EDP 100ML"},"content":{"rendered":"<p><img loading=\"lazy\" decoding=\"async\" class=\"\" src=\"https:\/\/logos-world.net\/wp-content\/uploads\/2022\/09\/Montblanc-Logo.png\" alt=\"Montblanc Logo, symbol, meaning, history, PNG, brand\" width=\"87\" height=\"49\" \/><\/p>\n<h1>LEGEND<\/h1>\n<p>Emb\u00e1rcate en una odisea olfativa con el Perfume Mont Blanc Legend Men de 100ML, una fragancia Arom\u00e1tica Foug\u00e8re dise\u00f1ada exclusivamente para la masculinidad moderna. Este viaje sensorial comienza con notas de salida vibrantes, donde la frescura de la bergamota y lavanda dan la bienvenida a una experiencia envolvente.<\/p>\n<p>Desde el momento en que se roci\u0301a, se despierta un mundo de sensaciones, donde cada nota se entrelaza con elegancia para crear una armon\u00eda cautivadora.<\/p>\n<p>Esta obra maestra olfativa, dise\u00f1ada para el g\u00e9nero masculino, no solo es una declaraci\u00f3n de estilo, sino tambi\u00e9n un testimonio de la sofisticaci\u00f3n que perdura en cada rociada. Sum\u00e9rgete en la experiencia \u00fanica de Mont Blanc Legend Men, donde la frescura arom\u00e1tica y la elegancia masculina convergen en una sinfon\u00eda inolvidable.<img loading=\"lazy\" decoding=\"async\" class=\"alignleft\" src=\"https:\/\/m.media-amazon.com\/images\/I\/81t76IcrslL._UF350,350_QL80_.jpg\" width=\"420\" height=\"420\" \/><\/p>\n<p>El frasco de 100 ml, elegante y atemporal, es una expresi\u00f3n visual de la calidad distintiva de Mont Blanc. Su dise\u00f1o refinado y sofisticado complementa a la perfecci\u00f3n la esencia de la fragancia, creando una experiencia completa y satisfactoria para los sentidos.<\/p>\n<h3>Notas Olfativas<\/h3>\n<p>El perfume Montblanc Legend es una fragancia de la familia olfativa arom\u00e1tica foug\u00e8re para hombres. Las notas de bergamota y lavanda, con su frescura embriagadora, abren la fragancia con un toque revitalizante y en\u00e9rgico. A medida que la fragancia se desarrolla en la piel, el coraz\u00f3n revela la complejidad de un Foug\u00e8re, con cilantro y romero que aportan profundidad y sofisticaci\u00f3n a la composici\u00f3n. Estas notas intermedias se entrelazan con maestr\u00eda, creando una experiencia olfativa din\u00e1mica y envolvente que evoluciona con el tiempo.<\/p>\n<p>La base, compuesta por vetiver y s\u00e1ndalo, culmina en una estela c\u00e1lida y duradera que deja una impresi\u00f3n inolvidable. Estos elementos fundamentales a\u00f1aden una dimensi\u00f3n de riqueza y calidez, asegurando que la fragancia perdure en la piel durante horas, manteniendo su encanto inconfundible hasta el final del d\u00eda.<\/p>\n<p><strong>Notas de salida:<\/strong> Bergamota de Calabria, hojas de violeta.<\/p>\n<p><strong>Notas de coraz\u00f3n:<\/strong> Jazm\u00edn, Madera.<\/p>\n<p><strong>Notas de fondo:<\/strong> Musgo, Cuero.<\/p>\n","protected":false},"excerpt":{"rendered":"<p>LEGEND Emb\u00e1rcate en una odisea olfativa con el Perfume Mont Blanc Legend Men de 100ML, una fragancia Arom\u00e1tica Foug\u00e8re dise\u00f1ada<\/p>\n","protected":false},"featured_media":84645,"comment_status":"open","ping_status":"closed","template":"","meta":{"nf_dc_page":""},"product_brand":[],"product_cat":[84],"product_tag":[3069],"class_list":{"0":"post-84644","1":"product","2":"type-product","3":"status-publish","4":"has-post-thumbnail","6":"product_cat-perfumeria","7":"product_tag-3069","9":"first","10":"instock","11":"sale","12":"shipping-taxable","13":"purchasable","14":"product-type-simple"},"_links":{"self":[{"href":"https:\/\/brandss.com.py\/index\/wp-json\/wp\/v2\/product\/84644","targetHints":{"allow":["GET"]}}],"collection":[{"href":"https:\/\/brandss.com.py\/index\/wp-json\/wp\/v2\/product"}],"about":[{"href":"https:\/\/brandss.com.py\/index\/wp-json\/wp\/v2\/types\/product"}],"replies":[{"embeddable":true,"href":"https:\/\/brandss.com.py\/index\/wp-json\/wp\/v2\/comments?post=84644"}],"version-history":[{"count":1,"href":"https:\/\/brandss.com.py\/index\/wp-json\/wp\/v2\/product\/84644\/revisions"}],"predecessor-version":[{"id":84649,"href":"https:\/\/brandss.com.py\/index\/wp-json\/wp\/v2\/product\/84644\/revisions\/84649"}],"wp:featuredmedia":[{"embeddable":true,"href":"https:\/\/brandss.com.py\/index\/wp-json\/wp\/v2\/media\/84645"}],"wp:attachment":[{"href":"https:\/\/brandss.com.py\/index\/wp-json\/wp\/v2\/media?parent=84644"}],"wp:term":[{"taxonomy":"product_brand","embeddable":true,"href":"https:\/\/brandss.com.py\/index\/wp-json\/wp\/v2\/product_brand?post=84644"},{"taxonomy":"product_cat","embeddable":true,"href":"https:\/\/brandss.com.py\/index\/wp-json\/wp\/v2\/product_cat?post=84644"},{"taxonomy":"product_tag","embeddable":true,"href":"https:\/\/brandss.com.py\/index\/wp-json\/wp\/v2\/product_tag?post=84644"}],"curies":[{"name":"wp","href":"https:\/\/api.w.org\/{rel}","templated":true}]}}