{"id":84677,"date":"2025-06-20T13:53:27","date_gmt":"2025-06-20T13:53:27","guid":{"rendered":"https:\/\/brandss.com.py\/index\/?post_type=product&#038;p=84677"},"modified":"2025-08-29T18:38:34","modified_gmt":"2025-08-29T18:38:34","slug":"perfume-masculino-paris-royale-24-sexy-days-edp-100ml","status":"publish","type":"product","link":"https:\/\/brandss.com.py\/index\/producto\/perfume-masculino-paris-royale-24-sexy-days-edp-100ml\/","title":{"rendered":"PERFUME MASCULINO PARIS ROYALE 24 SEXY DAYS EDP 100ML"},"content":{"rendered":"<h1>24 SEXY DAYS<\/h1>\n<p data-start=\"59\" data-end=\"353\">Es una fragancia masculina seductora, moderna y envolvente, dise\u00f1ada para el hombre carism\u00e1tico que sabe destacar con estilo. Con una combinaci\u00f3n de notas dulces, especiadas y amaderadas, este perfume proyecta sensualidad y confianza durante todo el d\u00eda.<\/p>\n<p data-start=\"795\" data-end=\"934\"><strong data-start=\"795\" data-end=\"812\">Presentaci\u00f3n:<\/strong><br data-start=\"812\" data-end=\"815\" \/>Envase de 100ml con dise\u00f1o moderno y atractivo, en tonos intensos que evocan pasi\u00f3n, sofisticaci\u00f3n y energ\u00eda masculina.<\/p>\n<p data-start=\"936\" data-end=\"1120\"><strong data-start=\"936\" data-end=\"951\">Ideal para:<\/strong><br data-start=\"951\" data-end=\"954\" \/>Hombres seguros, seductores y din\u00e1micos. Perfecto para citas, salidas nocturnas o eventos especiales donde se busca dejar huella con una fragancia intensa y duradera.<\/p>\n<p data-start=\"355\" data-end=\"395\">\n<h3 data-start=\"397\" data-end=\"417\"><strong data-start=\"397\" data-end=\"417\">Notas olfativas:<\/strong><\/h3>\n<p>&nbsp;<\/p>\n<p data-start=\"397\" data-end=\"417\"><strong data-start=\"355\" data-end=\"376\">Familia olfativa:<\/strong> Oriental Especiada<\/p>\n<ul data-start=\"419\" data-end=\"793\">\n<li data-start=\"419\" data-end=\"559\">\n<p data-start=\"421\" data-end=\"559\"><strong data-start=\"421\" data-end=\"441\">Notas de salida:<\/strong> mandarina roja, bergamota y cardamomo.<\/p>\n<\/li>\n<li data-start=\"560\" data-end=\"682\">\n<p data-start=\"562\" data-end=\"682\"><strong data-start=\"562\" data-end=\"583\">Notas de coraz\u00f3n:<\/strong> lavanda, canela y cuero.<\/p>\n<\/li>\n<li data-start=\"683\" data-end=\"793\">\n<p data-start=\"685\" data-end=\"793\"><strong data-start=\"685\" data-end=\"704\">Notas de fondo:<\/strong> \u00e1mbar, haba tonka y maderas orientales.<\/p>\n<\/li>\n<\/ul>\n","protected":false},"excerpt":{"rendered":"<p>24 SEXY DAYS Es una fragancia masculina seductora, moderna y envolvente, dise\u00f1ada para el hombre carism\u00e1tico que sabe destacar con<\/p>\n","protected":false},"featured_media":84678,"comment_status":"open","ping_status":"closed","template":"","meta":{"nf_dc_page":""},"product_brand":[100],"product_cat":[84],"product_tag":[],"class_list":{"0":"post-84677","1":"product","2":"type-product","3":"status-publish","4":"has-post-thumbnail","6":"product_brand-paris-royale","7":"product_cat-perfumeria","9":"first","10":"instock","11":"shipping-taxable","12":"purchasable","13":"product-type-simple"},"_links":{"self":[{"href":"https:\/\/brandss.com.py\/index\/wp-json\/wp\/v2\/product\/84677","targetHints":{"allow":["GET"]}}],"collection":[{"href":"https:\/\/brandss.com.py\/index\/wp-json\/wp\/v2\/product"}],"about":[{"href":"https:\/\/brandss.com.py\/index\/wp-json\/wp\/v2\/types\/product"}],"replies":[{"embeddable":true,"href":"https:\/\/brandss.com.py\/index\/wp-json\/wp\/v2\/comments?post=84677"}],"version-history":[{"count":1,"href":"https:\/\/brandss.com.py\/index\/wp-json\/wp\/v2\/product\/84677\/revisions"}],"predecessor-version":[{"id":84681,"href":"https:\/\/brandss.com.py\/index\/wp-json\/wp\/v2\/product\/84677\/revisions\/84681"}],"wp:featuredmedia":[{"embeddable":true,"href":"https:\/\/brandss.com.py\/index\/wp-json\/wp\/v2\/media\/84678"}],"wp:attachment":[{"href":"https:\/\/brandss.com.py\/index\/wp-json\/wp\/v2\/media?parent=84677"}],"wp:term":[{"taxonomy":"product_brand","embeddable":true,"href":"https:\/\/brandss.com.py\/index\/wp-json\/wp\/v2\/product_brand?post=84677"},{"taxonomy":"product_cat","embeddable":true,"href":"https:\/\/brandss.com.py\/index\/wp-json\/wp\/v2\/product_cat?post=84677"},{"taxonomy":"product_tag","embeddable":true,"href":"https:\/\/brandss.com.py\/index\/wp-json\/wp\/v2\/product_tag?post=84677"}],"curies":[{"name":"wp","href":"https:\/\/api.w.org\/{rel}","templated":true}]}}