{"id":84767,"date":"2025-06-21T18:17:48","date_gmt":"2025-06-21T18:17:48","guid":{"rendered":"https:\/\/brandss.com.py\/index\/?post_type=product&#038;p=84767"},"modified":"2025-09-27T12:23:34","modified_gmt":"2025-09-27T12:23:34","slug":"serum-capilar-argan-deluxe-argan-oil-nourishing-100ml","status":"publish","type":"product","link":"https:\/\/brandss.com.py\/index\/producto\/serum-capilar-argan-deluxe-argan-oil-nourishing-100ml\/","title":{"rendered":"S\u00c9RUM CAPILAR ARG\u00c1N DELUXE ARG\u00c1N OIL NOURISHING 100ML"},"content":{"rendered":"<p><img loading=\"lazy\" decoding=\"async\" class=\"\" src=\"https:\/\/uspto.report\/TM\/90104626\/mark.png\" alt=\"ARGAN DE LUXE - Sam Arabian Tekstil Gida Ic Ve Dis Ticaret Limited  Trademark Registration\" width=\"144\" height=\"71\" \/><\/p>\n<h1>ARG\u00c1N OIL NOURISHING<\/h1>\n<p><span>Argan De Luxe S\u00e9rum Nutritivo en Spray con Aceite de Arg\u00e1n para Cabello y Cuerpo. Regenera y revitaliza tu cabello. La alta concentraci\u00f3n de \u00e1cidos grasos Omega 3, Omega 6 y Omega 9 del aceite de arg\u00e1n garantiza un cabello sano y atractivo. El aceite de arg\u00e1n promueve eficazmente la regeneraci\u00f3n capilar y proporciona protecci\u00f3n a largo plazo contra la sequedad, las puntas abiertas y el encrespamiento. Prolonga la vida del cabello te\u00f1ido.<\/span><\/p>\n<p><span>Tu cabello se vuelve m\u00e1s f\u00e1cil de peinar, queda perfectamente liso y adquiere un brillo natural. El aceite capilar es ideal para el cuidado constante del cabello y para el peinado diario.<\/span><\/p>\n<p><span>Los productos Argan DeLuxe tambi\u00e9n brindan el cuidado perfecto para el cabello te\u00f1ido. El aceite de arg\u00e1n protege el color del cabello y le da brillo, a la vez que combate el estr\u00e9s de la coloraci\u00f3n.<\/span><\/p>\n<p><span>100% calidad. 0% pruebas en animales.<\/span><\/p>\n","protected":false},"excerpt":{"rendered":"<p>ARG\u00c1N OIL NOURISHING Argan De Luxe S\u00e9rum Nutritivo en Spray con Aceite de Arg\u00e1n para Cabello y Cuerpo. Regenera y<\/p>\n","protected":false},"featured_media":84768,"comment_status":"open","ping_status":"closed","template":"","meta":{"nf_dc_page":""},"product_brand":[726],"product_cat":[85],"product_tag":[729],"class_list":{"0":"post-84767","1":"product","2":"type-product","3":"status-publish","4":"has-post-thumbnail","6":"product_brand-argan-deluxe","7":"product_cat-cosmeticos","8":"product_tag-729","10":"first","11":"instock","12":"shipping-taxable","13":"purchasable","14":"product-type-simple"},"_links":{"self":[{"href":"https:\/\/brandss.com.py\/index\/wp-json\/wp\/v2\/product\/84767","targetHints":{"allow":["GET"]}}],"collection":[{"href":"https:\/\/brandss.com.py\/index\/wp-json\/wp\/v2\/product"}],"about":[{"href":"https:\/\/brandss.com.py\/index\/wp-json\/wp\/v2\/types\/product"}],"replies":[{"embeddable":true,"href":"https:\/\/brandss.com.py\/index\/wp-json\/wp\/v2\/comments?post=84767"}],"version-history":[{"count":1,"href":"https:\/\/brandss.com.py\/index\/wp-json\/wp\/v2\/product\/84767\/revisions"}],"predecessor-version":[{"id":84772,"href":"https:\/\/brandss.com.py\/index\/wp-json\/wp\/v2\/product\/84767\/revisions\/84772"}],"wp:featuredmedia":[{"embeddable":true,"href":"https:\/\/brandss.com.py\/index\/wp-json\/wp\/v2\/media\/84768"}],"wp:attachment":[{"href":"https:\/\/brandss.com.py\/index\/wp-json\/wp\/v2\/media?parent=84767"}],"wp:term":[{"taxonomy":"product_brand","embeddable":true,"href":"https:\/\/brandss.com.py\/index\/wp-json\/wp\/v2\/product_brand?post=84767"},{"taxonomy":"product_cat","embeddable":true,"href":"https:\/\/brandss.com.py\/index\/wp-json\/wp\/v2\/product_cat?post=84767"},{"taxonomy":"product_tag","embeddable":true,"href":"https:\/\/brandss.com.py\/index\/wp-json\/wp\/v2\/product_tag?post=84767"}],"curies":[{"name":"wp","href":"https:\/\/api.w.org\/{rel}","templated":true}]}}