{"id":84774,"date":"2025-06-23T11:03:41","date_gmt":"2025-06-23T11:03:41","guid":{"rendered":"https:\/\/brandss.com.py\/index\/?post_type=product&#038;p=84774"},"modified":"2025-09-27T12:24:42","modified_gmt":"2025-09-27T12:24:42","slug":"set-de-alisado-capilar-richee-argan-y-ojon-1000ml","status":"publish","type":"product","link":"https:\/\/brandss.com.py\/index\/producto\/set-de-alisado-capilar-richee-argan-y-ojon-1000ml\/","title":{"rendered":"SET DE ALISADO CAPILAR RICHEE ARG\u00c1N Y OJ\u00d3N 1000ML"},"content":{"rendered":"<p><img loading=\"lazy\" decoding=\"async\" class=\"\" src=\"https:\/\/d1yjjnpx0p53s8.cloudfront.net\/styles\/logo-thumbnail\/s3\/072018\/untitled-1_43.png?0AFyPkzAwpsX_UKfEa50a6Z8o83naSrg&amp;itok=2-_-F_Et\" alt=\"Richee | Brands of the World\u2122 | Download vector logos and logotypes\" width=\"89\" height=\"89\" \/><\/p>\n<h1>ARG\u00c1N Y OJ\u00d3N<\/h1>\n<p>Alisado Argan Ojon Richee, es un poderoso sistema de alineaci\u00f3n capilar, promovido por nanocristalizaci\u00f3n termo-activado, lo que reduce el volumen y controla el encrespamiento. Su exclusiva f\u00f3rmula con aceite de arg\u00e1n, aceite Ojon y D-pantenol, despierta la belleza natural de los cabellos, los deja sedoso, suave y con un brillo perfecto e incre\u00edble.<\/p>\n<p>El aceite de argan, se obtiene del \u00e1rbol de argan, tambi\u00e9n conocido como Argania spinosa. Es natural de Marruecos y est\u00e1 adaptado a vivir en climas casi des\u00e9rticos. Esto se debe a que puede desarrollar unas ra\u00edces de gran longitud para obtener agua de las profundidades de la tierra. Sus frutos aportan un principio activo muy vers\u00e1til. En tratamientos capilares, la cosm\u00e9tica con aceite de argan aporta brillo y fortaleza al cuero cabelludo, lo hidrata y como resultado se obtiene un cabello con el volumen ideal.<\/p>\n<p>El aceite de Ojon se obtiene de una nuez procedente de palmeras silvestres que crecen en la Selva tropical sobre todo en Honduras. Destaca entre sus propiedades alta capacidad de alisado del cabellos. Desencrespa y facilita el peinado. Su aceite permitir\u00e1 que tu peine no se encuentre ning\u00fan obst\u00e1culo desde el cuero cabelludo hasta la ra\u00edz.<\/p>\n<p>Efecto nutritivo e hidratante. Ver\u00e1s tu pelo joven y sedoso gracias a su rica composici\u00f3n en \u00e1cidos grasos esenciales insaturados, que se encargan de mantener la hidrataci\u00f3n de las c\u00e9lulas.<\/p>\n<p><strong>D-Pantenol<\/strong> es Provitamina del Acido D- Pantot\u00e9nico. (Vitamina B5). En aplicaciones para el cabello es un humectante de larga duraci\u00f3n, previene su deterioro, lo fortalece y mejora su brillo, reduce puntas partidas, mejora peinabilidad y previene la resequedad.<\/p>\n<p>Rich\u00e9e nace en Paris tiene por compromiso ofrecer productos con la mejor performance y resultados m\u00e1ximos, que se unen perfectamente al talento profesional para sacar a la superficie el verdadero brillo de cada cliente, de forma aut\u00e9ntica, sofisticada, individualizada con resultados alto est\u00e1ndar. Su fabricaci\u00f3n se realiza en Brasil.<\/p>\n<p>Para RICH\u00c9E, resultados extraordinarios son consecuencia de la utilizaci\u00f3n de los mejores y m\u00e1s consagrados activos, aliada a t\u00e9cnicas exigentes de fabricaci\u00f3n y comprobaciones rigurosas de performance y seguridad.<\/p>\n<p>Modo de uso:<\/p>\n<p>1.- Con el cabello mojado, se aplica el Champ\u00fa Arg\u00e1n y Oj\u00f3n de Rich\u00e9e Profesional, masajeando suavemente el cabello y friccionando en el sentido contrario, por toda extensi\u00f3n de las hebras. Enjaguar y repetir ese proceso hasta retirar todo residuo.<br \/>\n2.-El uso de guantes es obligatorio de esa etapa en adelante. Remover el exceso de humedad de las hebras. Dividir en seis partes. A 1 cm de distancia de la ra\u00edz, aplicar el producto con un pincel y con el auxilio de un peine fino, esparcir uniformemente hacia las puntas.<br \/>\n3.- Secar el cabello completamente con el secador en aire FR\u00cdO.<br \/>\n4.- Separar el cabello en peque\u00f1os mechones. Finalizar aplicando la plancha de 10 a 15 veces en cada mech\u00f3n, de la ra\u00edz hacia las puntas.<br \/>\n5.- Aplicar una cantidad generosa de Mascarilla Arg\u00e1n y Oj\u00f3n sobre el cabello h\u00famedo, mech\u00f3n por mech\u00f3n, de las puntas hacia la ra\u00edz. Masajear suavemente y dejar actuar por 10 minutos. Enjaguar bien.<\/p>\n<p><strong>Tipo de pelo<\/strong><\/p>\n<p>El arg\u00e1n y Ojon ha sido especialmente desarrollado para todo tipo de cabello y no contiene formal y a cambio continente acido ac\u00e9tico. Sus principios activos actuan sobre el cabello de afuera hacia adentro penetrando la fibra capilar.<\/p>\n<p>Su aplicaci\u00f3n no cambia los tonos del cabello y puede ser utilizado, por tanto, en forma posterior a una coloraci\u00f3n. Se trata de un tratamiento progresivo que se activa con calor.<\/p>\n<p><strong>Contraindicaciones\u00a0<\/strong><\/p>\n<p>Es compatible con tratamientos qu\u00edmicos del cabello. No recomendable para personas al\u00e9rgicas.<\/p>\n<p><strong>Duraci\u00f3n del servicio\u00a0<\/strong><\/p>\n<p>Se estima una duraci\u00f3n de 2-3 meses y para su mantenci\u00f3n, se recomienda utilizar productos de limpieza capilar sin sal para lograr m\u00e1xima duraci\u00f3n del servicio.<\/p>\n","protected":false},"excerpt":{"rendered":"<p>ARG\u00c1N Y OJ\u00d3N Alisado Argan Ojon Richee, es un poderoso sistema de alineaci\u00f3n capilar, promovido por nanocristalizaci\u00f3n termo-activado, lo que<\/p>\n","protected":false},"featured_media":84775,"comment_status":"open","ping_status":"closed","template":"","meta":{"nf_dc_page":""},"product_brand":[730],"product_cat":[85],"product_tag":[731],"class_list":{"0":"post-84774","1":"product","2":"type-product","3":"status-publish","4":"has-post-thumbnail","6":"product_brand-richee","7":"product_cat-cosmeticos","8":"product_tag-731","10":"first","11":"instock","12":"shipping-taxable","13":"purchasable","14":"product-type-simple"},"_links":{"self":[{"href":"https:\/\/brandss.com.py\/index\/wp-json\/wp\/v2\/product\/84774","targetHints":{"allow":["GET"]}}],"collection":[{"href":"https:\/\/brandss.com.py\/index\/wp-json\/wp\/v2\/product"}],"about":[{"href":"https:\/\/brandss.com.py\/index\/wp-json\/wp\/v2\/types\/product"}],"replies":[{"embeddable":true,"href":"https:\/\/brandss.com.py\/index\/wp-json\/wp\/v2\/comments?post=84774"}],"version-history":[{"count":1,"href":"https:\/\/brandss.com.py\/index\/wp-json\/wp\/v2\/product\/84774\/revisions"}],"predecessor-version":[{"id":84779,"href":"https:\/\/brandss.com.py\/index\/wp-json\/wp\/v2\/product\/84774\/revisions\/84779"}],"wp:featuredmedia":[{"embeddable":true,"href":"https:\/\/brandss.com.py\/index\/wp-json\/wp\/v2\/media\/84775"}],"wp:attachment":[{"href":"https:\/\/brandss.com.py\/index\/wp-json\/wp\/v2\/media?parent=84774"}],"wp:term":[{"taxonomy":"product_brand","embeddable":true,"href":"https:\/\/brandss.com.py\/index\/wp-json\/wp\/v2\/product_brand?post=84774"},{"taxonomy":"product_cat","embeddable":true,"href":"https:\/\/brandss.com.py\/index\/wp-json\/wp\/v2\/product_cat?post=84774"},{"taxonomy":"product_tag","embeddable":true,"href":"https:\/\/brandss.com.py\/index\/wp-json\/wp\/v2\/product_tag?post=84774"}],"curies":[{"name":"wp","href":"https:\/\/api.w.org\/{rel}","templated":true}]}}