{"id":84791,"date":"2025-06-23T12:41:49","date_gmt":"2025-06-23T12:41:49","guid":{"rendered":"https:\/\/brandss.com.py\/index\/?post_type=product&#038;p=84791"},"modified":"2025-09-27T12:25:53","modified_gmt":"2025-09-27T12:25:53","slug":"mascara-capilar-richee-argan-y-ojon-finalizadora-1000ml","status":"publish","type":"product","link":"https:\/\/brandss.com.py\/index\/producto\/mascara-capilar-richee-argan-y-ojon-finalizadora-1000ml\/","title":{"rendered":"M\u00c1SCARA CAPILAR RICHEE ARG\u00c1N Y OJ\u00d3N FINALIZADORA 1000ML"},"content":{"rendered":"<p><img loading=\"lazy\" decoding=\"async\" class=\"\" src=\"https:\/\/d1yjjnpx0p53s8.cloudfront.net\/styles\/logo-thumbnail\/s3\/072018\/untitled-1_43.png?0AFyPkzAwpsX_UKfEa50a6Z8o83naSrg&amp;itok=2-_-F_Et\" alt=\"Richee | Brands of the World\u2122 | Download vector logos and logotypes\" width=\"74\" height=\"74\" \/><\/p>\n<h1>ARG\u00c1N Y OJ\u00d3N FINALIZADORA<\/h1>\n<p>Desarrollada por expertos en belleza, la l\u00ednea arg\u00e1n y ojon.de rich\u00e9e professional. es un potente sistema de alineaci\u00f3n de la fibra capilar, impulsado por nanocristalizaci\u00f3n termoactivada, que reduce el volumen y controla el encrespamiento. Su f\u00f3rmula exclusiva con aceite de arg\u00e1n, aceite de ojon y d-pantenol, despierta la belleza natural del cabello, dej\u00e1ndolo sedoso, con un alisado perfecto y un brillo incre\u00edble.<\/p>\n<p>Desarrollada por quienes entienden la belleza, la l\u00ednea Arg\u00e1n y Oj\u00f3n de Rich\u00e9e Professional. Es un poderoso sistema de alineaci\u00f3n de la fibra capilar promovido por nanocristalizaci\u00f3n termoactivada que reduce el volumen y controla el frizz. Mascarilla de acabado de arg\u00e1n y ojon tiene en su f\u00f3rmula exclusiva Aceite de arg\u00e1n, Aceite de Oj\u00f3n y D-pantenol que despierta la belleza natural del cabello, dej\u00e1ndolo sedoso, perfectamente liso y con un brillo incre\u00edble.<\/p>\n<p><strong>Indicaci\u00f3n:<\/strong><\/p>\n<p>\u2022 Cabello rebelde<\/p>\n<p>\u2022 Cabello encrespado A<\/p>\n<p><strong>Mascarilla de acabado de arg\u00e1n y ojon <\/strong>tiene una nutrici\u00f3n profunda.<\/p>\n<p><strong>D-pantenol <\/strong>que proporciona una alineaci\u00f3n del cabello activada por calor y equilibra el pH del cabello.<\/p>\n<p>&nbsp;<\/p>\n<p><strong>Beneficios:<\/strong><\/p>\n<p>&nbsp;<\/p>\n<p>\u2022 Brillo<\/p>\n<p>\u2022 Alineaci\u00f3n del cabello<\/p>\n<p>\u2022 Control del frizz<\/p>\n<p>\u2022 Reduce el volumen<\/p>\n<p>\u2022 Cabello sedoso<\/p>\n<p>\u2022 Liso perfecto<\/p>\n<p>\u2022 Brillo incre\u00edble<\/p>\n<p>&nbsp;<\/p>\n<p><strong>Acci\u00f3n:<\/strong><\/p>\n<p>&nbsp;<\/p>\n<p>\u2022<strong>Aceite de arg\u00e1n:<\/strong>fuente de antioxidantes y nutrientes responsables de la suavidad y brillo del cabello.<\/p>\n<p>\u2022<strong>Aceite de Oj\u00f3n:<\/strong>Conocido como el &#8220;milagro del Caribe&#8221;, restaura la emoliencia y la hidrataci\u00f3n del cabello.<\/p>\n<p>\u2022<strong>D-Pantenol:<\/strong>Retiene la humedad natural dentro de la fibra capilar, dej\u00e1ndola flexible y bien cuidada.<\/p>\n<p>&nbsp;<\/p>\n<p><strong>Modo de empleo:<\/strong><\/p>\n<p>\u2022 Aplicar una cantidad generosa de Mascarilla de acabado de arg\u00e1n y ojon<\/p>\n<p>Aplicar sobre el cabello h\u00famedo, mech\u00f3n a mech\u00f3n, desde las puntas hasta la ra\u00edz.<\/p>\n<p>Masajear suavemente y dejar actuar durante 10 minutos.<\/p>\n<p>Enjuagar bien.<\/p>\n<p>&nbsp;<\/p>\n<p><strong>Resultados:<\/strong><\/p>\n<p>\u2022 Cabello profundamente hidratado, con liso perfecto y brillo incre\u00edble.<\/p>\n","protected":false},"excerpt":{"rendered":"<p>ARG\u00c1N Y OJ\u00d3N FINALIZADORA Desarrollada por expertos en belleza, la l\u00ednea arg\u00e1n y ojon.de rich\u00e9e professional. es un potente sistema<\/p>\n","protected":false},"featured_media":84792,"comment_status":"open","ping_status":"closed","template":"","meta":{"nf_dc_page":""},"product_brand":[730],"product_cat":[85],"product_tag":[734],"class_list":{"0":"post-84791","1":"product","2":"type-product","3":"status-publish","4":"has-post-thumbnail","6":"product_brand-richee","7":"product_cat-cosmeticos","8":"product_tag-734","10":"first","11":"instock","12":"shipping-taxable","13":"purchasable","14":"product-type-simple"},"_links":{"self":[{"href":"https:\/\/brandss.com.py\/index\/wp-json\/wp\/v2\/product\/84791","targetHints":{"allow":["GET"]}}],"collection":[{"href":"https:\/\/brandss.com.py\/index\/wp-json\/wp\/v2\/product"}],"about":[{"href":"https:\/\/brandss.com.py\/index\/wp-json\/wp\/v2\/types\/product"}],"replies":[{"embeddable":true,"href":"https:\/\/brandss.com.py\/index\/wp-json\/wp\/v2\/comments?post=84791"}],"version-history":[{"count":2,"href":"https:\/\/brandss.com.py\/index\/wp-json\/wp\/v2\/product\/84791\/revisions"}],"predecessor-version":[{"id":84797,"href":"https:\/\/brandss.com.py\/index\/wp-json\/wp\/v2\/product\/84791\/revisions\/84797"}],"wp:featuredmedia":[{"embeddable":true,"href":"https:\/\/brandss.com.py\/index\/wp-json\/wp\/v2\/media\/84792"}],"wp:attachment":[{"href":"https:\/\/brandss.com.py\/index\/wp-json\/wp\/v2\/media?parent=84791"}],"wp:term":[{"taxonomy":"product_brand","embeddable":true,"href":"https:\/\/brandss.com.py\/index\/wp-json\/wp\/v2\/product_brand?post=84791"},{"taxonomy":"product_cat","embeddable":true,"href":"https:\/\/brandss.com.py\/index\/wp-json\/wp\/v2\/product_cat?post=84791"},{"taxonomy":"product_tag","embeddable":true,"href":"https:\/\/brandss.com.py\/index\/wp-json\/wp\/v2\/product_tag?post=84791"}],"curies":[{"name":"wp","href":"https:\/\/api.w.org\/{rel}","templated":true}]}}