{"id":84798,"date":"2025-06-23T13:08:51","date_gmt":"2025-06-23T13:08:51","guid":{"rendered":"https:\/\/brandss.com.py\/index\/?post_type=product&#038;p=84798"},"modified":"2025-09-27T12:27:16","modified_gmt":"2025-09-27T12:27:16","slug":"botox-capilar-natureza-cosmeticos-btox-purple-carrot-blond-platinum-1kg","status":"publish","type":"product","link":"https:\/\/brandss.com.py\/index\/producto\/botox-capilar-natureza-cosmeticos-btox-purple-carrot-blond-platinum-1kg\/","title":{"rendered":"BOTOX CAPILAR NATUREZA COSMETICOS BTOX PURPLE CARROT BLOND PLATINUM 1KG"},"content":{"rendered":"<p><img loading=\"lazy\" decoding=\"async\" class=\"\" src=\"https:\/\/http2.mlstatic.com\/D_Q_NP_719652-MLU75010837624_032024-O.webp\" alt=\"Mascara Sos Profesional 1000g - Natureza Cosmeticos | MercadoLibre\" width=\"82\" height=\"82\" \/><\/p>\n<h1>BTOX CENOURA ROXA<\/h1>\n<p><span>Natureza Cosmeticos ofrece el mejor tratamiento reductor de volumen del mercado. Nuestra misi\u00f3n es especializarnos en productos naturales que fortalecen y mejoran la salud capilar. Gracias a una exhaustiva investigaci\u00f3n y desarrollo con laboratorios de vanguardia, presentamos\u00a0<\/span>Purple Carrot Btox<span>. Este innovador producto promueve:<\/span><\/p>\n<ul>\n<li>Realineaci\u00f3n del cabello<\/li>\n<li>Cauterizaci\u00f3n del cabello<\/li>\n<li>Reducci\u00f3n de volumen<\/li>\n<\/ul>\n<p><span>\u00bfEl resultado? \u00a1Un cabello hidratado, suave y ligero! Las zanahorias, ricas en betacaroteno y vitamina A, contribuyen al crecimiento del cabello y ofrecen propiedades antioxidantes. Tambi\u00e9n contienen vitaminas B, C y K, ideales para tratar intensamente incluso el cabello m\u00e1s da\u00f1ado.<\/span><br \/>\nProducto sin formaldeh\u00eddo.<\/p>\n<p><strong><span>INSTRUCCIONES DE USO<\/span><\/strong><\/p>\n<p><strong><span>Preparaci\u00f3n :<\/span><\/strong><\/p>\n<ul>\n<li><span>Lavar el cabello con champ\u00fa.<\/span><\/li>\n<li><span>Divide el cabello en 4 secciones.<\/span><\/li>\n<\/ul>\n<p><strong><span>Solicitud :<\/span><\/strong><\/p>\n<ul>\n<li><span>Utilizando un cepillo y\/o peine, aplique Carrot Btox mech\u00f3n por mech\u00f3n, asegur\u00e1ndose de cubrir bien el cabello.<\/span><\/li>\n<\/ul>\n<p><strong><span>Tiempo de exposici\u00f3n:<\/span><\/strong><\/p>\n<ul>\n<li><span>Deje el producto actuar sobre el cabello durante\u00a0<\/span>10 a 40 minutos.<\/li>\n<\/ul>\n<p><strong><span>Enjuague y peinado:<\/span><\/strong><\/p>\n<ul>\n<li><span>Eliminar\u00a0<\/span>entre el 50% y el 90%\u00a0del producto.<\/li>\n<li>Seca el cabello con un mini brushing.<\/li>\n<li>Pasa la plancha por mechones finos\u00a0de 8 a 20 veces a 190\u00b0<span>\u00a0hasta conseguir un cabello sedoso y suave.<\/span><\/li>\n<\/ul>\n<p><strong><span>Resultados e instrucciones de uso<\/span><\/strong><\/p>\n<h4><span>Purple\u00a0\u00a0<\/span><strong><span>Carrot Btox<\/span><\/strong>\u00a0<span>\u00a0neutraliza los tonos anaranjados en el cabello rubio.<\/span><\/h4>\n<p><span>\u00a0Sin embargo, es esencial comprobar si hay posibles cambios de tono en el cabello te\u00f1ido antes de la aplicaci\u00f3n completa.<\/span><\/p>\n<p><strong><span>Beneficios del Btox de zanahoria morada:<\/span><\/strong><\/p>\n<ul>\n<li>Reduce el volumen y el frizz.<\/li>\n<li>Realinea y fortalece la fibra capilar.<\/li>\n<li>Neutraliza los tonos anaranjados en el cabello rubio.<\/li>\n<li>Sin formaldeh\u00eddo<span>: cuidado suave y seguro para tu cabello.<\/span><\/li>\n<\/ul>\n<p><strong><span>\u00bfPara qu\u00e9 tipo de cabello?<\/span><\/strong><\/p>\n<p><span>Btox\u00a0Violet Carrot\u00a0es adecuado para todo tipo de cabello, especialmente el cabello da\u00f1ado, rebelde y sin brillo.<\/span><\/p>\n","protected":false},"excerpt":{"rendered":"<p>BTOX CENOURA ROXA Natureza Cosmeticos ofrece el mejor tratamiento reductor de volumen del mercado. Nuestra misi\u00f3n es especializarnos en productos<\/p>\n","protected":false},"featured_media":84799,"comment_status":"open","ping_status":"closed","template":"","meta":{"nf_dc_page":""},"product_brand":[735],"product_cat":[85],"product_tag":[736],"class_list":{"0":"post-84798","1":"product","2":"type-product","3":"status-publish","4":"has-post-thumbnail","6":"product_brand-natureza-cosmeticos","7":"product_cat-cosmeticos","8":"product_tag-736","10":"first","11":"instock","12":"shipping-taxable","13":"purchasable","14":"product-type-simple"},"_links":{"self":[{"href":"https:\/\/brandss.com.py\/index\/wp-json\/wp\/v2\/product\/84798","targetHints":{"allow":["GET"]}}],"collection":[{"href":"https:\/\/brandss.com.py\/index\/wp-json\/wp\/v2\/product"}],"about":[{"href":"https:\/\/brandss.com.py\/index\/wp-json\/wp\/v2\/types\/product"}],"replies":[{"embeddable":true,"href":"https:\/\/brandss.com.py\/index\/wp-json\/wp\/v2\/comments?post=84798"}],"version-history":[{"count":1,"href":"https:\/\/brandss.com.py\/index\/wp-json\/wp\/v2\/product\/84798\/revisions"}],"predecessor-version":[{"id":84803,"href":"https:\/\/brandss.com.py\/index\/wp-json\/wp\/v2\/product\/84798\/revisions\/84803"}],"wp:featuredmedia":[{"embeddable":true,"href":"https:\/\/brandss.com.py\/index\/wp-json\/wp\/v2\/media\/84799"}],"wp:attachment":[{"href":"https:\/\/brandss.com.py\/index\/wp-json\/wp\/v2\/media?parent=84798"}],"wp:term":[{"taxonomy":"product_brand","embeddable":true,"href":"https:\/\/brandss.com.py\/index\/wp-json\/wp\/v2\/product_brand?post=84798"},{"taxonomy":"product_cat","embeddable":true,"href":"https:\/\/brandss.com.py\/index\/wp-json\/wp\/v2\/product_cat?post=84798"},{"taxonomy":"product_tag","embeddable":true,"href":"https:\/\/brandss.com.py\/index\/wp-json\/wp\/v2\/product_tag?post=84798"}],"curies":[{"name":"wp","href":"https:\/\/api.w.org\/{rel}","templated":true}]}}