{"id":84830,"date":"2025-06-23T19:16:45","date_gmt":"2025-06-23T19:16:45","guid":{"rendered":"https:\/\/brandss.com.py\/index\/?post_type=product&#038;p=84830"},"modified":"2025-09-27T12:36:17","modified_gmt":"2025-09-27T12:36:17","slug":"mascara-capilar-floractive-bio-btx-mandioca-repositor-de-masa-1kg","status":"publish","type":"product","link":"https:\/\/brandss.com.py\/index\/producto\/mascara-capilar-floractive-bio-btx-mandioca-repositor-de-masa-1kg\/","title":{"rendered":"M\u00c1SCARA CAPILAR FLORACTIVE BIO BTX MANDIOCA REPOSITOR DE MASA 1KG"},"content":{"rendered":"<p><img loading=\"lazy\" decoding=\"async\" class=\"\" src=\"https:\/\/nanoplastiaalisado.es\/wp-content\/uploads\/2022\/10\/logo-floractive-2022.png\" alt=\"logo floractive 2022 | Nanoplastia\" width=\"101\" height=\"71\" \/><\/p>\n<h1>BIO BTX MANDIOCA<\/h1>\n<p style=\"font-weight: 400\"><b><strong>Bio BTx Mandioca\u00a0<\/strong><\/b>es una tecnolog\u00eda revolucionaria que combina el rico\u00a0<b><strong>extracto de yuca, extracto de caf\u00e9, manteca de karit\u00e9, extracto de algas\u00a0<\/strong><\/b><b><strong>y<\/strong><\/b><b><strong>\u00a0aceite de moringa\u00a0<\/strong><\/b>con\u00a0\u00e1cidos org\u00e1nicos para crear un tratamiento de vanguardia. Esta f\u00f3rmula hidrata profundamente la fibra capilar, repone la masa capilar y forma una capa protectora, dejando un cabello suave, hidratado, brillante y sin frizz.<\/p>\n<div class=\"wt-collapse__trigger wt-collapse__trigger--active\" role=\"button\" data-open=\"false\" aria-expanded=\"true\" aria-controls=\"CollapsibleTab-collapsible_tab_Nyhaqc\">\n<h3 class=\"wt-collapse__trigger__text\"><span class=\"wt-collapse__trigger__title\"><span>Beneficios<\/span><\/span><\/h3>\n<div class=\"wt-icon\" aria-hidden=\"true\"><\/div>\n<\/div>\n<div id=\"CollapsibleTab-collapsible_tab_Nyhaqc\" class=\"wt-collapse__target\">\n<div class=\"wt-collapse__target--text rte\" data-block-id-for-variant-metafield=\"collapsible_tab_Nyhaqc\">\n<div class=\"wt-collapse__target__content\">\n<p><span class=\"metafield-multi_line_text_field\">Reduce el volumen de forma duradera.<\/p>\n<p>Elimina el frizz al 100 %.<\/p>\n<p>Hidrata y nutre profundamente.<\/p>\n<p>Restaura la integridad de la fibra capilar.<\/p>\n<p>Sella las cut\u00edculas para un brillo excepcional.<\/p>\n<p>Aplicaci\u00f3n r\u00e1pida y sencilla.<\/p>\n<p>Garantiza resultados excelentes con una excelente relaci\u00f3n calidad-precio.<\/span><\/p>\n<p>&nbsp;<\/p>\n<div class=\"wt-collapse__trigger wt-collapse__trigger--active\" role=\"button\" data-open=\"false\" aria-expanded=\"true\" aria-controls=\"CollapsibleTab-collapsible_tab_K9z7bF\">\n<h3 class=\"wt-collapse__trigger__text\"><span class=\"wt-collapse__trigger__title\"><span>Composici\u00f3n<\/span><\/span><\/h3>\n<div class=\"wt-icon\" aria-hidden=\"true\"><\/div>\n<\/div>\n<div id=\"CollapsibleTab-collapsible_tab_K9z7bF\" class=\"wt-collapse__target\">\n<div class=\"wt-collapse__target--text rte\" data-block-id-for-variant-metafield=\"collapsible_tab_K9z7bF\">\n<div class=\"wt-collapse__target__content\">\n<p><span class=\"metafield-multi_line_text_field\"><span><strong>Manteca de karit\u00e9:<\/strong> Proporciona una hidrataci\u00f3n profunda, restaura la capa lip\u00eddica y mantiene la humedad para un cabello m\u00e1s suave y sedoso con movimiento natural.<\/span><\/p>\n<p><span><strong>Aceite de moringa:<\/strong> Rico en antioxidantes, vitaminas y minerales, hidrata y nutre, fortalece el cabello contra factores externos, protege contra los rayos UV y combate el da\u00f1o de los radicales libres.<\/span><\/p>\n<p><span><strong>Extracto de yuca:<\/strong> Derivado de la ra\u00edz, ofrece hidrataci\u00f3n intensa, suavidad, reconstrucci\u00f3n y brillo.<\/span><\/p>\n<p><span><strong>Extracto de caf\u00e9 (Coffea Arabica):<\/strong> Estimula el crecimiento del cabello y fortalece las hebras.<\/span><\/p>\n<p><span><strong>Extracto de algas marinas:<\/strong> Rico en minerales raros y omega-3, protege, hidrata profundamente y realza el brillo a la vez que proporciona movimiento natural.<\/span><\/p>\n<p><span><strong>\u00c1cidos org\u00e1nicos:<\/strong> Presentes naturalmente en frutas y verduras, estos \u00e1cidos sellan las cut\u00edculas, eliminan los residuos alcalinos y reducen el frizz cuando se activan con calor.<\/span><\/span><\/p>\n<\/div>\n<\/div>\n<\/div>\n<\/div>\n<\/div>\n<\/div>\n<h3 style=\"font-weight: 500\">Indicaciones:<\/h3>\n<p style=\"font-weight: 400\">Ideal para clientes con\u00a0<b><strong>cabello voluminoso, seco, fr\u00e1gil y encrespado.<\/strong><\/b><\/p>\n<h3 style=\"font-weight: 500\">Profesional :<\/h3>\n<p style=\"font-weight: 400\">Bio BTx Mandioca &#8211; 1L\u00a0Rendimiento:\u00a015 a 20 tratamientos.<\/p>\n","protected":false},"excerpt":{"rendered":"<p>BIO BTX MANDIOCA Bio BTx Mandioca\u00a0es una tecnolog\u00eda revolucionaria que combina el rico\u00a0extracto de yuca, extracto de caf\u00e9, manteca de<\/p>\n","protected":false},"featured_media":84831,"comment_status":"open","ping_status":"closed","template":"","meta":{"nf_dc_page":""},"product_brand":[744],"product_cat":[85],"product_tag":[745],"class_list":{"0":"post-84830","1":"product","2":"type-product","3":"status-publish","4":"has-post-thumbnail","6":"product_brand-floractive","7":"product_cat-cosmeticos","8":"product_tag-745","10":"first","11":"instock","12":"shipping-taxable","13":"purchasable","14":"product-type-simple"},"_links":{"self":[{"href":"https:\/\/brandss.com.py\/index\/wp-json\/wp\/v2\/product\/84830","targetHints":{"allow":["GET"]}}],"collection":[{"href":"https:\/\/brandss.com.py\/index\/wp-json\/wp\/v2\/product"}],"about":[{"href":"https:\/\/brandss.com.py\/index\/wp-json\/wp\/v2\/types\/product"}],"replies":[{"embeddable":true,"href":"https:\/\/brandss.com.py\/index\/wp-json\/wp\/v2\/comments?post=84830"}],"version-history":[{"count":1,"href":"https:\/\/brandss.com.py\/index\/wp-json\/wp\/v2\/product\/84830\/revisions"}],"predecessor-version":[{"id":84836,"href":"https:\/\/brandss.com.py\/index\/wp-json\/wp\/v2\/product\/84830\/revisions\/84836"}],"wp:featuredmedia":[{"embeddable":true,"href":"https:\/\/brandss.com.py\/index\/wp-json\/wp\/v2\/media\/84831"}],"wp:attachment":[{"href":"https:\/\/brandss.com.py\/index\/wp-json\/wp\/v2\/media?parent=84830"}],"wp:term":[{"taxonomy":"product_brand","embeddable":true,"href":"https:\/\/brandss.com.py\/index\/wp-json\/wp\/v2\/product_brand?post=84830"},{"taxonomy":"product_cat","embeddable":true,"href":"https:\/\/brandss.com.py\/index\/wp-json\/wp\/v2\/product_cat?post=84830"},{"taxonomy":"product_tag","embeddable":true,"href":"https:\/\/brandss.com.py\/index\/wp-json\/wp\/v2\/product_tag?post=84830"}],"curies":[{"name":"wp","href":"https:\/\/api.w.org\/{rel}","templated":true}]}}