{"id":84846,"date":"2025-06-24T13:22:48","date_gmt":"2025-06-24T13:22:48","guid":{"rendered":"https:\/\/brandss.com.py\/index\/?post_type=product&#038;p=84846"},"modified":"2026-03-17T13:36:30","modified_gmt":"2026-03-17T13:36:30","slug":"perfume-unisex-lattafa-khamrah-dukhan-edp-100ml","status":"publish","type":"product","link":"https:\/\/brandss.com.py\/index\/producto\/perfume-unisex-lattafa-khamrah-dukhan-edp-100ml\/","title":{"rendered":"PERFUME UNISEX LATTAFA KHAMRAH DUKHAN EDP 100ML"},"content":{"rendered":"<p><img loading=\"lazy\" decoding=\"async\" class=\"\" src=\"https:\/\/myscentjourney.s3.us-east-2.amazonaws.com\/2022\/02\/14\/29KIascent_j_marca_1644871114_202.png\" alt=\"MSJ::LATTAFA\" width=\"67\" height=\"80\" \/><\/p>\n<h1>KHAMRAH DUKHAN<\/h1>\n<p>Es una obra maestra gourmand embriagadora y ahumada que cautiva los sentidos con su calidez misteriosa y su encanto picante y dulce. Una evoluci\u00f3n m\u00e1s profunda y oscura de la l\u00ednea Khamrah, Khamrah Dukhan fusiona la riqueza oriental con la sensualidad moderna, perfecta para quienes desean un aroma audaz y lujoso que deje un rastro duradero de misterio y elegancia.<\/p>\n<p>Khamrah Dukhan es es una fragancia inolvidable: atrevida, c\u00e1lida y absolutamente adictiva. Ideal para la noche y ocasiones especiales, est\u00e1 dise\u00f1ado para aquellos que no tienen miedo de destacarse y abrazar su fuego interior. Deje que Khamrah Dukhan sea su aroma caracter\u00edstico cuando solo la seducci\u00f3n ahumada y la sofisticaci\u00f3n picante sean suficientes.<\/p>\n<h3>Notas Olfativas<\/h3>\n<p>Lattafa Khamrah Dukhan es una interpretaci\u00f3n m\u00e1s ahumada y profunda del c\u00e9lebre Khamrah, dise\u00f1ado para quienes desean una fragancia envolvente, c\u00e1lida y seductora. Esta joya oriental combina especias intensas como canela y nuez moscada con la dulzura del d\u00e1til y la mirra, creando un acorde que emula la riqueza de un postre \u00e1rabe junto a una nube de incienso. El fondo amaderado y \u00e1mbar ahumado aporta profundidad, misterio y una proyecci\u00f3n impresionante que permanece durante horas. Ideal para noches especiales o climas fr\u00edos.<\/p>\n<p>La fragancia se abre con la intensidad ardiente del pimiento y las especias c\u00e1lidas, creando instant\u00e1neamente un tono rico y ex\u00f3tico. La dulzura jugosa de la mandarina atraviesa el calor, ofreciendo una frescura chispeante que realza la intriga de la apertura picante.<\/p>\n<p>En el coraz\u00f3n, el l\u00e1dano y el incienso crean una profundidad ahumada y resinosa que evoca un aire de misterio y sofisticaci\u00f3n. La riqueza terrosa del pachul\u00ed se equilibra maravillosamente con la delicada elegancia floral de la flor de naranja, agregando un toque suave al centro oscuro y resinoso.<\/p>\n<p>A medida que el aroma se asienta, la base revela una deliciosa mezcla de tabaco y pralin\u00e9, brindando un final gourmand deliciosamente dulce y ahumado. El haba tonka aporta una calidez cremosa, mientras que el \u00e1mbar y el benju\u00ed realzan la profundidad con su rico brillo bals\u00e1mico. El resultado es un secado sensual y duradero que envuelve la piel en un lujoso velo de opulencia.<\/p>\n<p>El perfume\u00a0<span dir=\"ltr\" lang=\"es-MX\">Khamrah Dukhan<\/span><span dir=\"ltr\" lang=\"es-PY\">\u00a0<\/span><span dir=\"ltr\" lang=\"es-MX\">EDP<\/span><span dir=\"ltr\" lang=\"es-MX\">\u00a0de\u00a0<\/span><span dir=\"ltr\" lang=\"es-PY\">Lattafa<\/span><span dir=\"ltr\" lang=\"es-MX\">\u00a0<\/span>es una fragancia de la familia olfativa\u00a0<span dir=\"ltr\" lang=\"es-MX\">oriental especiada<\/span>\u00a0para\u00a0<span dir=\"ltr\" lang=\"es-MX\">hombres y mujeres<\/span>.\u00a0<span dir=\"ltr\" lang=\"es-PY\">Con una concentraci\u00f3n tipo Eau de Parfum, ofrece una alta intensidad y durabilidad en la piel. Sus notas arom\u00e1ticas se componen de los siguientes ingredientes.<\/span><\/p>\n<ul>\n<li><span dir=\"ltr\" lang=\"es-PY\"><strong>Notas de salida:<\/strong>\u00a0<\/span><span dir=\"ltr\" lang=\"es-MX\">M<\/span><span dir=\"ltr\" lang=\"es-PY\">andarina, pimiento, especias ahumadas.<\/span><\/li>\n<li><span dir=\"ltr\" lang=\"es-PY\"><strong>Notas de coraz\u00f3n:\u00a0<\/strong><\/span><span dir=\"ltr\" lang=\"es-MX\">C<\/span><span dir=\"ltr\" lang=\"es-PY\">istus, flor de naranja, incienso, pachul\u00ed.<\/span><\/li>\n<li><span dir=\"ltr\" lang=\"es-PY\"><strong>Notas de fondo:\u00a0<\/strong><\/span><span dir=\"ltr\" lang=\"es-MX\">T<\/span><span dir=\"ltr\" lang=\"es-PY\">abaco, \u00e1mbar, haba tonka, benju\u00ed, pralin\u00e9.<\/span><\/li>\n<\/ul>\n","protected":false},"excerpt":{"rendered":"<p>KHAMRAH DUKHAN Es una obra maestra gourmand embriagadora y ahumada que cautiva los sentidos con su calidez misteriosa y su<\/p>\n","protected":false},"featured_media":84847,"comment_status":"open","ping_status":"closed","template":"","meta":{"nf_dc_page":""},"product_brand":[109],"product_cat":[84],"product_tag":[650],"class_list":{"0":"post-84846","1":"product","2":"type-product","3":"status-publish","4":"has-post-thumbnail","6":"product_brand-lattafa","7":"product_cat-perfumeria","8":"product_tag-650","10":"first","11":"instock","12":"sale","13":"shipping-taxable","14":"purchasable","15":"product-type-simple"},"_links":{"self":[{"href":"https:\/\/brandss.com.py\/index\/wp-json\/wp\/v2\/product\/84846","targetHints":{"allow":["GET"]}}],"collection":[{"href":"https:\/\/brandss.com.py\/index\/wp-json\/wp\/v2\/product"}],"about":[{"href":"https:\/\/brandss.com.py\/index\/wp-json\/wp\/v2\/types\/product"}],"replies":[{"embeddable":true,"href":"https:\/\/brandss.com.py\/index\/wp-json\/wp\/v2\/comments?post=84846"}],"version-history":[{"count":1,"href":"https:\/\/brandss.com.py\/index\/wp-json\/wp\/v2\/product\/84846\/revisions"}],"predecessor-version":[{"id":84852,"href":"https:\/\/brandss.com.py\/index\/wp-json\/wp\/v2\/product\/84846\/revisions\/84852"}],"wp:featuredmedia":[{"embeddable":true,"href":"https:\/\/brandss.com.py\/index\/wp-json\/wp\/v2\/media\/84847"}],"wp:attachment":[{"href":"https:\/\/brandss.com.py\/index\/wp-json\/wp\/v2\/media?parent=84846"}],"wp:term":[{"taxonomy":"product_brand","embeddable":true,"href":"https:\/\/brandss.com.py\/index\/wp-json\/wp\/v2\/product_brand?post=84846"},{"taxonomy":"product_cat","embeddable":true,"href":"https:\/\/brandss.com.py\/index\/wp-json\/wp\/v2\/product_cat?post=84846"},{"taxonomy":"product_tag","embeddable":true,"href":"https:\/\/brandss.com.py\/index\/wp-json\/wp\/v2\/product_tag?post=84846"}],"curies":[{"name":"wp","href":"https:\/\/api.w.org\/{rel}","templated":true}]}}