{"id":84853,"date":"2025-06-24T14:12:39","date_gmt":"2025-06-24T14:12:39","guid":{"rendered":"https:\/\/brandss.com.py\/index\/?post_type=product&#038;p=84853"},"modified":"2025-10-25T13:55:44","modified_gmt":"2025-10-25T13:55:44","slug":"perfume-unisex-lattafa-qaaed-al-fursan-untamed-edp-90ml","status":"publish","type":"product","link":"https:\/\/brandss.com.py\/index\/producto\/perfume-unisex-lattafa-qaaed-al-fursan-untamed-edp-90ml\/","title":{"rendered":"PERFUME UNISEX LATTAFA QAED AL FURSAN UNTAMED EDP 90ML"},"content":{"rendered":"<p><img loading=\"lazy\" decoding=\"async\" class=\"\" src=\"https:\/\/myscentjourney.s3.us-east-2.amazonaws.com\/2022\/02\/14\/29KIascent_j_marca_1644871114_202.png\" alt=\"MSJ::LATTAFA\" width=\"89\" height=\"106\" \/><\/p>\n<h1>QAAED AL FURSAN UNTAMED<\/h1>\n<p>Es una fragancia atrevida y audaz que cautiva desde la primera aplicaci\u00f3n. Untamed es la expresi\u00f3n perfecta de confianza y fortaleza para quienes viven con valent\u00eda y sin l\u00edmites.<\/p>\n<h3>Notas Olfativas<\/h3>\n<p><span>Su inicio es una c\u00e1lida y especiada mezcla de nuez moscada, cardamomo, mandarina y canela, creando una entrada din\u00e1mica y vigorizante. <\/span><span>El coraz\u00f3n se despliega con lavanda arom\u00e1tica, geranio, cipr\u00e9s y salvia esclarea, con un toque de caramelo dulce para lograr una riqueza inesperada. <\/span><span>A medida que se asienta, el aroma revela una base profunda y resinosa de madera de cedro, ol\u00edbano, vetiver, l\u00e1dano y \u00e1mbar, dejando una estela poderosa y cautivadora.\u00a0<\/span><\/p>\n<p>&nbsp;<\/p>\n<p><span><strong>Notas de salida:<\/strong> Nuez moscada, cardamomo, mandarina, canela.<\/span><\/p>\n<p><span><strong>Notas de coraz\u00f3n:<\/strong> lavanda, geranio, cipr\u00e9s, salvia esclarea, caramelo.<\/span><\/p>\n<p><span><strong>Notas de fondo:<\/strong> Cedro, ol\u00edbano, vetiver, l\u00e1dano, \u00e1mbar.<\/span><\/p>\n","protected":false},"excerpt":{"rendered":"<p>QAAED AL FURSAN UNTAMED Es una fragancia atrevida y audaz que cautiva desde la primera aplicaci\u00f3n. Untamed es la expresi\u00f3n<\/p>\n","protected":false},"featured_media":84854,"comment_status":"open","ping_status":"closed","template":"","meta":{"nf_dc_page":""},"product_brand":[109],"product_cat":[84],"product_tag":[676],"class_list":{"0":"post-84853","1":"product","2":"type-product","3":"status-publish","4":"has-post-thumbnail","6":"product_brand-lattafa","7":"product_cat-perfumeria","8":"product_tag-676","10":"first","11":"instock","12":"shipping-taxable","13":"purchasable","14":"product-type-simple"},"_links":{"self":[{"href":"https:\/\/brandss.com.py\/index\/wp-json\/wp\/v2\/product\/84853","targetHints":{"allow":["GET"]}}],"collection":[{"href":"https:\/\/brandss.com.py\/index\/wp-json\/wp\/v2\/product"}],"about":[{"href":"https:\/\/brandss.com.py\/index\/wp-json\/wp\/v2\/types\/product"}],"replies":[{"embeddable":true,"href":"https:\/\/brandss.com.py\/index\/wp-json\/wp\/v2\/comments?post=84853"}],"version-history":[{"count":2,"href":"https:\/\/brandss.com.py\/index\/wp-json\/wp\/v2\/product\/84853\/revisions"}],"predecessor-version":[{"id":87675,"href":"https:\/\/brandss.com.py\/index\/wp-json\/wp\/v2\/product\/84853\/revisions\/87675"}],"wp:featuredmedia":[{"embeddable":true,"href":"https:\/\/brandss.com.py\/index\/wp-json\/wp\/v2\/media\/84854"}],"wp:attachment":[{"href":"https:\/\/brandss.com.py\/index\/wp-json\/wp\/v2\/media?parent=84853"}],"wp:term":[{"taxonomy":"product_brand","embeddable":true,"href":"https:\/\/brandss.com.py\/index\/wp-json\/wp\/v2\/product_brand?post=84853"},{"taxonomy":"product_cat","embeddable":true,"href":"https:\/\/brandss.com.py\/index\/wp-json\/wp\/v2\/product_cat?post=84853"},{"taxonomy":"product_tag","embeddable":true,"href":"https:\/\/brandss.com.py\/index\/wp-json\/wp\/v2\/product_tag?post=84853"}],"curies":[{"name":"wp","href":"https:\/\/api.w.org\/{rel}","templated":true}]}}