{"id":84860,"date":"2025-06-24T14:53:03","date_gmt":"2025-06-24T14:53:03","guid":{"rendered":"https:\/\/brandss.com.py\/index\/?post_type=product&#038;p=84860"},"modified":"2026-03-28T16:22:45","modified_gmt":"2026-03-28T16:22:45","slug":"perfume-unisex-lattafa-24-carat-pure-gold-edp-100ml","status":"publish","type":"product","link":"https:\/\/brandss.com.py\/index\/producto\/perfume-unisex-lattafa-24-carat-pure-gold-edp-100ml\/","title":{"rendered":"PERFUME UNISEX LATTAFA 24 CARAT PURE GOLD EDP 100ML"},"content":{"rendered":"<p><img loading=\"lazy\" decoding=\"async\" class=\"\" src=\"https:\/\/myscentjourney.s3.us-east-2.amazonaws.com\/2022\/02\/14\/29KIascent_j_marca_1644871114_202.png\" alt=\"MSJ::LATTAFA\" width=\"72\" height=\"86\" \/><\/p>\n<h1>24 CARAT PURE GOLD<\/h1>\n<p>Descubre una fragancia absolutamente excepcional que, al mismo tiempo, resalta a la perfecci\u00f3n la personalidad de quien la lleva. El eau de parfum unisex Lattafa 24 Carat Pure Gold es la fragancia ideal para destacar tu originalidad. Para personas con un estilo no convencional. Fragancia c\u00e1lida, ideal para las \u00e9pocas fr\u00eda. Presentamos Lattafa 24 Carat Pure Gold Eau De Parfum Spray, el ep\u00edtome del lujo y la sofisticaci\u00f3n. Esta exquisita fragancia est\u00e1 dise\u00f1ada tanto para hombres como para mujeres, lo que la convierte en la elecci\u00f3n perfecta para cualquier persona que aprecie el encanto de un aroma unisex.<\/p>\n<h3>Notas Olfativas<\/h3>\n<p>24 Carat Pure Gold Eau de Parfum Lattafa Perfumes, lanzada en 2017, est\u00e1 clasificada como una fragancia unisex y pertenece a las familias olfativas Cuero y Oriental.<\/p>\n<p class=\"whitespace-pre-wrap break-words\">Lattafa 24 Carat Pure Gold es una fragancia oriental lujosa que fusiona especias c\u00e1lidas con elementos amaderados y resinosos.<\/p>\n<p class=\"whitespace-pre-wrap break-words\">La apertura es intensa y especiada, donde la canela y el azafr\u00e1n crean un d\u00fao c\u00e1lido y ex\u00f3tico que se entrelaza con la profundidad resinosa del oud.<\/p>\n<p class=\"whitespace-pre-wrap break-words\">El coraz\u00f3n revela un contraste elegante entre la rosa, que aporta un toque floral rom\u00e1ntico y sofisticado, y el s\u00e1ndalo, que proporciona una cremosidad amaderada que suaviza las especias intensas de la apertura.<\/p>\n<p class=\"whitespace-pre-wrap break-words\">En el fondo, el \u00e1mbar dorado se fusiona con la sensualidad del cuero y el misticismo del incienso, mientras que el almizcle y la vainilla aportan un acabado dulce y sensual. Es una fragancia que evoca opulencia oriental y lujo dorado, perfecta para ocasiones especiales y eventos formales, ideal para quien busca un aroma rico y distintivo con una presencia memorable.<\/p>\n<p>El perfume Lattafa 24 Carat Pure Gold es una fragancia de la familia olfativa\u00a0\u00e1mbar vainilla para hombres y mujeres.<\/p>\n<ul>\n<li style=\"list-style-type: none\">\n<ul>\n<li><strong>Notas de salida:<\/strong> Madera de agar (Oud), azafr\u00e1n y canela.<\/li>\n<li><strong>Nota de coraz\u00f3n:<\/strong> Rosa y s\u00e1ndalo.<\/li>\n<li><strong>Notas de fondo:<\/strong> Incienso, \u00e1mbar, cuero, almizcle y vainilla.<\/li>\n<\/ul>\n<\/li>\n<\/ul>\n","protected":false},"excerpt":{"rendered":"<p>24 CARAT PURE GOLD Descubre una fragancia absolutamente excepcional que, al mismo tiempo, resalta a la perfecci\u00f3n la personalidad de<\/p>\n","protected":false},"featured_media":84861,"comment_status":"open","ping_status":"closed","template":"","meta":{"nf_dc_page":""},"product_brand":[],"product_cat":[84],"product_tag":[],"class_list":{"0":"post-84860","1":"product","2":"type-product","3":"status-publish","4":"has-post-thumbnail","6":"product_cat-perfumeria","8":"first","9":"outofstock","10":"shipping-taxable","11":"purchasable","12":"product-type-simple"},"_links":{"self":[{"href":"https:\/\/brandss.com.py\/index\/wp-json\/wp\/v2\/product\/84860","targetHints":{"allow":["GET"]}}],"collection":[{"href":"https:\/\/brandss.com.py\/index\/wp-json\/wp\/v2\/product"}],"about":[{"href":"https:\/\/brandss.com.py\/index\/wp-json\/wp\/v2\/types\/product"}],"replies":[{"embeddable":true,"href":"https:\/\/brandss.com.py\/index\/wp-json\/wp\/v2\/comments?post=84860"}],"version-history":[{"count":1,"href":"https:\/\/brandss.com.py\/index\/wp-json\/wp\/v2\/product\/84860\/revisions"}],"predecessor-version":[{"id":84866,"href":"https:\/\/brandss.com.py\/index\/wp-json\/wp\/v2\/product\/84860\/revisions\/84866"}],"wp:featuredmedia":[{"embeddable":true,"href":"https:\/\/brandss.com.py\/index\/wp-json\/wp\/v2\/media\/84861"}],"wp:attachment":[{"href":"https:\/\/brandss.com.py\/index\/wp-json\/wp\/v2\/media?parent=84860"}],"wp:term":[{"taxonomy":"product_brand","embeddable":true,"href":"https:\/\/brandss.com.py\/index\/wp-json\/wp\/v2\/product_brand?post=84860"},{"taxonomy":"product_cat","embeddable":true,"href":"https:\/\/brandss.com.py\/index\/wp-json\/wp\/v2\/product_cat?post=84860"},{"taxonomy":"product_tag","embeddable":true,"href":"https:\/\/brandss.com.py\/index\/wp-json\/wp\/v2\/product_tag?post=84860"}],"curies":[{"name":"wp","href":"https:\/\/api.w.org\/{rel}","templated":true}]}}