{"id":84875,"date":"2025-06-24T16:56:31","date_gmt":"2025-06-24T16:56:31","guid":{"rendered":"https:\/\/brandss.com.py\/index\/?post_type=product&#038;p=84875"},"modified":"2025-09-29T18:36:56","modified_gmt":"2025-09-29T18:36:56","slug":"perfume-unisex-lattafa-ajajeb-dubai-edp-100ml","status":"publish","type":"product","link":"https:\/\/brandss.com.py\/index\/producto\/perfume-unisex-lattafa-ajajeb-dubai-edp-100ml\/","title":{"rendered":"PERFUME UNISEX LATTAFA AJAYEB DUBAI BLACK EDP 100ML"},"content":{"rendered":"<p><img loading=\"lazy\" decoding=\"async\" class=\"\" src=\"https:\/\/myscentjourney.s3.us-east-2.amazonaws.com\/2022\/02\/14\/29KIascent_j_marca_1644871114_202.png\" alt=\"MSJ::LATTAFA\" width=\"75\" height=\"89\" \/><\/p>\n<h1>AJAYEB DUBAI<\/h1>\n<p>Esta cautivadora fragancia de Ajayeb Dubai de Lattafa est\u00e1 dise\u00f1ada tanto para hombre como para mujer, ofreciendo una sofisticada combinaci\u00f3n de notas c\u00e1lidas, florales y amaderadas. Con su exquisito perfil arom\u00e1tico, Ajayeb Dubai te invita a experimentar la elegancia y el encanto de Oriente Medio, convirti\u00e9ndola en la compa\u00f1era perfecta para cualquier ocasi\u00f3n, de d\u00eda o de noche.<\/p>\n<p>El perfume Ajayeb Dubai combina modernidad y tradici\u00f3n, reflejando el esplendor de Dub\u00e1i en cada nota. Este perfume unisex es una declaraci\u00f3n de estilo y exclusividad.<\/p>\n<p><img loading=\"lazy\" decoding=\"async\" class=\"alignleft\" src=\"https:\/\/zaoud.it\/cdn\/shop\/files\/ajayeb-dubai-potrait-black-perfume-bottle-surrounded-with-vanilla-and-sandalwood-against-white-background.jpg?v=1720790604&amp;width=990\" width=\"508\" height=\"636\" \/><\/p>\n<h3>Notas Olfativas<\/h3>\n<p>&nbsp;<\/p>\n<p>Ajayeb Dubai se abre con una explosi\u00f3n vigorizante de notas c\u00edtricas y florales que te transporta a los bulliciosos mercados de Dub\u00e1i. A medida que se desarrolla, la fragancia revela un rico coraz\u00f3n de especias y flores que te envuelve en su calidez. Las notas de fondo de oud, pachul\u00ed y s\u00e1ndalo perduran en la piel, ofreciendo una experiencia olfativa inolvidable que resuena con la esencia de la ciudad.<\/p>\n<p>Ajayeb Dubai\u00a0es una fragancia de la familia olfativa para Hombres y Mujeres. Esta fragancia es nueva.\u00a0Ajayeb Dubai\u00a0se lanz\u00f3 en 2023.<\/p>\n<p><strong>Notas de salida:<\/strong> pi\u00f1a y azafr\u00e1n.<\/p>\n<p><strong>Notas de coraz\u00f3n:<\/strong> caf\u00e9 y hojas de violeta.<\/p>\n<p><strong>Notas de fondo:<\/strong> Caramelo de mantequilla, s\u00e1ndalo y vainilla.<\/p>\n","protected":false},"excerpt":{"rendered":"<p>AJAYEB DUBAI Esta cautivadora fragancia de Ajayeb Dubai de Lattafa est\u00e1 dise\u00f1ada tanto para hombre como para mujer, ofreciendo una<\/p>\n","protected":false},"featured_media":84876,"comment_status":"open","ping_status":"closed","template":"","meta":{"nf_dc_page":""},"product_brand":[109],"product_cat":[84],"product_tag":[606],"class_list":{"0":"post-84875","1":"product","2":"type-product","3":"status-publish","4":"has-post-thumbnail","6":"product_brand-lattafa","7":"product_cat-perfumeria","8":"product_tag-606","10":"first","11":"instock","12":"sale","13":"shipping-taxable","14":"purchasable","15":"product-type-simple"},"_links":{"self":[{"href":"https:\/\/brandss.com.py\/index\/wp-json\/wp\/v2\/product\/84875","targetHints":{"allow":["GET"]}}],"collection":[{"href":"https:\/\/brandss.com.py\/index\/wp-json\/wp\/v2\/product"}],"about":[{"href":"https:\/\/brandss.com.py\/index\/wp-json\/wp\/v2\/types\/product"}],"replies":[{"embeddable":true,"href":"https:\/\/brandss.com.py\/index\/wp-json\/wp\/v2\/comments?post=84875"}],"version-history":[{"count":5,"href":"https:\/\/brandss.com.py\/index\/wp-json\/wp\/v2\/product\/84875\/revisions"}],"predecessor-version":[{"id":87593,"href":"https:\/\/brandss.com.py\/index\/wp-json\/wp\/v2\/product\/84875\/revisions\/87593"}],"wp:featuredmedia":[{"embeddable":true,"href":"https:\/\/brandss.com.py\/index\/wp-json\/wp\/v2\/media\/84876"}],"wp:attachment":[{"href":"https:\/\/brandss.com.py\/index\/wp-json\/wp\/v2\/media?parent=84875"}],"wp:term":[{"taxonomy":"product_brand","embeddable":true,"href":"https:\/\/brandss.com.py\/index\/wp-json\/wp\/v2\/product_brand?post=84875"},{"taxonomy":"product_cat","embeddable":true,"href":"https:\/\/brandss.com.py\/index\/wp-json\/wp\/v2\/product_cat?post=84875"},{"taxonomy":"product_tag","embeddable":true,"href":"https:\/\/brandss.com.py\/index\/wp-json\/wp\/v2\/product_tag?post=84875"}],"curies":[{"name":"wp","href":"https:\/\/api.w.org\/{rel}","templated":true}]}}