{"id":84897,"date":"2025-06-24T18:51:34","date_gmt":"2025-06-24T18:51:34","guid":{"rendered":"https:\/\/brandss.com.py\/index\/?post_type=product&#038;p=84897"},"modified":"2026-03-17T16:38:26","modified_gmt":"2026-03-17T16:38:26","slug":"perfume-unisex-lattafa-opulent-oud-edp-100ml","status":"publish","type":"product","link":"https:\/\/brandss.com.py\/index\/producto\/perfume-unisex-lattafa-opulent-oud-edp-100ml\/","title":{"rendered":"PERFUME UNISEX LATTAFA OPULENT OUD EDP 100ML"},"content":{"rendered":"<p><img loading=\"lazy\" decoding=\"async\" class=\"\" src=\"https:\/\/myscentjourney.s3.us-east-2.amazonaws.com\/2022\/02\/14\/29KIascent_j_marca_1644871114_202.png\" alt=\"MSJ::LATTAFA\" width=\"75\" height=\"89\" \/><\/p>\n<h1>OPULENT OUD<\/h1>\n<p>Es un perfume oscuro, dulce y especiado con un Oudh amaderado. Este es un perfume agradable y fascinante que ilumina cualquier espacio. Este maravilloso aroma puede mejorar tu estado de \u00e1nimo gracias a su aroma energizante. llevar consigo un aroma tan impresionante todo el d\u00eda. El hecho de que tanto hombres como mujeres puedan disfrutar de este ambiente moderno es su mejor caracter\u00edstica. Opulent Oud es perfecto para quienes disfrutan de las cosas buenas de la vida.<\/p>\n<p>&nbsp;<\/p>\n<h3>Notas Olfativas<\/h3>\n<p>&nbsp;<\/p>\n<p>Perfume Lattafa Opulent Oud es una fragancia amaderada oriental para hombres. Es una mezcla intensa y compleja de notas que crean un aroma ex\u00f3tico y lujoso. La bergamota, el lim\u00f3n, la pimienta rosa y el jengibre de las notas de cabeza son refrescantes y estimulantes, mientras que las notas de coraz\u00f3n de jazm\u00edn, rosa y violeta a\u00f1aden un toque de dulzura y sensualidad. La nota de salida tiene un car\u00e1cter agradablemente fresco con notas c\u00edtricas, florales y de azafr\u00e1n. \u00c1mbar, Oudh y caramelo forman la nota de coraz\u00f3n, que es c\u00e1lida y exuberante. La base son resinas, almizcle, notas amaderadas, pachul\u00ed y vainilla. Un perfume que bebe de la plenitud e impresiona con sus aromas oscuros y seductores.<\/p>\n<ul>\n<li><strong>Notas de salida:<\/strong> Cedro, Oud, \u00c1mbar.<\/li>\n<li><strong>Notas de coraz\u00f3n:<\/strong> rosa, madera de oud.<\/li>\n<li><strong>Notas de base:<\/strong> corteza de canela, azafr\u00e1n.<\/li>\n<\/ul>\n","protected":false},"excerpt":{"rendered":"<p>OPULENT OUD Es un perfume oscuro, dulce y especiado con un Oudh amaderado. Este es un perfume agradable y fascinante<\/p>\n","protected":false},"featured_media":84898,"comment_status":"open","ping_status":"closed","template":"","meta":{"nf_dc_page":""},"product_brand":[109],"product_cat":[84],"product_tag":[670],"class_list":{"0":"post-84897","1":"product","2":"type-product","3":"status-publish","4":"has-post-thumbnail","6":"product_brand-lattafa","7":"product_cat-perfumeria","8":"product_tag-670","10":"first","11":"instock","12":"sale","13":"shipping-taxable","14":"purchasable","15":"product-type-simple"},"_links":{"self":[{"href":"https:\/\/brandss.com.py\/index\/wp-json\/wp\/v2\/product\/84897","targetHints":{"allow":["GET"]}}],"collection":[{"href":"https:\/\/brandss.com.py\/index\/wp-json\/wp\/v2\/product"}],"about":[{"href":"https:\/\/brandss.com.py\/index\/wp-json\/wp\/v2\/types\/product"}],"replies":[{"embeddable":true,"href":"https:\/\/brandss.com.py\/index\/wp-json\/wp\/v2\/comments?post=84897"}],"version-history":[{"count":2,"href":"https:\/\/brandss.com.py\/index\/wp-json\/wp\/v2\/product\/84897\/revisions"}],"predecessor-version":[{"id":84905,"href":"https:\/\/brandss.com.py\/index\/wp-json\/wp\/v2\/product\/84897\/revisions\/84905"}],"wp:featuredmedia":[{"embeddable":true,"href":"https:\/\/brandss.com.py\/index\/wp-json\/wp\/v2\/media\/84898"}],"wp:attachment":[{"href":"https:\/\/brandss.com.py\/index\/wp-json\/wp\/v2\/media?parent=84897"}],"wp:term":[{"taxonomy":"product_brand","embeddable":true,"href":"https:\/\/brandss.com.py\/index\/wp-json\/wp\/v2\/product_brand?post=84897"},{"taxonomy":"product_cat","embeddable":true,"href":"https:\/\/brandss.com.py\/index\/wp-json\/wp\/v2\/product_cat?post=84897"},{"taxonomy":"product_tag","embeddable":true,"href":"https:\/\/brandss.com.py\/index\/wp-json\/wp\/v2\/product_tag?post=84897"}],"curies":[{"name":"wp","href":"https:\/\/api.w.org\/{rel}","templated":true}]}}