{"id":84906,"date":"2025-06-24T19:13:41","date_gmt":"2025-06-24T19:13:41","guid":{"rendered":"https:\/\/brandss.com.py\/index\/?post_type=product&#038;p=84906"},"modified":"2026-03-28T16:22:45","modified_gmt":"2026-03-28T16:22:45","slug":"perfume-unisex-lattafa-musk-mood-edp-100ml","status":"publish","type":"product","link":"https:\/\/brandss.com.py\/index\/producto\/perfume-unisex-lattafa-musk-mood-edp-100ml\/","title":{"rendered":"PERFUME UNISEX LATTAFA MUSK MOOD EDP 100ML"},"content":{"rendered":"<p><img loading=\"lazy\" decoding=\"async\" class=\"\" src=\"https:\/\/myscentjourney.s3.us-east-2.amazonaws.com\/2022\/02\/14\/29KIascent_j_marca_1644871114_202.png\" alt=\"MSJ::LATTAFA\" width=\"92\" height=\"109\" \/><\/p>\n<h1>MUSK MOOD<\/h1>\n<p>Es una interpretaci\u00f3n sofisticada y atractiva, con una exquisita mezcla de notas florales, amaderadas y orientales, esta fragancia seduce los sentidos con su suavidad y car\u00e1cter distintivo. La esencia distintiva de Lattafa se manifiesta en una composici\u00f3n olfativa que evoca elegancia y sofisticaci\u00f3n atemporales, dejando una estela inolvidable y atractiva que refleja el encanto y la autenticidad de la marca.<\/p>\n<h3>Notas Olfativas<\/h3>\n<p>Perfume Musk Mood Eau de Parfum de Lattafa Perfumes es una fragancia perfecta de almizcle blanco. Fino, suave y polvoriento, extiende delicada frescura y armon\u00eda. La nota superior extiende notas c\u00edtricas y afrutadas sin abrumar. Aqu\u00ed, el actor principal \u201cWhite Musk\u201d brilla y deja entrar el estado de \u00e1nimo del perfume. Las notas del coraz\u00f3n son una mezcla de aromas florales, almizcle blanco y vainilla. La base completa el perfume con almizcle blanco y s\u00e1ndalo.<\/p>\n<p><strong>&#8211; Notas de salida:<\/strong> Notas c\u00edtricas y frutales.<br \/>\n<strong>&#8211; Notas de coraz\u00f3n:<\/strong> Floral, vainilla, almizcle blanco.<br \/>\n<strong>&#8211; Notas de fondo:<\/strong> almizcle blanco, s\u00e1ndalo.<\/p>\n","protected":false},"excerpt":{"rendered":"<p>MUSK MOOD Es una interpretaci\u00f3n sofisticada y atractiva, con una exquisita mezcla de notas florales, amaderadas y orientales, esta fragancia<\/p>\n","protected":false},"featured_media":84907,"comment_status":"open","ping_status":"closed","template":"","meta":{"nf_dc_page":""},"product_brand":[],"product_cat":[84],"product_tag":[],"class_list":{"0":"post-84906","1":"product","2":"type-product","3":"status-publish","4":"has-post-thumbnail","6":"product_cat-perfumeria","8":"first","9":"outofstock","10":"shipping-taxable","11":"purchasable","12":"product-type-simple"},"_links":{"self":[{"href":"https:\/\/brandss.com.py\/index\/wp-json\/wp\/v2\/product\/84906","targetHints":{"allow":["GET"]}}],"collection":[{"href":"https:\/\/brandss.com.py\/index\/wp-json\/wp\/v2\/product"}],"about":[{"href":"https:\/\/brandss.com.py\/index\/wp-json\/wp\/v2\/types\/product"}],"replies":[{"embeddable":true,"href":"https:\/\/brandss.com.py\/index\/wp-json\/wp\/v2\/comments?post=84906"}],"version-history":[{"count":1,"href":"https:\/\/brandss.com.py\/index\/wp-json\/wp\/v2\/product\/84906\/revisions"}],"predecessor-version":[{"id":84914,"href":"https:\/\/brandss.com.py\/index\/wp-json\/wp\/v2\/product\/84906\/revisions\/84914"}],"wp:featuredmedia":[{"embeddable":true,"href":"https:\/\/brandss.com.py\/index\/wp-json\/wp\/v2\/media\/84907"}],"wp:attachment":[{"href":"https:\/\/brandss.com.py\/index\/wp-json\/wp\/v2\/media?parent=84906"}],"wp:term":[{"taxonomy":"product_brand","embeddable":true,"href":"https:\/\/brandss.com.py\/index\/wp-json\/wp\/v2\/product_brand?post=84906"},{"taxonomy":"product_cat","embeddable":true,"href":"https:\/\/brandss.com.py\/index\/wp-json\/wp\/v2\/product_cat?post=84906"},{"taxonomy":"product_tag","embeddable":true,"href":"https:\/\/brandss.com.py\/index\/wp-json\/wp\/v2\/product_tag?post=84906"}],"curies":[{"name":"wp","href":"https:\/\/api.w.org\/{rel}","templated":true}]}}