{"id":84923,"date":"2025-06-25T11:54:09","date_gmt":"2025-06-25T11:54:09","guid":{"rendered":"https:\/\/brandss.com.py\/index\/?post_type=product&#038;p=84923"},"modified":"2026-03-17T16:56:06","modified_gmt":"2026-03-17T16:56:06","slug":"perfume-masculino-asdaaf-ameer-al-arab-edp-100ml","status":"publish","type":"product","link":"https:\/\/brandss.com.py\/index\/producto\/perfume-masculino-asdaaf-ameer-al-arab-edp-100ml\/","title":{"rendered":"PERFUME MASCULINO ASDAAF AMEER AL ARAB EDP 100ML"},"content":{"rendered":"<p><img loading=\"lazy\" decoding=\"async\" class=\"\" src=\"https:\/\/encrypted-tbn0.gstatic.com\/images?q=tbn:ANd9GcSQLBKd8oEtVsIoJUjzI_XsPNE59kJla0vhWw&amp;s\" alt=\"Mejores Perfumes \u00c1rabes ASDAAF para hombre y mujer en 2025\" width=\"78\" height=\"78\" \/><\/p>\n<h1>AMEER AL ARAB<\/h1>\n<p>El perfume Ameer Al Arab se inspira en el arte de la seducci\u00f3n y el irresistible encuentro. La fragancia posee un atractivo irresistible y es cautivadora. Descubre la cautivadora fragancia AMEER AL ARAB, este exquisito perfume oriental es una combinaci\u00f3n de frescura y especias que no dejar\u00e1 indiferente a nadie. <span style=\"font-weight: 400\">La combinaci\u00f3n de notas crea una fragancia masculina y seductora, ideal para el d\u00eda y la noche, para cualquier ocasi\u00f3n. La fragancia es a la vez dulce y especiada, con una excelente duraci\u00f3n gracias a su concentraci\u00f3n de Eau de Parfum. El frasco es elegante, con un acabado dorado y un dise\u00f1o sencillo pero sofisticado, que refleja la esencia de la fragancia.<\/span><\/p>\n<h3>Notas Olfativas<\/h3>\n<p>Desde su apertura, envuelve los sentidos con notas refrescantes de albahaca, cardamomo y menta, despertando una sensaci\u00f3n de vitalidad y energ\u00eda. A medida que se desarrolla, el coraz\u00f3n revela una armon\u00eda compleja de madreselva, lavanda, azafr\u00e1n, pimienta y jazm\u00edn, creando una atm\u00f3sfera c\u00e1lida y seductora. Finalmente, su estela se asienta en notas de s\u00e1ndalo, cedro, pachul\u00ed, almizcle y \u00e1mbar, que aportan profundidad y durabilidad al aroma.<\/p>\n<p style=\"font-weight: 400\">\n<p style=\"font-weight: 400\"><b><strong>Notas de salida:<\/strong><\/b> \u00a0Jazm\u00edn, Madreselva.<\/p>\n<p style=\"font-weight: 400\"><b><strong>Notas de coraz\u00f3n:<\/strong><\/b> \u00a0Lavanda, Azafr\u00e1n, Pimienta.<\/p>\n<p style=\"font-weight: 400\"><b><strong>Notas de fondo:<\/strong><\/b> \u00a0Menta, Cardamomo, Albahaca.<\/p>\n","protected":false},"excerpt":{"rendered":"<p>AMEER AL ARAB El perfume Ameer Al Arab se inspira en el arte de la seducci\u00f3n y el irresistible encuentro.<\/p>\n","protected":false},"featured_media":84924,"comment_status":"open","ping_status":"closed","template":"","meta":{"nf_dc_page":""},"product_brand":[108],"product_cat":[84],"product_tag":[586],"class_list":{"0":"post-84923","1":"product","2":"type-product","3":"status-publish","4":"has-post-thumbnail","6":"product_brand-asdaaf","7":"product_cat-perfumeria","8":"product_tag-586","10":"first","11":"instock","12":"sale","13":"shipping-taxable","14":"purchasable","15":"product-type-simple"},"_links":{"self":[{"href":"https:\/\/brandss.com.py\/index\/wp-json\/wp\/v2\/product\/84923","targetHints":{"allow":["GET"]}}],"collection":[{"href":"https:\/\/brandss.com.py\/index\/wp-json\/wp\/v2\/product"}],"about":[{"href":"https:\/\/brandss.com.py\/index\/wp-json\/wp\/v2\/types\/product"}],"replies":[{"embeddable":true,"href":"https:\/\/brandss.com.py\/index\/wp-json\/wp\/v2\/comments?post=84923"}],"version-history":[{"count":1,"href":"https:\/\/brandss.com.py\/index\/wp-json\/wp\/v2\/product\/84923\/revisions"}],"predecessor-version":[{"id":84929,"href":"https:\/\/brandss.com.py\/index\/wp-json\/wp\/v2\/product\/84923\/revisions\/84929"}],"wp:featuredmedia":[{"embeddable":true,"href":"https:\/\/brandss.com.py\/index\/wp-json\/wp\/v2\/media\/84924"}],"wp:attachment":[{"href":"https:\/\/brandss.com.py\/index\/wp-json\/wp\/v2\/media?parent=84923"}],"wp:term":[{"taxonomy":"product_brand","embeddable":true,"href":"https:\/\/brandss.com.py\/index\/wp-json\/wp\/v2\/product_brand?post=84923"},{"taxonomy":"product_cat","embeddable":true,"href":"https:\/\/brandss.com.py\/index\/wp-json\/wp\/v2\/product_cat?post=84923"},{"taxonomy":"product_tag","embeddable":true,"href":"https:\/\/brandss.com.py\/index\/wp-json\/wp\/v2\/product_tag?post=84923"}],"curies":[{"name":"wp","href":"https:\/\/api.w.org\/{rel}","templated":true}]}}