{"id":84949,"date":"2025-06-25T14:26:11","date_gmt":"2025-06-25T14:26:11","guid":{"rendered":"https:\/\/brandss.com.py\/index\/?post_type=product&#038;p=84949"},"modified":"2026-03-17T16:23:43","modified_gmt":"2026-03-17T16:23:43","slug":"perfume-unisex-lattafa-ramz-gold-edp-100ml","status":"publish","type":"product","link":"https:\/\/brandss.com.py\/index\/producto\/perfume-unisex-lattafa-ramz-gold-edp-100ml\/","title":{"rendered":"PERFUME UNISEX LATTAFA RAMZ GOLD EDP 100ML"},"content":{"rendered":"<p><img loading=\"lazy\" decoding=\"async\" class=\"\" src=\"https:\/\/myscentjourney.s3.us-east-2.amazonaws.com\/2022\/02\/14\/29KIascent_j_marca_1644871114_202.png\" alt=\"MSJ::LATTAFA\" width=\"72\" height=\"86\" \/><\/p>\n<h1>RAMZ GOLD<\/h1>\n<h5><em>Una lujosa mezcla de notas dulces y orientales<\/em><\/h5>\n<p>Es una exquisita fragancia que fusiona a la perfecci\u00f3n notas\u00a0frutales, florales y amaderadas , convirti\u00e9ndola en la fragancia perfecta para las personas modernas que buscan elegancia y seducci\u00f3n. Su composici\u00f3n oriental, dulce y especiada, est\u00e1 dise\u00f1ada para cautivar y dejar una huella imborrable. Ramz Gold,<span>\u00a0un equilibrio cuidadosamente elaborado de notas de salida frutales, coraz\u00f3n floral y base c\u00e1lida y cremosa, es una fragancia inolvidable dise\u00f1ada para hipnotizar y cautivar.<\/span><\/p>\n<div class=\"col-lg-4 col-sm-6 col-12 mb-lg-0 mb-3\">\n<div class=\"stands-out-content\">\n<div class=\"feature\"><strong>Fragancia duradera<\/strong><\/div>\n<div><\/div>\n<div class=\"description\">Lattafa Ramz Gold ofrece un aroma rico y duradero que te envuelve durante todo el d\u00eda, asegur\u00e1ndote de oler siempre divino sin reaplicaciones frecuentes, perfecto para estilos de vida ocupados.<\/div>\n<div><\/div>\n<\/div>\n<\/div>\n<div class=\"col-lg-4 col-sm-6 col-12 mb-lg-0 mb-3\">\n<div class=\"stands-out-content\">\n<div class=\"feature\"><strong>Apelaci\u00f3n unisex<\/strong><\/div>\n<div><\/div>\n<div class=\"description\">Esta fragancia est\u00e1 elaborada para todos, proporcionando un equilibrio perfecto de notas para todos los g\u00e9neros, lo que la convierte en una opci\u00f3n vers\u00e1til para cualquier ocasi\u00f3n.<\/div>\n<div><\/div>\n<\/div>\n<\/div>\n<div class=\"col-lg-4 col-sm-6 col-12 mb-lg-0 mb-3\">\n<div class=\"stands-out-content\">\n<div class=\"feature\"><strong>Embalaje Elegante<\/strong><\/div>\n<div><\/div>\n<div class=\"description\">Presentado en una lujosa botella, Ramz Gold no solo mejora su colecci\u00f3n de fragancias sino que tambi\u00e9n es un regalo impresionante, agregando un elemento de sofisticaci\u00f3n a su vanidad.<\/div>\n<\/div>\n<div><\/div>\n<h3>Notas Olfativas<\/h3>\n<div><span>El perfume Ramz Gold es un perfume oriental, dulce y especiado, para mujer y hombre. Su inicio es afrutado, con bergamota, manzana y pi\u00f1a. La nota de coraz\u00f3n, profunda y cremosa, se funde con las notas frutales. El s\u00e1ndalo, el pachul\u00ed, la madera de guayaco y el jazm\u00edn definen la fragancia. Una base profunda y cremosa de \u00e1mbar, almizcle, vainilla, oudh suave e ylang-ylang concluye el perfume. Una hermosa fragancia oriental gourmet que impacta con fuerza, ideal para la noche o para ocasiones festivas.<\/span><\/div>\n<div>\n<div><\/div>\n<\/div>\n<div><\/div>\n<div><strong><span>Notas de salida:<\/span><\/strong><span>\u00a0\u00a0bergamota\u00a0<\/span>, manzana y pi\u00f1a.<\/div>\n<div><strong><span>Notas de coraz\u00f3n:<\/span><\/strong><span>\u00a0\u00a0s\u00e1ndalo, madera de guayaco, jazm\u00edn y pachul\u00ed.<\/span><\/div>\n<div><strong><span>Notas de fondo:<\/span><\/strong><span>\u00a0\u00a0vainilla\u00a0<\/span>, \u00e1mbar, almizcle, oudh y ylang-ylang.<\/div>\n<\/div>\n","protected":false},"excerpt":{"rendered":"<p>RAMZ GOLD Una lujosa mezcla de notas dulces y orientales Es una exquisita fragancia que fusiona a la perfecci\u00f3n notas\u00a0frutales,<\/p>\n","protected":false},"featured_media":84950,"comment_status":"open","ping_status":"closed","template":"","meta":{"nf_dc_page":""},"product_brand":[109],"product_cat":[84],"product_tag":[681],"class_list":{"0":"post-84949","1":"product","2":"type-product","3":"status-publish","4":"has-post-thumbnail","6":"product_brand-lattafa","7":"product_cat-perfumeria","8":"product_tag-681","10":"first","11":"instock","12":"sale","13":"shipping-taxable","14":"purchasable","15":"product-type-simple"},"_links":{"self":[{"href":"https:\/\/brandss.com.py\/index\/wp-json\/wp\/v2\/product\/84949","targetHints":{"allow":["GET"]}}],"collection":[{"href":"https:\/\/brandss.com.py\/index\/wp-json\/wp\/v2\/product"}],"about":[{"href":"https:\/\/brandss.com.py\/index\/wp-json\/wp\/v2\/types\/product"}],"replies":[{"embeddable":true,"href":"https:\/\/brandss.com.py\/index\/wp-json\/wp\/v2\/comments?post=84949"}],"version-history":[{"count":1,"href":"https:\/\/brandss.com.py\/index\/wp-json\/wp\/v2\/product\/84949\/revisions"}],"predecessor-version":[{"id":84957,"href":"https:\/\/brandss.com.py\/index\/wp-json\/wp\/v2\/product\/84949\/revisions\/84957"}],"wp:featuredmedia":[{"embeddable":true,"href":"https:\/\/brandss.com.py\/index\/wp-json\/wp\/v2\/media\/84950"}],"wp:attachment":[{"href":"https:\/\/brandss.com.py\/index\/wp-json\/wp\/v2\/media?parent=84949"}],"wp:term":[{"taxonomy":"product_brand","embeddable":true,"href":"https:\/\/brandss.com.py\/index\/wp-json\/wp\/v2\/product_brand?post=84949"},{"taxonomy":"product_cat","embeddable":true,"href":"https:\/\/brandss.com.py\/index\/wp-json\/wp\/v2\/product_cat?post=84949"},{"taxonomy":"product_tag","embeddable":true,"href":"https:\/\/brandss.com.py\/index\/wp-json\/wp\/v2\/product_tag?post=84949"}],"curies":[{"name":"wp","href":"https:\/\/api.w.org\/{rel}","templated":true}]}}