{"id":84969,"date":"2025-06-25T17:07:34","date_gmt":"2025-06-25T17:07:34","guid":{"rendered":"https:\/\/brandss.com.py\/index\/?post_type=product&#038;p=84969"},"modified":"2026-03-17T17:38:29","modified_gmt":"2026-03-17T17:38:29","slug":"perfume-unisex-lattafa-maahir-black-edp-100ml","status":"publish","type":"product","link":"https:\/\/brandss.com.py\/index\/producto\/perfume-unisex-lattafa-maahir-black-edp-100ml\/","title":{"rendered":"PERFUME UNISEX LATTAFA MAAHIR BLACK EDP 100ML"},"content":{"rendered":"<p><img loading=\"lazy\" decoding=\"async\" class=\"\" src=\"https:\/\/myscentjourney.s3.us-east-2.amazonaws.com\/2022\/02\/14\/29KIascent_j_marca_1644871114_202.png\" alt=\"MSJ::LATTAFA\" width=\"101\" height=\"119\" \/><\/p>\n<h1>MAAHIR BLACK<\/h1>\n<p>\u00a1Maahir Black Edition es completamente negro! Se asemeja a un lugar negro lleno de humo, ese lugar que esconde los anhelos m\u00e1s oscuros. La oscuridad que rodea se renueva con remolinos de alquitr\u00e1n, brasas y cenizas. Un poco de luz hecha por un acorde ligeramente floral, terroso y dulz\u00f3n deja entrar la luz en su n\u00facleo. En la apertura, nos despierta una intrusi\u00f3n de pimientos mientras el azafr\u00e1n prepara una estela cori\u00e1cea. El coraz\u00f3n revela un ligero fondo de pino disimulado por el desarrollo de fuertes notas de cuero, humo, resinas y b\u00e1lsamos agridulces. Finalmente, la base revela por completo una nota de cuero oscuro hecha con alquitr\u00e1n de abedul y realzada con madera de gaiac alquitranada y almizcle animal. Es un perfume que te envuelve en un aura de misterio, elegancia y poder. Un perfume que te hace sentir como un maestro de tu destino, capaz de afrontar cualquier desaf\u00edo con confianza y determinaci\u00f3n. Olv\u00eddate de las reglas, los l\u00edmites y los obst\u00e1culos. Maahir Black Edition es perfecto para cualquier persona que no tenga miedo a destacar.<\/p>\n<p>Es una sinfon\u00eda fant\u00e1stica y fantasmal que acomoda las sombras y maldiciones.<\/p>\n<p>Cuanto m\u00e1s oscuros se vuelven, m\u00e1s ex\u00f3ticos y sensuales!!!.<\/p>\n<p>&nbsp;<\/p>\n<h3>Notas Olfativas<\/h3>\n<p>&nbsp;<\/p>\n<p><span>Lattafa Maahir Black Edition es una fragancia et\u00e9rea y amaderada que se abre con una fragancia energizante con notas de oud y almizcle. Esta fragancia es la mejor opci\u00f3n entre sus clones y est\u00e1 dise\u00f1ada para hombres y mujeres. Se lanz\u00f3 en 2019.<\/span><\/p>\n<p><strong><span>Notas de salida:<\/span>\u00a0<\/strong><span>\u00a0bergamota, romero y violeta.<\/span><strong><br \/>\n<span>Notas medias:<\/span><\/strong><span>\u00a0\u00a0incienso de kyara, ra\u00edz de lirio, mirra, \u00e1mbar, l\u00e1dano y vainilla.<\/span><strong><br \/>\n<span>Notas de fondo:\u00a0\u00a0<\/span><\/strong><span>madera de oud, humo, cuero, s\u00e1ndalo, pachul\u00ed y cedro.<\/span><\/p>\n","protected":false},"excerpt":{"rendered":"<p>MAAHIR BLACK \u00a1Maahir Black Edition es completamente negro! Se asemeja a un lugar negro lleno de humo, ese lugar que<\/p>\n","protected":false},"featured_media":84970,"comment_status":"open","ping_status":"closed","template":"","meta":{"nf_dc_page":""},"product_brand":[109],"product_cat":[84],"product_tag":[653],"class_list":{"0":"post-84969","1":"product","2":"type-product","3":"status-publish","4":"has-post-thumbnail","6":"product_brand-lattafa","7":"product_cat-perfumeria","8":"product_tag-653","10":"first","11":"instock","12":"sale","13":"shipping-taxable","14":"purchasable","15":"product-type-simple"},"_links":{"self":[{"href":"https:\/\/brandss.com.py\/index\/wp-json\/wp\/v2\/product\/84969","targetHints":{"allow":["GET"]}}],"collection":[{"href":"https:\/\/brandss.com.py\/index\/wp-json\/wp\/v2\/product"}],"about":[{"href":"https:\/\/brandss.com.py\/index\/wp-json\/wp\/v2\/types\/product"}],"replies":[{"embeddable":true,"href":"https:\/\/brandss.com.py\/index\/wp-json\/wp\/v2\/comments?post=84969"}],"version-history":[{"count":1,"href":"https:\/\/brandss.com.py\/index\/wp-json\/wp\/v2\/product\/84969\/revisions"}],"predecessor-version":[{"id":84978,"href":"https:\/\/brandss.com.py\/index\/wp-json\/wp\/v2\/product\/84969\/revisions\/84978"}],"wp:featuredmedia":[{"embeddable":true,"href":"https:\/\/brandss.com.py\/index\/wp-json\/wp\/v2\/media\/84970"}],"wp:attachment":[{"href":"https:\/\/brandss.com.py\/index\/wp-json\/wp\/v2\/media?parent=84969"}],"wp:term":[{"taxonomy":"product_brand","embeddable":true,"href":"https:\/\/brandss.com.py\/index\/wp-json\/wp\/v2\/product_brand?post=84969"},{"taxonomy":"product_cat","embeddable":true,"href":"https:\/\/brandss.com.py\/index\/wp-json\/wp\/v2\/product_cat?post=84969"},{"taxonomy":"product_tag","embeddable":true,"href":"https:\/\/brandss.com.py\/index\/wp-json\/wp\/v2\/product_tag?post=84969"}],"curies":[{"name":"wp","href":"https:\/\/api.w.org\/{rel}","templated":true}]}}