{"id":84986,"date":"2025-06-25T18:25:13","date_gmt":"2025-06-25T18:25:13","guid":{"rendered":"https:\/\/brandss.com.py\/index\/?post_type=product&#038;p=84986"},"modified":"2026-03-28T16:21:34","modified_gmt":"2026-03-28T16:21:34","slug":"perfume-unisex-lattafa-maahir-edp-100ml","status":"publish","type":"product","link":"https:\/\/brandss.com.py\/index\/producto\/perfume-unisex-lattafa-maahir-edp-100ml\/","title":{"rendered":"PERFUME UNISEX LATTAFA MAAHIR EDP 100ML"},"content":{"rendered":"<p><img loading=\"lazy\" decoding=\"async\" class=\"\" src=\"https:\/\/myscentjourney.s3.us-east-2.amazonaws.com\/2022\/02\/14\/29KIascent_j_marca_1644871114_202.png\" alt=\"MSJ::LATTAFA\" width=\"83\" height=\"98\" \/><\/p>\n<h1>MAAHIR<\/h1>\n<p>Fragancia unisex, audaz y poderosa que resalta la presencia y personalidad.<\/p>\n<div class=\"col-lg-4 col-sm-6 col-12 mb-lg-0 mb-3\">\n<div class=\"stands-out-content\">\n<h6 class=\"feature\">Fragancia duradera<\/h6>\n<div class=\"description\">Lattafa Maahir EDP ofrece un aroma duradero que dura todo el d\u00eda, asegurando que se mantenga fresco y atractivo desde la ma\u00f1ana hasta la noche, superando a muchas colonias est\u00e1ndar.<\/div>\n<\/div>\n<\/div>\n<div class=\"col-lg-4 col-sm-6 col-12 mb-lg-0 mb-3\">\n<div class=\"stands-out-content\">\n<h6 class=\"feature\">Mezcla sofisticada<\/h6>\n<div class=\"description\">Esta fragancia presenta una sofisticada mezcla de notas que proporcionan un aroma c\u00e1lido y atractivo, que atiende espec\u00edficamente a hombres que aprecian la elegancia y los aromas refinados.<\/div>\n<\/div>\n<\/div>\n<div class=\"col-lg-4 col-sm-6 col-12 mb-lg-0 mb-3\">\n<div class=\"stands-out-content\">\n<h6 class=\"feature\">Relaci\u00f3n calidad-precio<\/h6>\n<div class=\"description\">Con 3.4 oz, ofrece una calidad excepcional a un precio asequible, lo que lo convierte en una opci\u00f3n ideal para personas que buscan fragancias de primera calidad sin gastar demasiado.<\/div>\n<div><\/div>\n<h3>Notas Olfativas<\/h3>\n<div><\/div>\n<div>Maahir es una fragancia con gran personalidad, elegancia y clase. Con notas amaderadas y afrutadas con un toques cremoso de especias. Maahir\u00a0es una fragancia de la familia olfativa \u00c1mbar Floral para Hombres y Mujeres.\u00a0Maahir\u00a0se lanz\u00f3 en 2020.<\/div>\n<div><\/div>\n<div><strong>Notas de salida:<\/strong> bayas rojas, durazno (melocot\u00f3n) y bergamota.<\/div>\n<div><strong>Notas de coraz\u00f3n:<\/strong> jazm\u00edn, peon\u00eda y azucena roja.<\/div>\n<div><strong>Notas de fondo:<\/strong> s\u00e1ndalo, flor de vainilla y almizcle.<\/div>\n<\/div>\n<\/div>\n","protected":false},"excerpt":{"rendered":"<p>MAAHIR Fragancia unisex, audaz y poderosa que resalta la presencia y personalidad. Fragancia duradera Lattafa Maahir EDP ofrece un aroma<\/p>\n","protected":false},"featured_media":84987,"comment_status":"open","ping_status":"closed","template":"","meta":{"nf_dc_page":""},"product_brand":[],"product_cat":[84],"product_tag":[],"class_list":{"0":"post-84986","1":"product","2":"type-product","3":"status-publish","4":"has-post-thumbnail","6":"product_cat-perfumeria","8":"first","9":"outofstock","10":"shipping-taxable","11":"purchasable","12":"product-type-simple"},"_links":{"self":[{"href":"https:\/\/brandss.com.py\/index\/wp-json\/wp\/v2\/product\/84986","targetHints":{"allow":["GET"]}}],"collection":[{"href":"https:\/\/brandss.com.py\/index\/wp-json\/wp\/v2\/product"}],"about":[{"href":"https:\/\/brandss.com.py\/index\/wp-json\/wp\/v2\/types\/product"}],"replies":[{"embeddable":true,"href":"https:\/\/brandss.com.py\/index\/wp-json\/wp\/v2\/comments?post=84986"}],"version-history":[{"count":1,"href":"https:\/\/brandss.com.py\/index\/wp-json\/wp\/v2\/product\/84986\/revisions"}],"predecessor-version":[{"id":84992,"href":"https:\/\/brandss.com.py\/index\/wp-json\/wp\/v2\/product\/84986\/revisions\/84992"}],"wp:featuredmedia":[{"embeddable":true,"href":"https:\/\/brandss.com.py\/index\/wp-json\/wp\/v2\/media\/84987"}],"wp:attachment":[{"href":"https:\/\/brandss.com.py\/index\/wp-json\/wp\/v2\/media?parent=84986"}],"wp:term":[{"taxonomy":"product_brand","embeddable":true,"href":"https:\/\/brandss.com.py\/index\/wp-json\/wp\/v2\/product_brand?post=84986"},{"taxonomy":"product_cat","embeddable":true,"href":"https:\/\/brandss.com.py\/index\/wp-json\/wp\/v2\/product_cat?post=84986"},{"taxonomy":"product_tag","embeddable":true,"href":"https:\/\/brandss.com.py\/index\/wp-json\/wp\/v2\/product_tag?post=84986"}],"curies":[{"name":"wp","href":"https:\/\/api.w.org\/{rel}","templated":true}]}}