{"id":85016,"date":"2025-06-26T13:03:14","date_gmt":"2025-06-26T13:03:14","guid":{"rendered":"https:\/\/brandss.com.py\/index\/?post_type=product&#038;p=85016"},"modified":"2026-03-28T16:21:34","modified_gmt":"2026-03-28T16:21:34","slug":"perfume-unisex-lattafa-ana-abiyedh-poudree-edp-60ml","status":"publish","type":"product","link":"https:\/\/brandss.com.py\/index\/producto\/perfume-unisex-lattafa-ana-abiyedh-poudree-edp-60ml\/","title":{"rendered":"PERFUME UNISEX LATTAFA ANA ABIYEDH POUDREE EDP 60ML"},"content":{"rendered":"<p><img loading=\"lazy\" decoding=\"async\" class=\"\" src=\"https:\/\/myscentjourney.s3.us-east-2.amazonaws.com\/2022\/02\/14\/29KIascent_j_marca_1644871114_202.png\" alt=\"MSJ::LATTAFA\" width=\"70\" height=\"83\" \/><\/p>\n<h1>ANA ABIYEDH POUDREE<\/h1>\n<p><span>Descubre Ana Abiyedh Poudr\u00e9e, un perfume refinado y envolvente, perfecto para quienes aman las fragancias sofisticadas y aterciopeladas. Su salida es brillante y delicada, gracias a la frescura del lirio de los valles, realzada por un toque especiado de cilantro. En el coraz\u00f3n, el perfume se vuelve m\u00e1s envolvente con ambroxan, que le aporta profundidad y una elegancia moderna. El fondo libera una sensualidad irresistible con la cremosa dulzura de la vainilla y la envolvente calidez del almizcle, dejando una estela delicada y persistente.<\/span><\/p>\n<p><span>Perfecta para quienes buscan una fragancia vers\u00e1til, atalcada y envolvente, Ana Abiyedh Poudr\u00e9e es una esencia sofisticada que acaricia la piel con una elegancia atemporal. Ideal para cualquier ocasi\u00f3n, aporta un toque de encanto y refinamiento que no pasa desapercibido.<\/span><\/p>\n<h3>Notas Olfativas<\/h3>\n<p>Una fragancia suave, ligeramente dulce y polvorienta, llena de pureza y ternura: as\u00ed es Ana Abiyedh Poudree. El sensual aroma a rosas abre este concierto fragante, al que se unen los toques orientales y especiados de nagarmotha, con un burbujeante acorde de almizcle. Una ligera transici\u00f3n a lo terroso, con notas herbales de pachul\u00ed y azafr\u00e1n de fusi\u00f3n amarga, se deja acariciar por una deliciosa mousse de vainilla batida con cristales de caramelo. Las notas de miel, ocultas tras un \u00e1mbar aterciopelado con toques de aceite de oud, se complementan con la suave haba tonka, cuya vainilla lechosa se realza a\u00fan m\u00e1s con la adici\u00f3n de madera de guayaco.<\/p>\n<p><strong>Notas de salida:<\/strong> flor de azahar del naranjo, rosa y jazm\u00edn.<\/p>\n<p><strong>Nota de coraz\u00f3n:<\/strong> almizcle.<\/p>\n<p><strong>Notas de fondo:<\/strong> vainilla, haba tonka, cedro, vetiver y pachul\u00ed.<\/p>\n","protected":false},"excerpt":{"rendered":"<p>ANA ABIYEDH POUDREE Descubre Ana Abiyedh Poudr\u00e9e, un perfume refinado y envolvente, perfecto para quienes aman las fragancias sofisticadas y<\/p>\n","protected":false},"featured_media":85017,"comment_status":"open","ping_status":"closed","template":"","meta":{"nf_dc_page":""},"product_brand":[109],"product_cat":[84],"product_tag":[2210],"class_list":{"0":"post-85016","1":"product","2":"type-product","3":"status-publish","4":"has-post-thumbnail","6":"product_brand-lattafa","7":"product_cat-perfumeria","8":"product_tag-2210","10":"first","11":"outofstock","12":"shipping-taxable","13":"purchasable","14":"product-type-simple"},"_links":{"self":[{"href":"https:\/\/brandss.com.py\/index\/wp-json\/wp\/v2\/product\/85016","targetHints":{"allow":["GET"]}}],"collection":[{"href":"https:\/\/brandss.com.py\/index\/wp-json\/wp\/v2\/product"}],"about":[{"href":"https:\/\/brandss.com.py\/index\/wp-json\/wp\/v2\/types\/product"}],"replies":[{"embeddable":true,"href":"https:\/\/brandss.com.py\/index\/wp-json\/wp\/v2\/comments?post=85016"}],"version-history":[{"count":1,"href":"https:\/\/brandss.com.py\/index\/wp-json\/wp\/v2\/product\/85016\/revisions"}],"predecessor-version":[{"id":85024,"href":"https:\/\/brandss.com.py\/index\/wp-json\/wp\/v2\/product\/85016\/revisions\/85024"}],"wp:featuredmedia":[{"embeddable":true,"href":"https:\/\/brandss.com.py\/index\/wp-json\/wp\/v2\/media\/85017"}],"wp:attachment":[{"href":"https:\/\/brandss.com.py\/index\/wp-json\/wp\/v2\/media?parent=85016"}],"wp:term":[{"taxonomy":"product_brand","embeddable":true,"href":"https:\/\/brandss.com.py\/index\/wp-json\/wp\/v2\/product_brand?post=85016"},{"taxonomy":"product_cat","embeddable":true,"href":"https:\/\/brandss.com.py\/index\/wp-json\/wp\/v2\/product_cat?post=85016"},{"taxonomy":"product_tag","embeddable":true,"href":"https:\/\/brandss.com.py\/index\/wp-json\/wp\/v2\/product_tag?post=85016"}],"curies":[{"name":"wp","href":"https:\/\/api.w.org\/{rel}","templated":true}]}}