{"id":85025,"date":"2025-06-26T13:44:04","date_gmt":"2025-06-26T13:44:04","guid":{"rendered":"https:\/\/brandss.com.py\/index\/?post_type=product&#038;p=85025"},"modified":"2025-11-27T19:23:02","modified_gmt":"2025-11-27T19:23:02","slug":"perfume-masculino-asdaaf-fouad-edp-100ml","status":"publish","type":"product","link":"https:\/\/brandss.com.py\/index\/producto\/perfume-masculino-asdaaf-fouad-edp-100ml\/","title":{"rendered":"PERFUME MASCULINO ASDAAF FOUAD EDP 100ML"},"content":{"rendered":"<p><img loading=\"lazy\" decoding=\"async\" class=\"\" src=\"https:\/\/lujoperfume.com\/wp-content\/uploads\/2023\/07\/asdaaf-logo-Editado.png\" alt=\"Asdaaf perfumes | Perfumes y decants | Lujo Perfume\" width=\"87\" height=\"87\" \/><\/p>\n<h1>FOUAD<\/h1>\n<p>Es una fragancia masculina que destaca por su elegancia y efecto duradero. Creada para el hombre moderno, ofrece un aroma impactante que combina estilo y frescura en cada aplicaci\u00f3n. Su pr\u00e1ctico formato en spray facilita su uso diario con un toque de sofisticaci\u00f3n.<\/p>\n<p data-start=\"160\" data-end=\"489\">Fouad es una fragancia masculina intensa y sofisticada que destaca por su car\u00e1cter oriental moderno, ideal para hombres que desean dejar una impresi\u00f3n duradera y elegante. Este perfume combina notas c\u00e1lidas, amaderadas y especiadas que envuelven los sentidos con lujo y profundidad.<\/p>\n<p data-start=\"491\" data-end=\"553\"><strong data-start=\"499\" data-end=\"553\">Familia olfativa: Oriental &#8211; Amaderada &#8211; Especiada<\/strong><\/p>\n<h4 data-start=\"555\" data-end=\"582\"><strong data-start=\"562\" data-end=\"582\">Notas olfativas:<\/strong><\/h4>\n<ul data-start=\"584\" data-end=\"1024\">\n<li data-start=\"584\" data-end=\"728\">\n<p data-start=\"586\" data-end=\"728\"><strong data-start=\"586\" data-end=\"606\">Notas de salida:<\/strong> Azafr\u00e1n, lavanda, y bergamota.<\/p>\n<\/li>\n<li data-start=\"730\" data-end=\"864\">\n<p data-start=\"732\" data-end=\"864\"><strong data-start=\"732\" data-end=\"753\">Notas de coraz\u00f3n:<\/strong> Madera de oud, cedro del Atlas, \u00e1mbar.<\/p>\n<\/li>\n<li data-start=\"730\" data-end=\"864\">\n<p data-start=\"732\" data-end=\"864\"><strong data-start=\"868\" data-end=\"887\">Notas de fondo:<\/strong> Almizcle, pachul\u00ed, cuero y resinas.<\/p>\n<\/li>\n<\/ul>\n<h4 data-start=\"1026\" data-end=\"1065\"><strong data-start=\"1034\" data-end=\"1065\">Caracter\u00edsticas destacadas:<\/strong><\/h4>\n<ul data-start=\"1066\" data-end=\"1368\">\n<li data-start=\"1066\" data-end=\"1140\">\n<p data-start=\"1068\" data-end=\"1140\">Eau de Parfum (EDP): concentraci\u00f3n intensa para una fijaci\u00f3n duradera.<\/p>\n<\/li>\n<li data-start=\"1141\" data-end=\"1215\">\n<p data-start=\"1143\" data-end=\"1215\">Presentaci\u00f3n de lujo con frasco elegante en tonos grises y negro mate.<\/p>\n<\/li>\n<li data-start=\"1216\" data-end=\"1303\">\n<p data-start=\"1218\" data-end=\"1303\">Ideal para ocasiones especiales, eventos nocturnos o uso diario si buscas destacar.<\/p>\n<\/li>\n<li data-start=\"1304\" data-end=\"1368\">\n<p data-start=\"1306\" data-end=\"1368\">Perfume \u00e1rabe de autor que refleja fuerza, misterio y carisma.<\/p>\n<\/li>\n<\/ul>\n","protected":false},"excerpt":{"rendered":"<p>FOUAD Es una fragancia masculina que destaca por su elegancia y efecto duradero. Creada para el hombre moderno, ofrece un<\/p>\n","protected":false},"featured_media":85026,"comment_status":"open","ping_status":"closed","template":"","meta":{"nf_dc_page":""},"product_brand":[108],"product_cat":[84],"product_tag":[1532],"class_list":{"0":"post-85025","1":"product","2":"type-product","3":"status-publish","4":"has-post-thumbnail","6":"product_brand-asdaaf","7":"product_cat-perfumeria","8":"product_tag-1532","10":"first","11":"instock","12":"sale","13":"shipping-taxable","14":"purchasable","15":"product-type-simple"},"_links":{"self":[{"href":"https:\/\/brandss.com.py\/index\/wp-json\/wp\/v2\/product\/85025","targetHints":{"allow":["GET"]}}],"collection":[{"href":"https:\/\/brandss.com.py\/index\/wp-json\/wp\/v2\/product"}],"about":[{"href":"https:\/\/brandss.com.py\/index\/wp-json\/wp\/v2\/types\/product"}],"replies":[{"embeddable":true,"href":"https:\/\/brandss.com.py\/index\/wp-json\/wp\/v2\/comments?post=85025"}],"version-history":[{"count":1,"href":"https:\/\/brandss.com.py\/index\/wp-json\/wp\/v2\/product\/85025\/revisions"}],"predecessor-version":[{"id":85028,"href":"https:\/\/brandss.com.py\/index\/wp-json\/wp\/v2\/product\/85025\/revisions\/85028"}],"wp:featuredmedia":[{"embeddable":true,"href":"https:\/\/brandss.com.py\/index\/wp-json\/wp\/v2\/media\/85026"}],"wp:attachment":[{"href":"https:\/\/brandss.com.py\/index\/wp-json\/wp\/v2\/media?parent=85025"}],"wp:term":[{"taxonomy":"product_brand","embeddable":true,"href":"https:\/\/brandss.com.py\/index\/wp-json\/wp\/v2\/product_brand?post=85025"},{"taxonomy":"product_cat","embeddable":true,"href":"https:\/\/brandss.com.py\/index\/wp-json\/wp\/v2\/product_cat?post=85025"},{"taxonomy":"product_tag","embeddable":true,"href":"https:\/\/brandss.com.py\/index\/wp-json\/wp\/v2\/product_tag?post=85025"}],"curies":[{"name":"wp","href":"https:\/\/api.w.org\/{rel}","templated":true}]}}