{"id":85029,"date":"2025-06-26T14:35:50","date_gmt":"2025-06-26T14:35:50","guid":{"rendered":"https:\/\/brandss.com.py\/index\/?post_type=product&#038;p=85029"},"modified":"2025-07-04T16:45:41","modified_gmt":"2025-07-04T16:45:41","slug":"bruma-corporal-femenino-lattafa-yara-all-over-edp-150-ml","status":"publish","type":"product","link":"https:\/\/brandss.com.py\/index\/producto\/bruma-corporal-femenino-lattafa-yara-all-over-edp-150-ml\/","title":{"rendered":"BRUMA CORPORAL FEMENINO LATTAFA YARA ALL OVER EDP 150ML"},"content":{"rendered":"<p><img loading=\"lazy\" decoding=\"async\" class=\"\" src=\"https:\/\/myscentjourney.s3.us-east-2.amazonaws.com\/2022\/02\/14\/29KIascent_j_marca_1644871114_202.png\" alt=\"MSJ::LATTAFA\" width=\"108\" height=\"128\" \/><\/p>\n<h1>YARA ALL OVER<\/h1>\n<h4><em>El arte de perfumar todo el cuerpo: elevando tu ritual de fragancias<\/em><\/h4>\n<p>Lattafa Perfumes, sin\u00f3nimo de lujo accesible y cautivadores perfumes \u00e1rabes, presenta su \u00faltima propuesta: Yara All Over Spray en un generoso formato de 150 ml. No se trata solo de una versi\u00f3n m\u00e1s ligera del universalmente adorado Yara Eau de Parfum. Se trata de una bruma cuidadosamente elaborada, dise\u00f1ada para envolverte en su vibrante, dulce y tropical aura de pies a cabeza. Irradiar\u00e1s encanto con cada movimiento.<\/p>\n<p>Para quienes aprecian un aroma agradable pero buscan flexibilidad y frescura, la categor\u00eda &#8220;All Over Spray&#8221; es una revelaci\u00f3n. Inspirado en los \u00faltimos avances de la perfumer\u00eda moderna, este formato ofrece ventajas distintivas. Por ejemplo, lo convierte en una parte indispensable de su ritual diario:<\/p>\n<p><strong>Suave con la piel y el cabello<\/strong>:<\/p>\n<p>Formulado con una concentraci\u00f3n de alcohol t\u00edpicamente menor en comparaci\u00f3n con los EDP tradicionales. Esta bruma est\u00e1 dise\u00f1ada para ser excepcionalmente suave con la piel y el cabello. Ofrece un aroma sutil pero persistente sin resecar, dejando el cabello delicadamente perfumado.<\/p>\n<p><strong>Refrescante sin esfuerzo<\/strong>:<\/p>\n<p>Ya sea que necesites un r\u00e1pido rejuvenecimiento despu\u00e9s de entrenar, un delicioso refrescamiento al mediod\u00eda o un ligero retoque antes de una reuni\u00f3n improvisada, este espray de 150 ml ofrece una explosi\u00f3n de aroma vigorizante al instante.<\/p>\n<p><strong>El arte de la superposici\u00f3n<\/strong>:<\/p>\n<p>Act\u00faa como una exquisita capa base. Roc\u00edalo generosamente antes de aplicar tu Eau de Parfum Lattafa Yara para prolongar su duraci\u00f3n y profundidad. Por ejemplo, crea una burbuja arom\u00e1tica m\u00e1s intensa y duradera. Como alternativa, comb\u00ednalo con perfumes complementarios para crear tu aroma \u00fanico y personalizado.<\/p>\n<p><strong>Radiancia Difusa<\/strong>:<\/p>\n<p>La bruma ultrafina crea una hermosa y et\u00e9rea nube de aroma que se difunde sutilmente a tu alrededor. Esto resulta en una presencia arom\u00e1tica personal, siempre atractiva y seductora, sin resultar abrumadora.<\/p>\n<h2>Notas Olfativas<\/h2>\n<ul>\n<li><strong>Notas de salida:<\/strong>\u00a0orqu\u00eddea, heliotropo, mandarina.<\/li>\n<li><strong>Notas de coraz\u00f3n:<\/strong> acorde gourmand, frutas tropicales.<\/li>\n<li><strong>Notas de fondo:<\/strong>\u00a0vainilla, almizcle, s\u00e1ndalo.<\/li>\n<\/ul>\n","protected":false},"excerpt":{"rendered":"<p>YARA ALL OVER El arte de perfumar todo el cuerpo: elevando tu ritual de fragancias Lattafa Perfumes, sin\u00f3nimo de lujo<\/p>\n","protected":false},"featured_media":85030,"comment_status":"open","ping_status":"closed","template":"","meta":{"nf_dc_page":""},"product_brand":[],"product_cat":[84],"product_tag":[],"class_list":{"0":"post-85029","1":"product","2":"type-product","3":"status-publish","4":"has-post-thumbnail","6":"product_cat-perfumeria","8":"first","9":"outofstock","10":"shipping-taxable","11":"purchasable","12":"product-type-simple"},"_links":{"self":[{"href":"https:\/\/brandss.com.py\/index\/wp-json\/wp\/v2\/product\/85029","targetHints":{"allow":["GET"]}}],"collection":[{"href":"https:\/\/brandss.com.py\/index\/wp-json\/wp\/v2\/product"}],"about":[{"href":"https:\/\/brandss.com.py\/index\/wp-json\/wp\/v2\/types\/product"}],"replies":[{"embeddable":true,"href":"https:\/\/brandss.com.py\/index\/wp-json\/wp\/v2\/comments?post=85029"}],"version-history":[{"count":2,"href":"https:\/\/brandss.com.py\/index\/wp-json\/wp\/v2\/product\/85029\/revisions"}],"predecessor-version":[{"id":85063,"href":"https:\/\/brandss.com.py\/index\/wp-json\/wp\/v2\/product\/85029\/revisions\/85063"}],"wp:featuredmedia":[{"embeddable":true,"href":"https:\/\/brandss.com.py\/index\/wp-json\/wp\/v2\/media\/85030"}],"wp:attachment":[{"href":"https:\/\/brandss.com.py\/index\/wp-json\/wp\/v2\/media?parent=85029"}],"wp:term":[{"taxonomy":"product_brand","embeddable":true,"href":"https:\/\/brandss.com.py\/index\/wp-json\/wp\/v2\/product_brand?post=85029"},{"taxonomy":"product_cat","embeddable":true,"href":"https:\/\/brandss.com.py\/index\/wp-json\/wp\/v2\/product_cat?post=85029"},{"taxonomy":"product_tag","embeddable":true,"href":"https:\/\/brandss.com.py\/index\/wp-json\/wp\/v2\/product_tag?post=85029"}],"curies":[{"name":"wp","href":"https:\/\/api.w.org\/{rel}","templated":true}]}}