{"id":85041,"date":"2025-06-26T17:08:49","date_gmt":"2025-06-26T17:08:49","guid":{"rendered":"https:\/\/brandss.com.py\/index\/?post_type=product&#038;p=85041"},"modified":"2025-07-04T16:45:19","modified_gmt":"2025-07-04T16:45:19","slug":"bruma-corporal-femenino-lattafa-badee-al-oud-sublime-all-over-edp-150-ml","status":"publish","type":"product","link":"https:\/\/brandss.com.py\/index\/producto\/bruma-corporal-femenino-lattafa-badee-al-oud-sublime-all-over-edp-150-ml\/","title":{"rendered":"BRUMA CORPORAL FEMENINO LATTAFA BADEE AL OUD SUBLIME ALL OVER EDP 150ML"},"content":{"rendered":"<p><img loading=\"lazy\" decoding=\"async\" class=\"\" src=\"https:\/\/myscentjourney.s3.us-east-2.amazonaws.com\/2022\/02\/14\/29KIascent_j_marca_1644871114_202.png\" alt=\"MSJ::LATTAFA\" width=\"83\" height=\"99\" \/><\/p>\n<h1>BADEE AL OUD SUBLIME<\/h1>\n<h4><em>Una explosi\u00f3n de resplandor frutal para cada momento.<\/em><\/h4>\n<p>Lattafa Perfumes, sin\u00f3nimo de lujo accesible y cautivadores aromas \u00e1rabes, presenta su \u00faltima joya: Badee Al Oud Sublime All Over Spray en un generoso formato de 150 ml. No se trata solo de una versi\u00f3n m\u00e1s ligera del apreciado EDP; es una fragancia vers\u00e1til dise\u00f1ada para envolverte en el vibrante aura afrutada y floral de Sublime de pies a cabeza, perfecta para refrescar tu esp\u00edritu durante todo el d\u00eda.<\/p>\n<h5><em>El arte de perfumar todo el cuerpo: por qu\u00e9 este spray brilla<\/em><\/h5>\n<p>Para quienes aprecian un aroma presente y vers\u00e1til, el formato &#8220;All Over Spray&#8221; ofrece una ventaja \u00fanica. Inspirado en las \u00faltimas innovaciones en perfumer\u00eda, este spray est\u00e1 dise\u00f1ado para una aplicaci\u00f3n amplia y generosa, permitiendo una deliciosa explosi\u00f3n de aroma sin la intensidad de un Eau de Parfum tradicional.<\/p>\n<p><strong>Suave con la piel y el cabello<\/strong><\/p>\n<p>Formulado con un contenido de alcohol generalmente menor que los EDP, este espray est\u00e1 dise\u00f1ado para ser m\u00e1s delicado con la piel y el cabello. Deja, por ejemplo, un aroma sutil pero persistente sin resecar.<\/p>\n<p><strong>Refresco sin esfuerzo<\/strong><\/p>\n<p>Es el compa\u00f1ero perfecto para un energizante r\u00e1pido, ideal despu\u00e9s de entrenar, un largo viaje al trabajo o simplemente para revitalizar tus sentidos al mediod\u00eda.<\/p>\n<p><strong>El arte de las capas<\/strong><\/p>\n<p>\u00faselo como una capa base luminosa para realzar y prolongar la estela de su Bade&#8217;e Al Oud Sublime EDP, o incluso experimente combin\u00e1ndolo con fragancias complementarias para crear su propia firma olfativa \u00fanica.<\/p>\n<p><strong>Resplandor difuso<\/strong><\/p>\n<p>la fina niebla crea una hermosa y aireada nube de aroma, que ofrece una estela m\u00e1s difusa e \u00edntima que siempre es acogedora, nunca abrumadora.<\/p>\n<h2>Notas Olfativas<\/h2>\n<ul>\n<li><strong>Notas de salida<\/strong>\u00a0: Manzana, lichi, rosa.<\/li>\n<li><strong>Notas medias<\/strong>\u00a0: ciruela, jazm\u00edn.<\/li>\n<li><strong>Notas de fondo<\/strong> : musgo, vainilla, pachul\u00ed.<\/li>\n<\/ul>\n","protected":false},"excerpt":{"rendered":"<p>BADEE AL OUD SUBLIME Una explosi\u00f3n de resplandor frutal para cada momento. Lattafa Perfumes, sin\u00f3nimo de lujo accesible y cautivadores<\/p>\n","protected":false},"featured_media":85042,"comment_status":"open","ping_status":"closed","template":"","meta":{"nf_dc_page":""},"product_brand":[],"product_cat":[84],"product_tag":[],"class_list":{"0":"post-85041","1":"product","2":"type-product","3":"status-publish","4":"has-post-thumbnail","6":"product_cat-perfumeria","8":"first","9":"outofstock","10":"shipping-taxable","11":"purchasable","12":"product-type-simple"},"_links":{"self":[{"href":"https:\/\/brandss.com.py\/index\/wp-json\/wp\/v2\/product\/85041","targetHints":{"allow":["GET"]}}],"collection":[{"href":"https:\/\/brandss.com.py\/index\/wp-json\/wp\/v2\/product"}],"about":[{"href":"https:\/\/brandss.com.py\/index\/wp-json\/wp\/v2\/types\/product"}],"replies":[{"embeddable":true,"href":"https:\/\/brandss.com.py\/index\/wp-json\/wp\/v2\/comments?post=85041"}],"version-history":[{"count":2,"href":"https:\/\/brandss.com.py\/index\/wp-json\/wp\/v2\/product\/85041\/revisions"}],"predecessor-version":[{"id":85065,"href":"https:\/\/brandss.com.py\/index\/wp-json\/wp\/v2\/product\/85041\/revisions\/85065"}],"wp:featuredmedia":[{"embeddable":true,"href":"https:\/\/brandss.com.py\/index\/wp-json\/wp\/v2\/media\/85042"}],"wp:attachment":[{"href":"https:\/\/brandss.com.py\/index\/wp-json\/wp\/v2\/media?parent=85041"}],"wp:term":[{"taxonomy":"product_brand","embeddable":true,"href":"https:\/\/brandss.com.py\/index\/wp-json\/wp\/v2\/product_brand?post=85041"},{"taxonomy":"product_cat","embeddable":true,"href":"https:\/\/brandss.com.py\/index\/wp-json\/wp\/v2\/product_cat?post=85041"},{"taxonomy":"product_tag","embeddable":true,"href":"https:\/\/brandss.com.py\/index\/wp-json\/wp\/v2\/product_tag?post=85041"}],"curies":[{"name":"wp","href":"https:\/\/api.w.org\/{rel}","templated":true}]}}